{"id":13729,"date":"2020-04-28T17:07:04","date_gmt":"2020-04-28T17:07:04","guid":{"rendered":"http:\/\/bracaravinum.pt\/?post_type=product&#038;p=13729"},"modified":"2023-11-09T15:59:00","modified_gmt":"2023-11-09T15:59:00","slug":"quinta-do-carqueijal-tinto-2017-75cl","status":"publish","type":"product","link":"https:\/\/bracaravinum.pt\/it\/prodotto\/quinta-do-carqueijal-tinto-2017-75cl\/","title":{"rendered":"Quinta do Carqueijal Tinto 75cl"},"content":{"rendered":"<p>A Quinta Seara d\u2019Ordens \u00e9 uma empresa familiar que fica situada no vale do Douro, a 9 km do Peso da R\u00e9gua.<\/p>\n<p>A Quinta Seara d\u2019Ordens existe desde finais do s\u00e9culo XVIII e est\u00e1 situada no cora\u00e7\u00e3o do Douro a 9 kms de Peso da R\u00e9gua.<\/p>\n<p><span style=\"font-style: inherit; font-weight: inherit;\">A partir dos anos 60, Jo\u00e3o Leite Moreira, propriet\u00e1rio da Quinta, iniciou uma forte din\u00e2mica de moderniza\u00e7\u00e3o que viria a ser conclu\u00edda anos mais tarde pelos seus tr\u00eas filhos: Ant\u00f3nio, Jos\u00e9 e Fernando.<\/span><\/p>\n<p>Em 1988, os tr\u00eas irm\u00e3os, incentivados pelo seu pai, formaram a Sociedade Agr\u00edcola Quinta Seara d\u2019Ordens, abra\u00e7ando todo o projeto. Quatro anos mais tarde, deram in\u00edcio \u00e0 comercializa\u00e7\u00e3o de vinhos com marca pr\u00f3pria (1992).<\/p>\n<p>Atualmente, com 60ha de \u00e1rea e uma tradi\u00e7\u00e3o vitivin\u00edcola centen\u00e1ria, a Quinta possui uma localiza\u00e7\u00e3o privilegiada encontrando-se a uma altitude de meia encosta numa exposi\u00e7\u00e3o poente sul, condi\u00e7\u00f5es \u00f3ptimas para a produ\u00e7\u00e3o de uvas da mais alta qualidade.<\/p>\n<p>&nbsp;<\/p>","protected":false},"excerpt":{"rendered":"<p>Castas: Touriga Franca, Roriz e Barroca<\/p>\n<div class=\"wpb_text_column wpb_content_element\">\n<div class=\"wpb_wrapper\">\n<div class=\"wpb_text_column wpb_content_element\">\n<div class=\"wpb_wrapper\">\n<div class=\"wpb_text_column wpb_content_element\">\n<div class=\"wpb_wrapper\">\n<p>\u00c9 um vinho equilibrado, maduro, espec\u00edfico do \u201cTerroir\u201d do Douro, prev\u00ea-se um envelhecimento positivo na garrafa durante cerca de 4 a 5 anos ap\u00f3s o engarrafamento.<\/p>\n<\/div>\n<\/div>\n<div class=\"vc_icon_element vc_icon_element-outer vc_custom_1519129610779 vc_icon_element-align-left\"><\/div>\n<div class=\"wpb_text_column wpb_content_element\">\n<div class=\"wpb_wrapper\">\n<p>De cor rubi, o Carqueijal Tinto \u00e9 um vinho do Douro que apresenta aromas a fruto limpo e vivo. Na boca, revela-se elegante e com final frutado.<\/p>\n<\/div>\n<\/div>\n<div class=\"vc_icon_element vc_icon_element-outer vc_custom_1519129001714 vc_icon_element-align-left\"><\/div>\n<div class=\"wpb_text_column wpb_content_element\">\n<div class=\"wpb_wrapper\">\n<p>Carnes e peixes grelhados, entre outros.<\/p>\n<\/div>\n<\/div>\n<\/div>\n<\/div>\n<\/div>\n<\/div>","protected":false},"featured_media":4450,"template":"","meta":{"_exactmetrics_skip_tracking":false,"_exactmetrics_sitenote_active":false,"_exactmetrics_sitenote_note":"","_exactmetrics_sitenote_category":0,"_uf_show_specific_survey":0,"_uf_disable_surveys":false,"iawp_total_views":7},"product_brand":[],"product_cat":[157,184,215],"product_tag":[],"class_list":{"0":"post-13729","1":"product","2":"type-product","3":"status-publish","4":"has-post-thumbnail","6":"product_cat-vinhos","7":"product_cat-tinto","8":"product_cat-douro","10":"first","11":"instock","12":"shipping-taxable","13":"purchasable","14":"product-type-simple"},"_links":{"self":[{"href":"https:\/\/bracaravinum.pt\/it\/wp-json\/wp\/v2\/product\/13729","targetHints":{"allow":["GET"]}}],"collection":[{"href":"https:\/\/bracaravinum.pt\/it\/wp-json\/wp\/v2\/product"}],"about":[{"href":"https:\/\/bracaravinum.pt\/it\/wp-json\/wp\/v2\/types\/product"}],"wp:featuredmedia":[{"embeddable":true,"href":"https:\/\/bracaravinum.pt\/it\/wp-json\/wp\/v2\/media\/4450"}],"wp:attachment":[{"href":"https:\/\/bracaravinum.pt\/it\/wp-json\/wp\/v2\/media?parent=13729"}],"wp:term":[{"taxonomy":"product_brand","embeddable":true,"href":"https:\/\/bracaravinum.pt\/it\/wp-json\/wp\/v2\/product_brand?post=13729"},{"taxonomy":"product_cat","embeddable":true,"href":"https:\/\/bracaravinum.pt\/it\/wp-json\/wp\/v2\/product_cat?post=13729"},{"taxonomy":"product_tag","embeddable":true,"href":"https:\/\/bracaravinum.pt\/it\/wp-json\/wp\/v2\/product_tag?post=13729"}],"curies":[{"name":"wp","href":"https:\/\/api.w.org\/{rel}","templated":true}]}}