{"id":13618,"date":"2020-04-23T11:15:25","date_gmt":"2020-04-23T11:15:25","guid":{"rendered":"http:\/\/bracaravinum.pt\/?post_type=product&#038;p=13618"},"modified":"2022-02-04T12:48:14","modified_gmt":"2022-02-04T12:48:14","slug":"morphosis-tinto-2017-75cl","status":"publish","type":"product","link":"https:\/\/bracaravinum.pt\/it\/prodotto\/morphosis-tinto-2017-75cl\/","title":{"rendered":"Morphosis Tinto 75cl"},"content":{"rendered":"<p><img decoding=\"async\" class=\"size-medium wp-image-15158 aligncenter\" src=\"http:\/\/bracaravinum.pt\/wp-content\/uploads\/2021\/11\/morphosis-logo-300x111.png\" alt=\"\" width=\"300\" height=\"111\" srcset=\"https:\/\/bracaravinum.pt\/wp-content\/uploads\/2021\/11\/morphosis-logo-300x111.png 300w, https:\/\/bracaravinum.pt\/wp-content\/uploads\/2021\/11\/morphosis-logo.png 369w\" sizes=\"(max-width: 300px) 100vw, 300px\" \/><\/p>\n<p>Tendo como heran\u00e7a o\u00a0ADN, o projecto teve in\u00edcio em 2013, sem terra, sem adega, mas com alma duriense. O vinho \u00e9 elaborado com uvas da vinha do Sr. Rui e vinificado na adega do Sr. Manuel.<\/p>\n<p>A produtora Patr\u00edcia de Magalh\u00e3es, nasceu no Porto, em 1981, tendo-se licenciado em Engenharia das Ci\u00eancias Agr\u00e1rias, pela FCUP. No in\u00edcio do seu percurso profissional, a sua experi\u00eancia passou por duas regi\u00f5es vitivin\u00edcolas, Vinhos Verdes e D\u00e3o, onde desempenhou fun\u00e7\u00f5es de directora de produ\u00e7\u00e3o, orientada pelo en\u00f3logo consultor Anselmo Mendes. No presente, \u00e9 consultora nas regi\u00f5es dos Vinhos Verdes e Douro.<\/p>","protected":false},"excerpt":{"rendered":"<p>CASTAS: Vinhas velhas<\/p>\n<p>Cor roxa densa. Notas florais finas e delicadas com frutas maduras exuberantes. Volume not\u00e1vel na boca. Os taninos mostram-se finos e polidos, com a presen\u00e7a da casta bem equilibrada.<\/p>\n<p>Este vinho acompanha finamente carnes vermelhas, rosbife e grelhados.<\/p>","protected":false},"featured_media":4162,"template":"","meta":{"_exactmetrics_skip_tracking":false,"_exactmetrics_sitenote_active":false,"_exactmetrics_sitenote_note":"","_exactmetrics_sitenote_category":0,"_uf_show_specific_survey":0,"_uf_disable_surveys":false,"iawp_total_views":22},"product_brand":[],"product_cat":[157,184,215],"product_tag":[],"class_list":{"0":"post-13618","1":"product","2":"type-product","3":"status-publish","4":"has-post-thumbnail","6":"product_cat-vinhos","7":"product_cat-tinto","8":"product_cat-douro","10":"first","11":"instock","12":"shipping-taxable","13":"purchasable","14":"product-type-simple"},"_links":{"self":[{"href":"https:\/\/bracaravinum.pt\/it\/wp-json\/wp\/v2\/product\/13618","targetHints":{"allow":["GET"]}}],"collection":[{"href":"https:\/\/bracaravinum.pt\/it\/wp-json\/wp\/v2\/product"}],"about":[{"href":"https:\/\/bracaravinum.pt\/it\/wp-json\/wp\/v2\/types\/product"}],"wp:featuredmedia":[{"embeddable":true,"href":"https:\/\/bracaravinum.pt\/it\/wp-json\/wp\/v2\/media\/4162"}],"wp:attachment":[{"href":"https:\/\/bracaravinum.pt\/it\/wp-json\/wp\/v2\/media?parent=13618"}],"wp:term":[{"taxonomy":"product_brand","embeddable":true,"href":"https:\/\/bracaravinum.pt\/it\/wp-json\/wp\/v2\/product_brand?post=13618"},{"taxonomy":"product_cat","embeddable":true,"href":"https:\/\/bracaravinum.pt\/it\/wp-json\/wp\/v2\/product_cat?post=13618"},{"taxonomy":"product_tag","embeddable":true,"href":"https:\/\/bracaravinum.pt\/it\/wp-json\/wp\/v2\/product_tag?post=13618"}],"curies":[{"name":"wp","href":"https:\/\/api.w.org\/{rel}","templated":true}]}}