{"id":13542,"date":"2020-04-21T21:23:26","date_gmt":"2020-04-21T21:23:26","guid":{"rendered":"http:\/\/bracaravinum.pt\/?post_type=product&#038;p=13542"},"modified":"2022-11-11T16:44:20","modified_gmt":"2022-11-11T16:44:20","slug":"gin-69-brosses-classica-70cl","status":"publish","type":"product","link":"https:\/\/bracaravinum.pt\/it\/prodotto\/gin-69-brosses-classica-70cl\/","title":{"rendered":"Gin 69 Brosses Classica 70cl"},"content":{"rendered":"","protected":false},"excerpt":{"rendered":"<p><img decoding=\"async\" class=\"alignnone size-full wp-image-3552\" src=\"https:\/\/bracaravinum.pt\/wp-content\/uploads\/2020\/04\/espanha.png\" alt=\"\" width=\"70\" height=\"40\" \/>Origine Spagna<\/p>\n<p>9 cl\u00e1ssica Brosses falar \u00e9 falar de gin em seu estado original.\u00a0Originalidade sabor, composi\u00e7\u00e3o, aroma. Com o desenvolvimento do nosso gin, tentamos prestar homenagem \u00e0 bebida alco\u00f3lica por excel\u00eancia, s\u00e9culo ap\u00f3s s\u00e9culo, feita com ingredientes naturais como ela.<\/p>\n<p>Cor clara, aromas de zimbro, frescos e arom\u00e1ticos. Boca Sabor selvagem de amora, um toque agrad\u00e1vel e fresco.<\/p>","protected":false},"featured_media":3948,"template":"","meta":{"_exactmetrics_skip_tracking":false,"_exactmetrics_sitenote_active":false,"_exactmetrics_sitenote_note":"","_exactmetrics_sitenote_category":0,"_uf_show_specific_survey":0,"_uf_disable_surveys":false,"iawp_total_views":5},"product_brand":[],"product_cat":[158,183],"product_tag":[],"class_list":{"0":"post-13542","1":"product","2":"type-product","3":"status-publish","4":"has-post-thumbnail","6":"product_cat-espirituosos","7":"product_cat-gin","9":"first","10":"outofstock","11":"shipping-taxable","12":"purchasable","13":"product-type-simple"},"_links":{"self":[{"href":"https:\/\/bracaravinum.pt\/it\/wp-json\/wp\/v2\/product\/13542","targetHints":{"allow":["GET"]}}],"collection":[{"href":"https:\/\/bracaravinum.pt\/it\/wp-json\/wp\/v2\/product"}],"about":[{"href":"https:\/\/bracaravinum.pt\/it\/wp-json\/wp\/v2\/types\/product"}],"wp:featuredmedia":[{"embeddable":true,"href":"https:\/\/bracaravinum.pt\/it\/wp-json\/wp\/v2\/media\/3948"}],"wp:attachment":[{"href":"https:\/\/bracaravinum.pt\/it\/wp-json\/wp\/v2\/media?parent=13542"}],"wp:term":[{"taxonomy":"product_brand","embeddable":true,"href":"https:\/\/bracaravinum.pt\/it\/wp-json\/wp\/v2\/product_brand?post=13542"},{"taxonomy":"product_cat","embeddable":true,"href":"https:\/\/bracaravinum.pt\/it\/wp-json\/wp\/v2\/product_cat?post=13542"},{"taxonomy":"product_tag","embeddable":true,"href":"https:\/\/bracaravinum.pt\/it\/wp-json\/wp\/v2\/product_tag?post=13542"}],"curies":[{"name":"wp","href":"https:\/\/api.w.org\/{rel}","templated":true}]}}