{"id":13526,"date":"2020-04-21T10:44:00","date_gmt":"2020-04-21T10:44:00","guid":{"rendered":"http:\/\/bracaravinum.pt\/?post_type=product&#038;p=13526"},"modified":"2022-01-22T16:29:47","modified_gmt":"2022-01-22T16:29:47","slug":"clama-reserva-tinto-2014-magnum-15l","status":"publish","type":"product","link":"https:\/\/bracaravinum.pt\/it\/prodotto\/clama-reserva-tinto-2014-magnum-15l\/","title":{"rendered":"Clama Reserva Tinto 2014 Magnum 1,5L"},"content":{"rendered":"","protected":false},"excerpt":{"rendered":"<p>CLAMA RESERVA \u00e9 um vinho de cor rubi fechada, muito elegante e exuberante, de aromas frescos e florais, t\u00edpicos de Touriga Nacional, complexados com touriga Franca para dar um toque de compota de frutos silvestres e vermelhos, enobrecidos com um est\u00e1gio em carvalho allier gr\u00e3o fino onde foi aveludar e encontrar aromas suaves de chocolate e especiarias. \u00c9 um vinho denso, mas ao mesmo tempo elegante, macio e persistente num conjunto que CLAMA por si e por boa companhia.<\/p>\n<p>Ideal para pratos de carnes e ca\u00e7a, queijos, comida t\u00edpica portuguesa e comida mediterr\u00e2nica.<\/p>","protected":false},"featured_media":547,"template":"","meta":{"_exactmetrics_skip_tracking":false,"_exactmetrics_sitenote_active":false,"_exactmetrics_sitenote_note":"","_exactmetrics_sitenote_category":0,"_uf_show_specific_survey":0,"_uf_disable_surveys":false,"iawp_total_views":11},"product_brand":[],"product_cat":[157,184,215],"product_tag":[],"class_list":{"0":"post-13526","1":"product","2":"type-product","3":"status-publish","4":"has-post-thumbnail","6":"product_cat-vinhos","7":"product_cat-tinto","8":"product_cat-douro","10":"first","11":"instock","12":"shipping-taxable","13":"purchasable","14":"product-type-simple"},"_links":{"self":[{"href":"https:\/\/bracaravinum.pt\/it\/wp-json\/wp\/v2\/product\/13526","targetHints":{"allow":["GET"]}}],"collection":[{"href":"https:\/\/bracaravinum.pt\/it\/wp-json\/wp\/v2\/product"}],"about":[{"href":"https:\/\/bracaravinum.pt\/it\/wp-json\/wp\/v2\/types\/product"}],"wp:featuredmedia":[{"embeddable":true,"href":"https:\/\/bracaravinum.pt\/it\/wp-json\/wp\/v2\/media\/547"}],"wp:attachment":[{"href":"https:\/\/bracaravinum.pt\/it\/wp-json\/wp\/v2\/media?parent=13526"}],"wp:term":[{"taxonomy":"product_brand","embeddable":true,"href":"https:\/\/bracaravinum.pt\/it\/wp-json\/wp\/v2\/product_brand?post=13526"},{"taxonomy":"product_cat","embeddable":true,"href":"https:\/\/bracaravinum.pt\/it\/wp-json\/wp\/v2\/product_cat?post=13526"},{"taxonomy":"product_tag","embeddable":true,"href":"https:\/\/bracaravinum.pt\/it\/wp-json\/wp\/v2\/product_tag?post=13526"}],"curies":[{"name":"wp","href":"https:\/\/api.w.org\/{rel}","templated":true}]}}