{"id":13324,"date":"2020-04-13T11:19:03","date_gmt":"2020-04-13T11:19:03","guid":{"rendered":"http:\/\/bracaravinum.pt\/?post_type=product&#038;p=13324"},"modified":"2025-12-06T17:41:26","modified_gmt":"2025-12-06T17:41:26","slug":"pacheca-vale-de-abraao-tinto-2016-75cl","status":"publish","type":"product","link":"https:\/\/bracaravinum.pt\/it\/prodotto\/pacheca-vale-de-abraao-tinto-2016-75cl\/","title":{"rendered":"Pacheca Vale de Abra\u00e3o Tinto 2019 75cl"},"content":{"rendered":"<p><img decoding=\"async\" class=\"size-full wp-image-15359 aligncenter\" src=\"http:\/\/bracaravinum.pt\/wp-content\/uploads\/2022\/02\/pacheca-logo.jpg\" alt=\"\" width=\"295\" height=\"134\" \/><\/p>\n<p>Quinta da Pacheca, una delle aziende agricole pi\u00f9 conosciute della regione del Douro, \u00e8 stata anche una delle prime propriet\u00e0 a imbottigliare vino con il proprio marchio. Viene menzionato per la prima volta in un documento dell&#039;aprile 1738, dove viene indicato come \u201cPacheca\u201d, poich\u00e9 \u00e8 di propriet\u00e0 di D. Mariana Pacheco Pereira. Ma fu solo nel 1903, quando D. Jos\u00e9 Freire de Serpa Pimentel decise di sviluppare il suo interesse per l&#039;enologia, che acquist\u00f2 la fattoria e inizi\u00f2 a dedicarsi seriamente alla rischiosa attivit\u00e0 della vinificazione. Oggi, un secolo e tanti successi dopo, una nuova generazione della famiglia Serpa Pimentel.<\/p>","protected":false},"excerpt":{"rendered":"<p>Uve: Touriga Franca e Touriga Nacional di Quinta de Vale de Abra\u00e3o, vigneti nella valle del fiume Pinh\u00e3o e vigneti nella Vale da Vilari\u00e7a.<\/p>\n<p>E&#039; un vino dal colore viola intenso. Il profumo \u00e8 molto fruttato, con evidenti note di frutta nera matura, come mirtilli e ribes nero, pur essendo fresco con note orali. In bocca \u00e8 concentrato, grasso, con tannini presenti, note di cioccolato e freschezza implicita. Finale lungo e molto persistente.<\/p>\n<p>Invecchiamento: Barriques nuove di rovere francese per 18 mesi.<\/p>","protected":false},"featured_media":3199,"template":"","meta":{"_exactmetrics_skip_tracking":false,"_exactmetrics_sitenote_active":false,"_exactmetrics_sitenote_note":"","_exactmetrics_sitenote_category":0,"_uf_show_specific_survey":0,"_uf_disable_surveys":false,"iawp_total_views":31},"product_brand":[],"product_cat":[215,201,184,157],"product_tag":[],"class_list":{"0":"post-13324","1":"product","2":"type-product","3":"status-publish","4":"has-post-thumbnail","6":"product_cat-douro","7":"product_cat-grandes-vinhos","8":"product_cat-tinto","9":"product_cat-vinhos","11":"first","12":"instock","13":"shipping-taxable","14":"purchasable","15":"product-type-simple"},"_links":{"self":[{"href":"https:\/\/bracaravinum.pt\/it\/wp-json\/wp\/v2\/product\/13324","targetHints":{"allow":["GET"]}}],"collection":[{"href":"https:\/\/bracaravinum.pt\/it\/wp-json\/wp\/v2\/product"}],"about":[{"href":"https:\/\/bracaravinum.pt\/it\/wp-json\/wp\/v2\/types\/product"}],"wp:featuredmedia":[{"embeddable":true,"href":"https:\/\/bracaravinum.pt\/it\/wp-json\/wp\/v2\/media\/3199"}],"wp:attachment":[{"href":"https:\/\/bracaravinum.pt\/it\/wp-json\/wp\/v2\/media?parent=13324"}],"wp:term":[{"taxonomy":"product_brand","embeddable":true,"href":"https:\/\/bracaravinum.pt\/it\/wp-json\/wp\/v2\/product_brand?post=13324"},{"taxonomy":"product_cat","embeddable":true,"href":"https:\/\/bracaravinum.pt\/it\/wp-json\/wp\/v2\/product_cat?post=13324"},{"taxonomy":"product_tag","embeddable":true,"href":"https:\/\/bracaravinum.pt\/it\/wp-json\/wp\/v2\/product_tag?post=13324"}],"curies":[{"name":"wp","href":"https:\/\/api.w.org\/{rel}","templated":true}]}}