{"id":13157,"date":"2020-04-06T11:07:27","date_gmt":"2020-04-06T11:07:27","guid":{"rendered":"http:\/\/bracaravinum.pt\/?post_type=product&#038;p=13157"},"modified":"2023-07-31T11:58:22","modified_gmt":"2023-07-31T11:58:22","slug":"vale-da-mata-tinto-75cl","status":"publish","type":"product","link":"https:\/\/bracaravinum.pt\/it\/produto\/vale-da-mata-tinto-75cl\/","title":{"rendered":"Vale da Mata Rosso 2009 75cl"},"content":{"rendered":"<p>88 pts. \u201cWine Enthusiast \u2013 Buying Guide\u201d Junho 2014 \u2013 Colheita 2010<\/p>\n<p>89 pts. \u201cRobert Parker\u201d \u2013 Colheita 2010<\/p>\n<p>16.5 pts. Julia Harding | Jancis Robinson \u2013 Colheita 2010<\/p>","protected":false},"excerpt":{"rendered":"<p>O \u201cVale da Mata\u201d Tinto \u00e9 um vinho aut\u00eantico que revela de forma \u00fanica o\u00a0<em>terroir<\/em>\u00a0da regi\u00e3o, marcado pela frescura e mineralidade do Oceano Atl\u00e2ntico.<\/p>","protected":false},"featured_media":9695,"template":"","meta":{"_exactmetrics_skip_tracking":false,"_exactmetrics_sitenote_active":false,"_exactmetrics_sitenote_note":"","_exactmetrics_sitenote_category":0,"_uf_show_specific_survey":0,"_uf_disable_surveys":false,"iawp_total_views":20},"product_brand":[],"product_cat":[210,162,184,157],"product_tag":[],"class_list":{"0":"post-13157","1":"product","2":"type-product","3":"status-publish","4":"has-post-thumbnail","6":"product_cat-lisboa","7":"product_cat-raridades","8":"product_cat-tinto","9":"product_cat-vinhos","11":"first","12":"instock","13":"shipping-taxable","14":"purchasable","15":"product-type-simple"},"_links":{"self":[{"href":"https:\/\/bracaravinum.pt\/it\/wp-json\/wp\/v2\/product\/13157","targetHints":{"allow":["GET"]}}],"collection":[{"href":"https:\/\/bracaravinum.pt\/it\/wp-json\/wp\/v2\/product"}],"about":[{"href":"https:\/\/bracaravinum.pt\/it\/wp-json\/wp\/v2\/types\/product"}],"wp:featuredmedia":[{"embeddable":true,"href":"https:\/\/bracaravinum.pt\/it\/wp-json\/wp\/v2\/media\/9695"}],"wp:attachment":[{"href":"https:\/\/bracaravinum.pt\/it\/wp-json\/wp\/v2\/media?parent=13157"}],"wp:term":[{"taxonomy":"product_brand","embeddable":true,"href":"https:\/\/bracaravinum.pt\/it\/wp-json\/wp\/v2\/product_brand?post=13157"},{"taxonomy":"product_cat","embeddable":true,"href":"https:\/\/bracaravinum.pt\/it\/wp-json\/wp\/v2\/product_cat?post=13157"},{"taxonomy":"product_tag","embeddable":true,"href":"https:\/\/bracaravinum.pt\/it\/wp-json\/wp\/v2\/product_tag?post=13157"}],"curies":[{"name":"wp","href":"https:\/\/api.w.org\/{rel}","templated":true}]}}