{"id":13116,"date":"2020-04-05T12:45:09","date_gmt":"2020-04-05T12:45:09","guid":{"rendered":"http:\/\/bracaravinum.pt\/?post_type=product&#038;p=13116"},"modified":"2025-10-07T11:28:31","modified_gmt":"2025-10-07T11:28:31","slug":"amma-tinto-2020-75cl","status":"publish","type":"product","link":"https:\/\/bracaravinum.pt\/it\/prodotto\/amma-tinto-2020-75cl\/","title":{"rendered":"Herdade do Arrepiado Velho Amma Tinto 2020 75cl"},"content":{"rendered":"<p><img fetchpriority=\"high\" decoding=\"async\" class=\"size-medium wp-image-15183 aligncenter\" src=\"http:\/\/bracaravinum.pt\/wp-content\/uploads\/2022\/02\/arrepiado-velho-logo-241x300.png\" alt=\"\" width=\"241\" height=\"300\" srcset=\"https:\/\/bracaravinum.pt\/wp-content\/uploads\/2022\/02\/arrepiado-velho-logo-241x300.png 241w, https:\/\/bracaravinum.pt\/wp-content\/uploads\/2022\/02\/arrepiado-velho-logo.png 400w\" sizes=\"(max-width: 241px) 100vw, 241px\" \/><\/p>\n<p>Herdade do Arrepiado Velho si trova a Sousel, a circa 40 km da Portalegre, nell&#039;Alto Alentejo. Nel 2001 \u00e8 rinato uno spazio abbandonato da tempo. La collina dell&#039;Alentejo del XVII secolo. XIX fu ricostruito secondo l&#039;architettura tradizionale della regione, magnificamente conservata, ricca di spazi di rara bellezza. Con una superficie totale di circa 100 ettari, la diga si staglia tra vigneti e uliveti, in un mix di colori e tranquillit\u00e0, come solo l&#039;Alentejo offre.<\/p>\n<p>Nel 2002 sono stati impiantati ex novo 33 ettari di vigneto, in un terroir che combina, in modo raro, terreni scistosi con pendii ripidi con temperature miti e abbondanza di acqua, caratteristiche naturali che indicano un grande potenziale. David Both (viticoltore) e Ant\u00f3nio Ma\u00e7anita (enologo) hanno unito le loro conoscenze, innovazione e dedizione, hanno selezionato i vitigni e hanno creato l&#039;ormai soprannominato &quot;Vinha dos 100 punti&quot;. Dal 2012 in poi, il vigneto \u00e8 stato rilevato da Nuno Ramalho, attuale viticoltore. Nei rossi, Touriga Nacional, Syrah, Petit Verdot e Cabernet Sauvignon e nei bianchi, Ant\u00e3o Vaz, Chardonnay, Riesling, Viognier e Verdelho.<\/p>\n<p>Responsabile del progetto \u00e8 Ant\u00f3nio Antunes, responsabile della produzione di vini unici e seducenti, che nascono dall&#039;enologia moderna unita alla tradizione e Marta Neto, responsabile del marketing e del design audace ed elegante. Insieme abbattono le barriere e le idee preconfezionate, producendo vini fuori dagli schemi ma sempre con la qualit\u00e0 in prima linea nelle loro ambizioni.<\/p>","protected":false},"excerpt":{"rendered":"<p>Castas: Cabernet Sauvignon, Petit Verdot<\/p>\n<p>Cor violeta escuro concentrada. Nariz quente, concentrado e intenso, notas de amoras e mirtilos esmagados, com toque floral e aroma subtil de am\u00eandoas tostadas da barrica. Na boca o ataque \u00e9 cheio, no meio de prova \u00e9 encorpado com taninos firmes e muito maduros. Possui uma boa acidez e o final de boca prolonga-se indefinidamente.<\/p>","protected":false},"featured_media":2586,"template":"","meta":{"_exactmetrics_skip_tracking":false,"_exactmetrics_sitenote_active":false,"_exactmetrics_sitenote_note":"","_exactmetrics_sitenote_category":0,"_uf_show_specific_survey":0,"_uf_disable_surveys":false,"iawp_total_views":88},"product_brand":[],"product_cat":[207,216,258,201,162,184,157],"product_tag":[],"class_list":{"0":"post-13116","1":"product","2":"type-product","3":"status-publish","4":"has-post-thumbnail","6":"product_cat-alentejo","7":"product_cat-conjuntos","8":"product_cat-conjuntos-de-oferta","9":"product_cat-grandes-vinhos","10":"product_cat-raridades","11":"product_cat-tinto","12":"product_cat-vinhos","14":"first","15":"instock","16":"shipping-taxable","17":"purchasable","18":"product-type-simple"},"_links":{"self":[{"href":"https:\/\/bracaravinum.pt\/it\/wp-json\/wp\/v2\/product\/13116","targetHints":{"allow":["GET"]}}],"collection":[{"href":"https:\/\/bracaravinum.pt\/it\/wp-json\/wp\/v2\/product"}],"about":[{"href":"https:\/\/bracaravinum.pt\/it\/wp-json\/wp\/v2\/types\/product"}],"wp:featuredmedia":[{"embeddable":true,"href":"https:\/\/bracaravinum.pt\/it\/wp-json\/wp\/v2\/media\/2586"}],"wp:attachment":[{"href":"https:\/\/bracaravinum.pt\/it\/wp-json\/wp\/v2\/media?parent=13116"}],"wp:term":[{"taxonomy":"product_brand","embeddable":true,"href":"https:\/\/bracaravinum.pt\/it\/wp-json\/wp\/v2\/product_brand?post=13116"},{"taxonomy":"product_cat","embeddable":true,"href":"https:\/\/bracaravinum.pt\/it\/wp-json\/wp\/v2\/product_cat?post=13116"},{"taxonomy":"product_tag","embeddable":true,"href":"https:\/\/bracaravinum.pt\/it\/wp-json\/wp\/v2\/product_tag?post=13116"}],"curies":[{"name":"wp","href":"https:\/\/api.w.org\/{rel}","templated":true}]}}