{"id":12672,"date":"2020-03-28T09:34:34","date_gmt":"2020-03-28T09:34:34","guid":{"rendered":"http:\/\/bracaravinum.pt\/?post_type=product&#038;p=12672"},"modified":"2025-02-22T12:38:10","modified_gmt":"2025-02-22T12:38:10","slug":"fronteira-grande-reserva-tinto-75cl","status":"publish","type":"product","link":"https:\/\/bracaravinum.pt\/it\/produto\/fronteira-grande-reserva-tinto-75cl\/","title":{"rendered":"Fronteira Grande Reserva Tinto 2016 75cl"},"content":{"rendered":"<p><img fetchpriority=\"high\" decoding=\"async\" class=\"size-medium wp-image-15434 aligncenter\" src=\"http:\/\/bracaravinum.pt\/wp-content\/uploads\/2022\/02\/Qta-Castelares-Logo-01-1280x720-1-300x169.png\" alt=\"\" width=\"300\" height=\"169\" srcset=\"https:\/\/bracaravinum.pt\/wp-content\/uploads\/2022\/02\/Qta-Castelares-Logo-01-1280x720-1-300x169.png 300w, https:\/\/bracaravinum.pt\/wp-content\/uploads\/2022\/02\/Qta-Castelares-Logo-01-1280x720-1-1024x576.png 1024w, https:\/\/bracaravinum.pt\/wp-content\/uploads\/2022\/02\/Qta-Castelares-Logo-01-1280x720-1-768x432.png 768w, https:\/\/bracaravinum.pt\/wp-content\/uploads\/2022\/02\/Qta-Castelares-Logo-01-1280x720-1-600x338.png 600w, https:\/\/bracaravinum.pt\/wp-content\/uploads\/2022\/02\/Qta-Castelares-Logo-01-1280x720-1.png 1280w\" sizes=\"(max-width: 300px) 100vw, 300px\" \/><\/p>\n<p>Nel Freixo de Espada \u00e0 Cinta, nel 1953<strong><em>\u00a0<\/em><\/strong>Nasce Manuel Joaquim Caldeira. Figlio di contadini, dedito alla terra e alla coltivazione. Un figlio della terra che ha deciso di non lasciarsi mai alle spalle Freixo de Espada \u00e0 Cinta. Fin da giovanissimo inizia la sua attivit\u00e0 nel settore aziendale, riuscendo cos\u00ec ad acquistare e impiantare il suo primo vigneto a soli 25 anni. Un sogno d&#039;infanzia, che \u00e8 cresciuto fino ad oggi. Attualmente \u00e8 uno dei pi\u00f9 grandi ambasciatori del villaggio pi\u00f9 manuelino del Portogallo e impiega diverse famiglie nelle sue aziende. Con la determinazione e l&#039;umilt\u00e0 di un bambino, Manuel Caldeira, padre di 2 figli, dopo diversi anni legati alla pi\u00f9 grande cooperativa della Regione, ha deciso nel 2015 di costruire la sua prima azienda vinicola. Cos\u00ec \u00e8 nato il progetto Quinta dos Castelares!<\/p>","protected":false},"excerpt":{"rendered":"<p>As uvas que d\u00e3o origem a este vinho s\u00e3o um \u201cfield blend\u201d de vinhas velhas de mais altas da Quinta dos Castelares, em Freixo de Espada \u00e0 Cinta, no Douro Superior, a uma altitude entre os 500-600 metros.<\/p>\n<p>Com o objetivo de obter o equil\u00edbrio necess\u00e1rio a um\u00a0vinho\u00a0que queremos encorpado, mas com perfil elegante. Solos de xisto, vinha em socalcos com orienta\u00e7\u00e3o dominante Norte-Nascente.<\/p>\n<p>Fronteira grande reserva \u00e9 um vinho inspirado nos nossos antepassados, vinho com estagio de 18 meses em barricas Francesas e Americanas, que lhe transmite muita eleg\u00e2ncia. Castas t\u00edpicas do Douro Vinhateiro, touriga nacional , touriga franca, tinta roriz e sous\u00e3o.<\/p>\n<p>Produto natural, sujeito a criar deposito com a idade<\/p>","protected":false},"featured_media":1609,"template":"","meta":{"_exactmetrics_skip_tracking":false,"_exactmetrics_sitenote_active":false,"_exactmetrics_sitenote_note":"","_exactmetrics_sitenote_category":0,"_uf_show_specific_survey":0,"_uf_disable_surveys":false,"iawp_total_views":60},"product_brand":[],"product_cat":[215,184,157],"product_tag":[],"class_list":{"0":"post-12672","1":"product","2":"type-product","3":"status-publish","4":"has-post-thumbnail","6":"product_cat-douro","7":"product_cat-tinto","8":"product_cat-vinhos","10":"first","11":"instock","12":"shipping-taxable","13":"purchasable","14":"product-type-simple"},"_links":{"self":[{"href":"https:\/\/bracaravinum.pt\/it\/wp-json\/wp\/v2\/product\/12672","targetHints":{"allow":["GET"]}}],"collection":[{"href":"https:\/\/bracaravinum.pt\/it\/wp-json\/wp\/v2\/product"}],"about":[{"href":"https:\/\/bracaravinum.pt\/it\/wp-json\/wp\/v2\/types\/product"}],"wp:featuredmedia":[{"embeddable":true,"href":"https:\/\/bracaravinum.pt\/it\/wp-json\/wp\/v2\/media\/1609"}],"wp:attachment":[{"href":"https:\/\/bracaravinum.pt\/it\/wp-json\/wp\/v2\/media?parent=12672"}],"wp:term":[{"taxonomy":"product_brand","embeddable":true,"href":"https:\/\/bracaravinum.pt\/it\/wp-json\/wp\/v2\/product_brand?post=12672"},{"taxonomy":"product_cat","embeddable":true,"href":"https:\/\/bracaravinum.pt\/it\/wp-json\/wp\/v2\/product_cat?post=12672"},{"taxonomy":"product_tag","embeddable":true,"href":"https:\/\/bracaravinum.pt\/it\/wp-json\/wp\/v2\/product_tag?post=12672"}],"curies":[{"name":"wp","href":"https:\/\/api.w.org\/{rel}","templated":true}]}}