{"id":12579,"date":"2020-03-25T12:08:45","date_gmt":"2020-03-25T12:08:45","guid":{"rendered":"http:\/\/bracaravinum.pt\/?post_type=product&#038;p=12579"},"modified":"2025-01-06T18:30:35","modified_gmt":"2025-01-06T18:30:35","slug":"quinta-nova-terroir-blend-tinto-75cl","status":"publish","type":"product","link":"https:\/\/bracaravinum.pt\/it\/produto\/quinta-nova-terroir-blend-tinto-75cl\/","title":{"rendered":"Quinta Nova Terroir Blend Reserva Tinto 2020 75cl"},"content":{"rendered":"<div class=\"page-title\">\n<p class=\"h2\"><img decoding=\"async\" class=\"size-medium wp-image-15436 aligncenter\" src=\"http:\/\/bracaravinum.pt\/wp-content\/uploads\/2022\/02\/quinta-nova-logo-300x158.png\" alt=\"\" width=\"300\" height=\"158\" srcset=\"https:\/\/bracaravinum.pt\/wp-content\/uploads\/2022\/02\/quinta-nova-logo-300x158.png 300w, https:\/\/bracaravinum.pt\/wp-content\/uploads\/2022\/02\/quinta-nova-logo-1024x539.png 1024w, https:\/\/bracaravinum.pt\/wp-content\/uploads\/2022\/02\/quinta-nova-logo-768x404.png 768w, https:\/\/bracaravinum.pt\/wp-content\/uploads\/2022\/02\/quinta-nova-logo-1536x808.png 1536w, https:\/\/bracaravinum.pt\/wp-content\/uploads\/2022\/02\/quinta-nova-logo-600x316.png 600w, https:\/\/bracaravinum.pt\/wp-content\/uploads\/2022\/02\/quinta-nova-logo.png 1583w\" sizes=\"(max-width: 300px) 100vw, 300px\" \/><\/p>\n<p class=\"h2\">Con una storia bicentenaria, Quinta Nova de Nossa Senhora do Carmo si estende su 120 ettari di terreno, risalenti alla prima demarcazione pombalina del 1756.<\/p>\n<\/div>\n<div class=\"xms-text big-text\">\n<p>Armoniosamente integrate in una delle colline della propriet\u00e0 sono l&#039;originaria cantina, risalente al 1764, e l&#039;ottocentesca casa padronale con la cappella (1765).<\/p>\n<p>Di propriet\u00e0 della casa reale portoghese fino al 1725, divenne una \u201cnuova fattoria\u201d unendo due fattorie in una. Durante i secoli XVIII e XIX, qui vissero diverse famiglie portoghesi che diedero vita alla vigna e al vino, ai frutteti, al mulino ad acqua accanto al vecchio uliveto e al fiume che attraversa la fattoria, in un momento importante per l&#039;agricoltura del Douro.<\/p>\n<\/div>","protected":false},"excerpt":{"rendered":"<p>Este vinho surpreende pela sua pureza e sofistica\u00e7\u00e3o.\u00a0 Resulta do perfeito equil\u00edbrio das principais castas da Quinta Nova de Nossa Senhora do Carmo: Touriga Nacional, Touriga Franca, Tinta Roriz e Tinto C\u00e3o, uma composi\u00e7\u00e3o bela pela simplicidade e transpar\u00eancia do nosso\u00a0<em>terroir<\/em>.<\/p>\n<p>2017 |\u00a0<strong>91 ponto<\/strong>, Wine Enthusiast (Roger Voss), EUA<br \/>\n2017 |\u00a0<strong>91 pontos<\/strong>, eRobert Parker, EUA<br \/>\n2015 |\u00a0<strong>Escolha da Imprensa<\/strong>, Revista Grande Escolhas, Portugal<br \/>\n2015 |\u00a0<strong>Ouro<\/strong>, Sommelier Wine Awards, UK<br \/>\n2015 |\u00a0<strong>91-93 pontos<\/strong>, eRobert Parker, EUA<br \/>\n2015 |\u00a0<strong>91-93 pontos<\/strong>, eRobert Parker, EUA<br \/>\n2015 |\u00a0<strong>17 pontos<\/strong>, Revista de Vinhos, Portugal<br \/>\n2015 |\u00a0<strong>17 pontos<\/strong>, Jo\u00e3o Paulo Martins, Portugal<\/p>","protected":false},"featured_media":1370,"template":"","meta":{"_exactmetrics_skip_tracking":false,"_exactmetrics_sitenote_active":false,"_exactmetrics_sitenote_note":"","_exactmetrics_sitenote_category":0,"_uf_show_specific_survey":0,"_uf_disable_surveys":false,"iawp_total_views":17},"product_brand":[],"product_cat":[215,184,157],"product_tag":[],"class_list":{"0":"post-12579","1":"product","2":"type-product","3":"status-publish","4":"has-post-thumbnail","6":"product_cat-douro","7":"product_cat-tinto","8":"product_cat-vinhos","10":"first","11":"instock","12":"shipping-taxable","13":"purchasable","14":"product-type-simple"},"_links":{"self":[{"href":"https:\/\/bracaravinum.pt\/it\/wp-json\/wp\/v2\/product\/12579","targetHints":{"allow":["GET"]}}],"collection":[{"href":"https:\/\/bracaravinum.pt\/it\/wp-json\/wp\/v2\/product"}],"about":[{"href":"https:\/\/bracaravinum.pt\/it\/wp-json\/wp\/v2\/types\/product"}],"wp:featuredmedia":[{"embeddable":true,"href":"https:\/\/bracaravinum.pt\/it\/wp-json\/wp\/v2\/media\/1370"}],"wp:attachment":[{"href":"https:\/\/bracaravinum.pt\/it\/wp-json\/wp\/v2\/media?parent=12579"}],"wp:term":[{"taxonomy":"product_brand","embeddable":true,"href":"https:\/\/bracaravinum.pt\/it\/wp-json\/wp\/v2\/product_brand?post=12579"},{"taxonomy":"product_cat","embeddable":true,"href":"https:\/\/bracaravinum.pt\/it\/wp-json\/wp\/v2\/product_cat?post=12579"},{"taxonomy":"product_tag","embeddable":true,"href":"https:\/\/bracaravinum.pt\/it\/wp-json\/wp\/v2\/product_tag?post=12579"}],"curies":[{"name":"wp","href":"https:\/\/api.w.org\/{rel}","templated":true}]}}