{"id":12467,"date":"2020-03-23T23:09:56","date_gmt":"2020-03-23T23:09:56","guid":{"rendered":"http:\/\/bracaravinum.pt\/?post_type=product&#038;p=12467"},"modified":"2025-11-16T12:24:45","modified_gmt":"2025-11-16T12:24:45","slug":"porto-grahams-tawny-40-anos","status":"publish","type":"product","link":"https:\/\/bracaravinum.pt\/it\/prodotto\/porto-grahams-tawny-40-anos\/","title":{"rendered":"Graham&#039;s Tawny Porto 40 anni 75cl"},"content":{"rendered":"<p><img fetchpriority=\"high\" decoding=\"async\" class=\"size-medium wp-image-15548 aligncenter\" src=\"http:\/\/bracaravinum.pt\/wp-content\/uploads\/2020\/03\/grahams-logo-300x190.jpg\" alt=\"\" width=\"300\" height=\"190\" srcset=\"https:\/\/bracaravinum.pt\/wp-content\/uploads\/2020\/03\/grahams-logo-300x190.jpg 300w, https:\/\/bracaravinum.pt\/wp-content\/uploads\/2020\/03\/grahams-logo-768x487.jpg 768w, https:\/\/bracaravinum.pt\/wp-content\/uploads\/2020\/03\/grahams-logo-600x380.jpg 600w, https:\/\/bracaravinum.pt\/wp-content\/uploads\/2020\/03\/grahams-logo.jpg 1024w\" sizes=\"(max-width: 300px) 100vw, 300px\" \/><\/p>\n<p>La storia di due famiglie nel corso di tre secoli. Per quasi duecento anni, W &amp; J Graham&#039;s \u00e8 stata un&#039;azienda familiare indipendente nota per la produzione dei migliori vini di Porto.<\/p>\n<p>Graham&#039;s \u00e8 sempre stato un pioniere. Graham&#039;s \u00e8 stata una delle prime aziende di Porto a investire nei propri vigneti nella valle del Douro in Portogallo nel 1890 ed \u00e8 ora in prima linea nell&#039;innovazione nelle tecniche di vinificazione. Oggi, cinque cugini Symington condividono la responsabilit\u00e0 di tutti gli aspetti dell&#039;azienda e producono personalmente i vini di Graham. Sono anche legati a Porto e al Douro da molte generazioni, con antenati che risalgono alla met\u00e0 del XVII secolo.<\/p>","protected":false},"excerpt":{"rendered":"<p>Apresenta uma cor \u00e2mbar dourado com laivos de verde p\u00e1lido,o que denota a sua grande idade.No nariz \u00e9 muito complexo com poderosa fragr\u00e2ncia que desafia a sua idade. Na boca apresenta desde delicados frutos e passas at\u00e9 caramelo tostado e chocolate.<\/p>\n<p>Acompanha fabulosamente chocolate preto, mas tamb\u00e9m pode ser apreciado isoladamente. Recomendamos servir ligeiramente fresco, para acentuar o gosto e o prazer da experi\u00eancia.<\/p>","protected":false},"featured_media":1045,"template":"","meta":{"_exactmetrics_skip_tracking":false,"_exactmetrics_sitenote_active":false,"_exactmetrics_sitenote_note":"","_exactmetrics_sitenote_category":0,"_uf_show_specific_survey":0,"_uf_disable_surveys":false,"iawp_total_views":67},"product_brand":[],"product_cat":[159,175],"product_tag":[],"class_list":{"0":"post-12467","1":"product","2":"type-product","3":"status-publish","4":"has-post-thumbnail","6":"product_cat-portos","7":"product_cat-porto-10-20-30-40-50-80","9":"first","10":"instock","11":"shipping-taxable","12":"purchasable","13":"product-type-simple"},"_links":{"self":[{"href":"https:\/\/bracaravinum.pt\/it\/wp-json\/wp\/v2\/product\/12467","targetHints":{"allow":["GET"]}}],"collection":[{"href":"https:\/\/bracaravinum.pt\/it\/wp-json\/wp\/v2\/product"}],"about":[{"href":"https:\/\/bracaravinum.pt\/it\/wp-json\/wp\/v2\/types\/product"}],"wp:featuredmedia":[{"embeddable":true,"href":"https:\/\/bracaravinum.pt\/it\/wp-json\/wp\/v2\/media\/1045"}],"wp:attachment":[{"href":"https:\/\/bracaravinum.pt\/it\/wp-json\/wp\/v2\/media?parent=12467"}],"wp:term":[{"taxonomy":"product_brand","embeddable":true,"href":"https:\/\/bracaravinum.pt\/it\/wp-json\/wp\/v2\/product_brand?post=12467"},{"taxonomy":"product_cat","embeddable":true,"href":"https:\/\/bracaravinum.pt\/it\/wp-json\/wp\/v2\/product_cat?post=12467"},{"taxonomy":"product_tag","embeddable":true,"href":"https:\/\/bracaravinum.pt\/it\/wp-json\/wp\/v2\/product_tag?post=12467"}],"curies":[{"name":"wp","href":"https:\/\/api.w.org\/{rel}","templated":true}]}}