{"id":12438,"date":"2020-03-23T16:44:02","date_gmt":"2020-03-23T16:44:02","guid":{"rendered":"http:\/\/bracaravinum.pt\/?post_type=product&#038;p=12438"},"modified":"2024-02-02T18:30:46","modified_gmt":"2024-02-02T18:30:46","slug":"passo-dos-terceiros-alfrocheiro-tinto-2015","status":"publish","type":"product","link":"https:\/\/bracaravinum.pt\/it\/prodotto\/passo-dos-terceiros-alfrocheiro-tinto-2015\/","title":{"rendered":"Passo dos Terceiros Alfrocheiro Tinto 75cl"},"content":{"rendered":"<p><img fetchpriority=\"high\" decoding=\"async\" class=\"wp-image-5959 aligncenter\" src=\"https:\/\/bracaravinum.pt\/wp-content\/uploads\/2020\/03\/sovibor-image-1-300x113.jpg\" alt=\"\" width=\"499\" height=\"188\" \/><\/p>\n<p class=\"p1\"><span class=\"s1\">Si tratta di un&#039;azienda storica della regione dell&#039;Alentejo, fondata nel 1968 e che, con il recente ingresso di una nuova amministrazione guidata da Fernando Tavares, \u00e8 ora focalizzata sulla qualit\u00e0 e sul riposizionamento di tutti i vini, ad un livello pi\u00f9 alto di qualit\u00e0 e prezzo.<\/span><\/p>\n<p class=\"p1\"><span class=\"s1\">Nel cuore di Borba, SOVIBOR beneficia di strutture uniche, dove oltre due secoli di storia si fondono con nuovi standard di qualit\u00e0, nuovi vini e marchi, un nuovo management team, rinnovate immagini e una nuova strategia.<\/span><\/p>\n<p class=\"p3\"><span class=\"s1\">Azienda familiare, con rinomata esperienza nella produzione di vini Alentejo, in particolare vini DOC Borba<b>.<\/b><\/span><\/p>\n<p class=\"p3\"><span class=\"s1\">Tradizione, Qualit\u00e0 e Modernit\u00e0 sono valori che vogliamo preservare, per continuare a fare la nostra Storia.<\/span><\/p>","protected":false},"excerpt":{"rendered":"<p>Castas: Alfrocheiro (Vinhas Velhas)<\/p>\n<p>Vinho com cor rubi, aromas elegantes e toques vegetais, com notas de bagas silvestres e cereja madura. Boca elegante, com belo volume, taninos<br \/>\nsedosos, bem casados com a acidez que o vinho ostenta. Termina longo e com bom equil\u00edbrio final.<\/p>\n<p>Gastronomia: Ser\u00e1 uma companhia perfeita para Pratos de Gastronomia Alentejana.<\/p>","protected":false},"featured_media":966,"template":"","meta":{"_exactmetrics_skip_tracking":false,"_exactmetrics_sitenote_active":false,"_exactmetrics_sitenote_note":"","_exactmetrics_sitenote_category":0,"_uf_show_specific_survey":0,"_uf_disable_surveys":false,"iawp_total_views":7},"product_brand":[],"product_cat":[157,184,207],"product_tag":[],"class_list":{"0":"post-12438","1":"product","2":"type-product","3":"status-publish","4":"has-post-thumbnail","6":"product_cat-vinhos","7":"product_cat-tinto","8":"product_cat-alentejo","10":"first","11":"instock","12":"shipping-taxable","13":"purchasable","14":"product-type-simple"},"_links":{"self":[{"href":"https:\/\/bracaravinum.pt\/it\/wp-json\/wp\/v2\/product\/12438","targetHints":{"allow":["GET"]}}],"collection":[{"href":"https:\/\/bracaravinum.pt\/it\/wp-json\/wp\/v2\/product"}],"about":[{"href":"https:\/\/bracaravinum.pt\/it\/wp-json\/wp\/v2\/types\/product"}],"wp:featuredmedia":[{"embeddable":true,"href":"https:\/\/bracaravinum.pt\/it\/wp-json\/wp\/v2\/media\/966"}],"wp:attachment":[{"href":"https:\/\/bracaravinum.pt\/it\/wp-json\/wp\/v2\/media?parent=12438"}],"wp:term":[{"taxonomy":"product_brand","embeddable":true,"href":"https:\/\/bracaravinum.pt\/it\/wp-json\/wp\/v2\/product_brand?post=12438"},{"taxonomy":"product_cat","embeddable":true,"href":"https:\/\/bracaravinum.pt\/it\/wp-json\/wp\/v2\/product_cat?post=12438"},{"taxonomy":"product_tag","embeddable":true,"href":"https:\/\/bracaravinum.pt\/it\/wp-json\/wp\/v2\/product_tag?post=12438"}],"curies":[{"name":"wp","href":"https:\/\/api.w.org\/{rel}","templated":true}]}}