{"id":12337,"date":"2020-03-22T11:37:08","date_gmt":"2020-03-22T11:37:08","guid":{"rendered":"http:\/\/bracaravinum.pt\/?post_type=product&#038;p=12337"},"modified":"2026-03-17T15:15:11","modified_gmt":"2026-03-17T15:15:11","slug":"vertice-espumante-millesime","status":"publish","type":"product","link":"https:\/\/bracaravinum.pt\/it\/prodotto\/vertice-espumante-millesime\/","title":{"rendered":"V\u00e9rtice Mill\u00e9sime Spumante 75cl"},"content":{"rendered":"<p><img decoding=\"async\" class=\"size-full wp-image-15666 aligncenter\" src=\"http:\/\/bracaravinum.pt\/wp-content\/uploads\/2020\/03\/logo-VERTICE.png\" alt=\"\" width=\"160\" height=\"147\" srcset=\"https:\/\/bracaravinum.pt\/wp-content\/uploads\/2020\/03\/logo-VERTICE.png 160w, https:\/\/bracaravinum.pt\/wp-content\/uploads\/2020\/03\/logo-VERTICE-13x12.png 13w\" sizes=\"(max-width: 160px) 100vw, 160px\" \/><\/p>\n<p>Nel 1988, sugli alti pendii dove le brezze estive erano gi\u00e0 troppo fredde per la cultura del vino di Porto, e i terreni granitici donavano ai vini da tavola un aroma inconfondibile, un&#039;altra nascita notevole sarebbe arrivata a confermare la rinomata vocazione dell&#039;Alto Douro \u2013\u00a0<strong>VERTICE<\/strong><\/p>\n<p>Frutto del brillante connubio tra la tradizione classica degli spumanti naturali (la M\u00e9thode Champenoise) e la pi\u00f9 antica regione vitivinicola delimitata del mondo,\u00a0<strong>VERTICE<\/strong>\u00a0\u00c8 la celebrazione della qualit\u00e0, sia come accompagnamento ad un pasto raffinato, sia come aperitivo unico.<\/p>\n<p>Attualmente non \u00e8 necessario essere coinvolti in una festa o attivit\u00e0 simile per poter gustare lo spumante. Lo spazio che questo vino ha conquistato tra gli enoappassionati riflette tutta la sua versatilit\u00e0 e carattere. Pu\u00f2 essere gustato come aperitivo, durante il pasto o con un dessert e servito sempre ad una temperatura adeguata \u2013 da 7\u00baC a 9\u00baC. Pu\u00f2 essere bevuto socialmente con gli amici, o romanticamente con la nostra dolce met\u00e0. Semplici o in cocktail; Le possibilit\u00e0 non sono molte, sono immense.<\/p>\n<p>Tuttavia, ogni volta che si apre una bottiglia di spumante avviene la magia. E questo \u00e8 sempre un motivo per festeggiare!<\/p>\n<p>&nbsp;<\/p>","protected":false},"excerpt":{"rendered":"<p>Fino no conjunto arom\u00e1tico com notas de p\u00e3o torrado, fruto maduro e leve compota. A bolha \u00e9 delicada, elegante e persistente, boa acidez, cremoso, suave, \u00f3ptima estrutura e final de boca prolongado.<\/p>","protected":false},"featured_media":736,"template":"","meta":{"_exactmetrics_skip_tracking":false,"_exactmetrics_sitenote_active":false,"_exactmetrics_sitenote_note":"","_exactmetrics_sitenote_category":0,"_uf_show_specific_survey":0,"_uf_disable_surveys":false,"iawp_total_views":12},"product_brand":[],"product_cat":[177,160],"product_tag":[],"class_list":{"0":"post-12337","1":"product","2":"type-product","3":"status-publish","4":"has-post-thumbnail","6":"product_cat-espumante","7":"product_cat-espumantes","9":"first","10":"instock","11":"shipping-taxable","12":"purchasable","13":"product-type-simple"},"_links":{"self":[{"href":"https:\/\/bracaravinum.pt\/it\/wp-json\/wp\/v2\/product\/12337","targetHints":{"allow":["GET"]}}],"collection":[{"href":"https:\/\/bracaravinum.pt\/it\/wp-json\/wp\/v2\/product"}],"about":[{"href":"https:\/\/bracaravinum.pt\/it\/wp-json\/wp\/v2\/types\/product"}],"wp:featuredmedia":[{"embeddable":true,"href":"https:\/\/bracaravinum.pt\/it\/wp-json\/wp\/v2\/media\/736"}],"wp:attachment":[{"href":"https:\/\/bracaravinum.pt\/it\/wp-json\/wp\/v2\/media?parent=12337"}],"wp:term":[{"taxonomy":"product_brand","embeddable":true,"href":"https:\/\/bracaravinum.pt\/it\/wp-json\/wp\/v2\/product_brand?post=12337"},{"taxonomy":"product_cat","embeddable":true,"href":"https:\/\/bracaravinum.pt\/it\/wp-json\/wp\/v2\/product_cat?post=12337"},{"taxonomy":"product_tag","embeddable":true,"href":"https:\/\/bracaravinum.pt\/it\/wp-json\/wp\/v2\/product_tag?post=12337"}],"curies":[{"name":"wp","href":"https:\/\/api.w.org\/{rel}","templated":true}]}}