{"id":12279,"date":"2020-03-20T22:14:20","date_gmt":"2020-03-20T22:14:20","guid":{"rendered":"http:\/\/bracaravinum.pt\/?post_type=product&#038;p=12279"},"modified":"2022-02-04T17:33:35","modified_gmt":"2022-02-04T17:33:35","slug":"crasto-branco","status":"publish","type":"product","link":"https:\/\/bracaravinum.pt\/it\/prodotto\/crasto-branco\/","title":{"rendered":"Crasto Bianco 75cl"},"content":{"rendered":"<p><img fetchpriority=\"high\" decoding=\"async\" class=\"size-medium wp-image-15212 aligncenter\" src=\"http:\/\/bracaravinum.pt\/wp-content\/uploads\/2022\/02\/crasto-logo-300x300.png\" alt=\"\" width=\"300\" height=\"300\" srcset=\"https:\/\/bracaravinum.pt\/wp-content\/uploads\/2022\/02\/crasto-logo-300x300.png 300w, https:\/\/bracaravinum.pt\/wp-content\/uploads\/2022\/02\/crasto-logo-150x150.png 150w, https:\/\/bracaravinum.pt\/wp-content\/uploads\/2022\/02\/crasto-logo-100x100.png 100w, https:\/\/bracaravinum.pt\/wp-content\/uploads\/2022\/02\/crasto-logo.png 555w\" sizes=\"(max-width: 300px) 100vw, 300px\" \/><\/p>\n<p>A Quinta do Crasto, S.A. \u00e9 uma empresa portuguesa produtora de vinhos do Douro e do Porto, sedeada em Gouvinhas, concelho de Sabrosa, Norte de Portugal. Localizada em pleno Vale do Douro, a mais antiga regi\u00e3o vit\u00edcola regulamentada do mundo e tamb\u00e9m classificada como\u00a0<a href=\"https:\/\/www.unescoportugal.mne.pt\/pt\/temas\/proteger-o-nosso-patrimonio-e-promover-a-criatividade\/patrimonio-mundial-em-portugal\" target=\"_blank\" rel=\"noopener noreferrer\">Patrim\u00f3nio Mundial pela UNESCO<\/a>\u00a0em 2001, a Quinta do Crasto usufrui de condi\u00e7\u00f5es excecionais para a produ\u00e7\u00e3o de vinhos e de azeites da mais alta qualidade.<\/p>","protected":false},"excerpt":{"rendered":"<p>Castas: Viosinho, Rabigato e Gouveio.<\/p>\n<p>O Vinho do Douro Crasto Branco \u00e9 elaborado a partir de uma sele\u00e7\u00e3o das melhores uvas, apresentando um estilo moderno, de grande frescura e express\u00e3o arom\u00e1tica.<\/p>\n<p>Aromas de fruta c\u00edtrica, espargos silvestres e elegantes notas florais encontram-se na perfei\u00e7\u00e3o. Possui ainda bom equil\u00edbrio, vibrante frescura e agrad\u00e1vel persist\u00eancia.<\/p>","protected":false},"featured_media":595,"template":"","meta":{"_exactmetrics_skip_tracking":false,"_exactmetrics_sitenote_active":false,"_exactmetrics_sitenote_note":"","_exactmetrics_sitenote_category":0,"_uf_show_specific_survey":0,"_uf_disable_surveys":false,"iawp_total_views":0},"product_brand":[],"product_cat":[157,185,188],"product_tag":[],"class_list":{"0":"post-12279","1":"product","2":"type-product","3":"status-publish","4":"has-post-thumbnail","6":"product_cat-vinhos","7":"product_cat-branco","8":"product_cat-douro-branco","10":"first","11":"instock","12":"shipping-taxable","13":"purchasable","14":"product-type-simple"},"_links":{"self":[{"href":"https:\/\/bracaravinum.pt\/it\/wp-json\/wp\/v2\/product\/12279","targetHints":{"allow":["GET"]}}],"collection":[{"href":"https:\/\/bracaravinum.pt\/it\/wp-json\/wp\/v2\/product"}],"about":[{"href":"https:\/\/bracaravinum.pt\/it\/wp-json\/wp\/v2\/types\/product"}],"wp:featuredmedia":[{"embeddable":true,"href":"https:\/\/bracaravinum.pt\/it\/wp-json\/wp\/v2\/media\/595"}],"wp:attachment":[{"href":"https:\/\/bracaravinum.pt\/it\/wp-json\/wp\/v2\/media?parent=12279"}],"wp:term":[{"taxonomy":"product_brand","embeddable":true,"href":"https:\/\/bracaravinum.pt\/it\/wp-json\/wp\/v2\/product_brand?post=12279"},{"taxonomy":"product_cat","embeddable":true,"href":"https:\/\/bracaravinum.pt\/it\/wp-json\/wp\/v2\/product_cat?post=12279"},{"taxonomy":"product_tag","embeddable":true,"href":"https:\/\/bracaravinum.pt\/it\/wp-json\/wp\/v2\/product_tag?post=12279"}],"curies":[{"name":"wp","href":"https:\/\/api.w.org\/{rel}","templated":true}]}}