{"id":12187,"date":"2020-03-19T12:48:48","date_gmt":"2020-03-19T12:48:48","guid":{"rendered":"http:\/\/bracaravinum.pt\/?post_type=product&#038;p=12187"},"modified":"2022-11-30T16:19:56","modified_gmt":"2022-11-30T16:19:56","slug":"al-ria-rosso-2018","status":"publish","type":"product","link":"https:\/\/bracaravinum.pt\/it\/prodotto\/al-ria-rosso-2018\/","title":{"rendered":"Al-Ria Rosso 2017 75cl"},"content":{"rendered":"<p><img fetchpriority=\"high\" decoding=\"async\" class=\"size-medium wp-image-15518 aligncenter\" src=\"http:\/\/bracaravinum.pt\/wp-content\/uploads\/2020\/03\/casa-santos-lima-logo-300x300.jpg\" alt=\"\" width=\"300\" height=\"300\" srcset=\"https:\/\/bracaravinum.pt\/wp-content\/uploads\/2020\/03\/casa-santos-lima-logo-300x300.jpg 300w, https:\/\/bracaravinum.pt\/wp-content\/uploads\/2020\/03\/casa-santos-lima-logo-150x150.jpg 150w, https:\/\/bracaravinum.pt\/wp-content\/uploads\/2020\/03\/casa-santos-lima-logo-100x100.jpg 100w, https:\/\/bracaravinum.pt\/wp-content\/uploads\/2020\/03\/casa-santos-lima-logo.jpg 360w\" sizes=\"(max-width: 300px) 100vw, 300px\" \/><\/p>\n<p>Casa Santos Lima \u00e8 un&#039;azienda familiare dedicata alla produzione, all&#039;imbottigliamento e alla commercializzazione di vini portoghesi. Lavora nelle regioni di Lisbona, Algarve, Alentejo, Douro e Vinhos Verdes. L&#039;azienda produce vini noti per l&#039;ottimo rapporto qualit\u00e0\/prezzo ed esporta circa 90% della sua produzione totale in pi\u00f9 di 50 paesi nei 5 continenti. Casa Santos Lima \u00e8 anche il pi\u00f9 grande produttore di \u201cVinho Regional Lisboa\u201d e \u201cDOC Alenquer\u201d e negli ultimi anni \u00e8 stato uno dei produttori portoghesi pi\u00f9 premiati nei principali concorsi enologici nazionali e internazionali.<\/p>\n<p>Attualmente, le strutture principali dell&#039;azienda (uffici, negozio e cantine pi\u00f9 grandi) si trovano a Quinta da Boavista ad Alenquer, a soli 45 km a nord della citt\u00e0 di Lisbona. Questa Quinta appartiene alla famiglia Santos Lima da 5 generazioni e offre le condizioni ideali per la produzione di vino di qualit\u00e0.<br \/>\nCasa Santos Lima possiede anche vigneti di propriet\u00e0 nelle regioni dell&#039;Algarve, Douro e Vinhos Verdes, oltre a una partnership di lunga data con un produttore della regione dell&#039;Alentejo.<br \/>\nCasa Santos Lima ha un portafoglio di vini molto ampio, producendo ogni anno vini rossi, bianchi, rosati, frizzanti, frizzanti, leggeri e da vendemmia tardiva in 5 diverse regioni. Questa variegata gamma di opzioni consente all&#039;azienda un grande dinamismo nel mercato nazionale ed internazionale e ha consentito una crescita costante anno dopo anno. Casa Santos Lima \u00e8 attualmente responsabile della produzione di oltre 50% di tutto il vino certificato nella regione di Lisbona ed \u00e8 uno dei principali esportatori di vino portoghese.<\/p>","protected":false},"excerpt":{"rendered":"<p>Capacit\u00e0 75cl<\/p>\n<p>Al-Ria rosso \u00e8 un vino dal colore intenso, tonalit\u00e0 violacea, con una buona concentrazione al naso. Ricco di aroma, con note di frutta nera matura, confettura e fiori. In bocca presenta note morbide e vellutate di frutta matura, cioccolato e vaniglia. Retrogusto lungo ed equilibrato, i cui tannini ne evidenziano la potenziale longevit\u00e0.<\/p>\n<p>Variet\u00e0<\/p>\n<div data-desc=\"Lorem ipsum dolor sit amet, consectetur adipiscing elit. Aliquam viverra magna tellus, non suscipit nisl dictum sit amet. Donec pharetra ante mattis, iaculis enim ut, finibus quam.\">Touriga Nacional, Syrah e Tinta Roriz<\/div>","protected":false},"featured_media":325,"template":"","meta":{"_exactmetrics_skip_tracking":false,"_exactmetrics_sitenote_active":false,"_exactmetrics_sitenote_note":"","_exactmetrics_sitenote_category":0,"_uf_show_specific_survey":0,"_uf_disable_surveys":false,"iawp_total_views":121},"product_brand":[],"product_cat":[196,184,157],"product_tag":[],"class_list":{"0":"post-12187","1":"product","2":"type-product","3":"status-publish","4":"has-post-thumbnail","6":"product_cat-algarve","7":"product_cat-tinto","8":"product_cat-vinhos","10":"first","11":"instock","12":"shipping-taxable","13":"purchasable","14":"product-type-simple"},"_links":{"self":[{"href":"https:\/\/bracaravinum.pt\/it\/wp-json\/wp\/v2\/product\/12187","targetHints":{"allow":["GET"]}}],"collection":[{"href":"https:\/\/bracaravinum.pt\/it\/wp-json\/wp\/v2\/product"}],"about":[{"href":"https:\/\/bracaravinum.pt\/it\/wp-json\/wp\/v2\/types\/product"}],"wp:featuredmedia":[{"embeddable":true,"href":"https:\/\/bracaravinum.pt\/it\/wp-json\/wp\/v2\/media\/325"}],"wp:attachment":[{"href":"https:\/\/bracaravinum.pt\/it\/wp-json\/wp\/v2\/media?parent=12187"}],"wp:term":[{"taxonomy":"product_brand","embeddable":true,"href":"https:\/\/bracaravinum.pt\/it\/wp-json\/wp\/v2\/product_brand?post=12187"},{"taxonomy":"product_cat","embeddable":true,"href":"https:\/\/bracaravinum.pt\/it\/wp-json\/wp\/v2\/product_cat?post=12187"},{"taxonomy":"product_tag","embeddable":true,"href":"https:\/\/bracaravinum.pt\/it\/wp-json\/wp\/v2\/product_tag?post=12187"}],"curies":[{"name":"wp","href":"https:\/\/api.w.org\/{rel}","templated":true}]}}