{"id":12176,"date":"2020-03-19T09:49:43","date_gmt":"2020-03-19T09:49:43","guid":{"rendered":"http:\/\/bracaravinum.pt\/?post_type=product&#038;p=12176"},"modified":"2024-01-12T11:35:22","modified_gmt":"2024-01-12T11:35:22","slug":"100-hectares-touriga-nacional-tinto","status":"publish","type":"product","link":"https:\/\/bracaravinum.pt\/it\/prodotto\/100-hectares-touriga-nacional-tinto\/","title":{"rendered":"100 Ettari Touriga Nacional Rosso 75cl"},"content":{"rendered":"<p style=\"text-align: center\"><img decoding=\"async\" class=\"alignnone size-medium wp-image-15165\" src=\"http:\/\/bracaravinum.pt\/wp-content\/uploads\/2022\/02\/100hectares-logo-300x142.png\" alt=\"\" width=\"300\" height=\"142\" srcset=\"https:\/\/bracaravinum.pt\/wp-content\/uploads\/2022\/02\/100hectares-logo-300x142.png 300w, https:\/\/bracaravinum.pt\/wp-content\/uploads\/2022\/02\/100hectares-logo.png 400w\" sizes=\"(max-width: 300px) 100vw, 300px\" \/><\/p>\n<p>\u201cLa terra non ci \u00e8 stata data dai nostri genitori, ma prestata dai nostri figli\u201d<\/p>\n<p>La storia dei vini 100HECTARES inizia all&#039;inizio degli anni &#039;70, quando la famiglia Br\u00e1s e Cigarro - con una grande passione per la regione del Douro - fece grandi investimenti nell&#039;acquisto e nella ristrutturazione di propriet\u00e0 situate nella sottoregione del Douro - Baixo Corgo. Le aziende agricole di famiglia sono l&#039;origine dei loro vini e la produzione avviene esclusivamente con uve provenienti dalle loro propriet\u00e0, cosa che \u00e8 al centro della filosofia produttiva della famiglia.<\/p>\n<p>Per qualche tempo, la maggior parte della produzione dei loro vigneti \u00e8 stata venduta ai concorrenti della regione, ma nel 2009 Andr\u00e9 e Filipe Br\u00e1s hanno voluto trarre profitto dalla propria produzione di materie prime, producendo vino con un valore stimato tra 30% e 40% di uva. Una parte della produzione in eccesso viene trasferita ai produttori della regione e la produzione completa con il nostro marchio non \u00e8 ancora possibile.<\/p>\n<p>Il dovere di tramandare l&#039;eredit\u00e0 di generazione in generazione \u00e8 un sentimento radicato nella famiglia.<\/p>","protected":false},"excerpt":{"rendered":"<p>Apresenta cor vermelha intensa, aroma floral e a\u00a0especiarias, proveniente das barricas de carvalho Franc\u00eas onde estagiou\u00a0durante 6 meses. Na boca mostra-se fresco e complexo.<\/p>\n<p>Indicado para pratos de carnes vermelhas grelhadas, carnes vermelhas condimentadas, guisadas e pratos de ca\u00e7a de p\u00ealo.<\/p>","protected":false},"featured_media":311,"template":"","meta":{"_exactmetrics_skip_tracking":false,"_exactmetrics_sitenote_active":false,"_exactmetrics_sitenote_note":"","_exactmetrics_sitenote_category":0,"_uf_show_specific_survey":0,"_uf_disable_surveys":false,"iawp_total_views":30},"product_brand":[],"product_cat":[157,184,215],"product_tag":[],"class_list":{"0":"post-12176","1":"product","2":"type-product","3":"status-publish","4":"has-post-thumbnail","6":"product_cat-vinhos","7":"product_cat-tinto","8":"product_cat-douro","10":"first","11":"instock","12":"shipping-taxable","13":"purchasable","14":"product-type-simple"},"_links":{"self":[{"href":"https:\/\/bracaravinum.pt\/it\/wp-json\/wp\/v2\/product\/12176","targetHints":{"allow":["GET"]}}],"collection":[{"href":"https:\/\/bracaravinum.pt\/it\/wp-json\/wp\/v2\/product"}],"about":[{"href":"https:\/\/bracaravinum.pt\/it\/wp-json\/wp\/v2\/types\/product"}],"wp:featuredmedia":[{"embeddable":true,"href":"https:\/\/bracaravinum.pt\/it\/wp-json\/wp\/v2\/media\/311"}],"wp:attachment":[{"href":"https:\/\/bracaravinum.pt\/it\/wp-json\/wp\/v2\/media?parent=12176"}],"wp:term":[{"taxonomy":"product_brand","embeddable":true,"href":"https:\/\/bracaravinum.pt\/it\/wp-json\/wp\/v2\/product_brand?post=12176"},{"taxonomy":"product_cat","embeddable":true,"href":"https:\/\/bracaravinum.pt\/it\/wp-json\/wp\/v2\/product_cat?post=12176"},{"taxonomy":"product_tag","embeddable":true,"href":"https:\/\/bracaravinum.pt\/it\/wp-json\/wp\/v2\/product_tag?post=12176"}],"curies":[{"name":"wp","href":"https:\/\/api.w.org\/{rel}","templated":true}]}}