{"id":21644,"date":"2026-04-02T16:11:29","date_gmt":"2026-04-02T16:11:29","guid":{"rendered":"https:\/\/bracaravinum.pt\/?post_type=product&#038;p=21644"},"modified":"2026-04-02T16:11:29","modified_gmt":"2026-04-02T16:11:29","slug":"quinta-do-poco-do-lobo-colheita-tardia-50cl","status":"publish","type":"product","link":"https:\/\/bracaravinum.pt\/fr\/produit\/quinta-do-poco-do-lobo-colheita-tardia-50cl\/","title":{"rendered":"Quinta do Po\u00e7o do Lobo Colheita Tardia 50cl"},"content":{"rendered":"<p><img decoding=\"async\" class=\"size-full wp-image-15194 aligncenter\" src=\"http:\/\/bracaravinum.pt\/wp-content\/uploads\/2022\/02\/caves-s.-joao-logo.png\" alt=\"\" width=\"290\" height=\"40\" \/><\/p>\n<p>Fond\u00e9e en 1920 par les fr\u00e8res Jos\u00e9, Manuel et Albano Costa, Caves S\u00e3o Jo\u00e3o est une entreprise familiale qui, \u00e0 l&#039;origine, se consacrait \u00e0 la vente de vins et liqueurs raffin\u00e9s du Douro. Il s&#039;agit aujourd&#039;hui de la plus ancienne entreprise familiale encore en activit\u00e9 dans la commune d&#039;Anadia.<\/p>\n<p>Dans les ann\u00e9es 1930, avec l&#039;interdiction de la production de vins de Porto en dehors de Vila Nova de Gaia, l&#039;entreprise commen\u00e7a \u00e0 vendre des vins de table de Bairrada. A cette \u00e9poque d\u00e9bute \u00e9galement la production de vins effervescents naturels, selon la m\u00e9thode \u00ab champagne \u00bb, en mettant l&#039;accent, \u00e0 ce stade, sur le r\u00f4le important du vigneron fran\u00e7ais Gaston Mennesson.<\/p>\n<p>L&#039;exportation de vins commen\u00e7a vers le march\u00e9 br\u00e9silien et, peu apr\u00e8s, vers les colonies portugaises d&#039;Afrique. \u00c0 la fin des ann\u00e9es 1950, est n\u00e9e l&#039;une des marques de vin les plus c\u00e9l\u00e8bres de la r\u00e9gion de Bairrada \u2013 \u00ab Frei Jo\u00e3o \u00bb \u2013 et, un peu plus tard, une marque de la r\u00e9gion d\u00e9limit\u00e9e du D\u00e3o, \u00ab Porta dos Cavaleiros \u00bb.<\/p>\n<p>Avec le nom \u00ab Reserva \u00bb, initi\u00e9 par les Caves S\u00e3o Jo\u00e3o, celle-ci innove sur le march\u00e9 du vin, en utilisant des \u00e9tiquettes en papier recouvertes de li\u00e8ge naturel.<\/p>\n<p>Caves S\u00e3o Jo\u00e3o acquiert Quinta do Po\u00e7o do Lobo, une propri\u00e9t\u00e9 rustique d&#039;environ 37 hectares, situ\u00e9e dans la petite ville de Pocari\u00e7a, dans la municipalit\u00e9 de Cantanhede. La Quinta a ensuite \u00e9t\u00e9 enti\u00e8rement replant\u00e9e avec des c\u00e9pages s\u00e9lectionn\u00e9s et strictement divis\u00e9s.<\/p>\n<p>Com as uvas ali colhidas, a empresa iniciou a produ\u00e7\u00e3o do vinho \u201cQuinta do Po\u00e7o do Lobo \u2013 Bairrada\u201d, um Bairrada Tinto com uvas das castas Baga, Moreto e Castel\u00e3o; o \u201cQuinta do Po\u00e7o do Lobo \u2013 Cabernet Sauvignon\u201d, um vinho varietal com a casta de maior prest\u00edgio em todo o mundo; um vinho branco elaborado com a casta Arinto e o \u201cEspumante Quinta do Po\u00e7o do Lobo\u201d, um espumante com uvas das castas Arinto e Chardonnay.<\/p>\n<p>Aujourd&#039;hui, et apr\u00e8s quelques investissements dans le domaine de la vinification et du contr\u00f4le qualit\u00e9, les Caves S\u00e3o Jo\u00e3o sont pr\u00eates \u00e0 affronter les d\u00e9fis futurs en termes de production, toujours avec le souci de suivre l&#039;\u00e9volution des march\u00e9s et des go\u00fbts de consommateurs de plus en plus exigeants et attentifs. .<\/p>","protected":false},"excerpt":{"rendered":"<p>Regi\u00e3o:\u00a0Beira Atl\u00e2ntico IGP<\/p>\n<p>Aroma: Complexo, intenso e caracter\u00edstico de uvas fortemente botrytisadas, lembrando casca de laranja confitada, avel\u00e3 torrada, marmelada, especiarias e madeira tostada.<\/p>\n<p>Sabor: Distingue-se pelo seu equil\u00edbrio entre do\u00e7ura e acidez, e pelo seu volume gustativo, caracter\u00edsticas que lhe conferir\u00e3o um bom potencial de envelhecimento<\/p>","protected":false},"featured_media":21645,"template":"","meta":{"_exactmetrics_skip_tracking":false,"_exactmetrics_sitenote_active":false,"_exactmetrics_sitenote_note":"","_exactmetrics_sitenote_category":0,"_uf_show_specific_survey":0,"_uf_disable_surveys":false,"iawp_total_views":0},"product_brand":[],"product_cat":[157,165],"product_tag":[],"class_list":{"0":"post-21644","1":"product","2":"type-product","3":"status-publish","4":"has-post-thumbnail","6":"product_cat-vinhos","7":"product_cat-colheita-tardia","9":"first","10":"instock","11":"shipping-taxable","12":"purchasable","13":"product-type-simple"},"_links":{"self":[{"href":"https:\/\/bracaravinum.pt\/fr\/wp-json\/wp\/v2\/product\/21644","targetHints":{"allow":["GET"]}}],"collection":[{"href":"https:\/\/bracaravinum.pt\/fr\/wp-json\/wp\/v2\/product"}],"about":[{"href":"https:\/\/bracaravinum.pt\/fr\/wp-json\/wp\/v2\/types\/product"}],"wp:featuredmedia":[{"embeddable":true,"href":"https:\/\/bracaravinum.pt\/fr\/wp-json\/wp\/v2\/media\/21645"}],"wp:attachment":[{"href":"https:\/\/bracaravinum.pt\/fr\/wp-json\/wp\/v2\/media?parent=21644"}],"wp:term":[{"taxonomy":"product_brand","embeddable":true,"href":"https:\/\/bracaravinum.pt\/fr\/wp-json\/wp\/v2\/product_brand?post=21644"},{"taxonomy":"product_cat","embeddable":true,"href":"https:\/\/bracaravinum.pt\/fr\/wp-json\/wp\/v2\/product_cat?post=21644"},{"taxonomy":"product_tag","embeddable":true,"href":"https:\/\/bracaravinum.pt\/fr\/wp-json\/wp\/v2\/product_tag?post=21644"}],"curies":[{"name":"wp","href":"https:\/\/api.w.org\/{rel}","templated":true}]}}