{"id":21640,"date":"2026-04-02T13:26:33","date_gmt":"2026-04-02T13:26:33","guid":{"rendered":"https:\/\/bracaravinum.pt\/?post_type=product&#038;p=21640"},"modified":"2026-04-02T16:29:04","modified_gmt":"2026-04-02T16:29:04","slug":"vendaval-grande-reserva-tinto-2022-75cl-caixa-de-3","status":"publish","type":"product","link":"https:\/\/bracaravinum.pt\/fr\/produit\/vendaval-grande-reserva-tinto-2022-75cl-caixa-de-3\/","title":{"rendered":"Vendaval Grande Reserva Tinto 2022 75cl &#8211; Caixa de 3"},"content":{"rendered":"<p><img fetchpriority=\"high\" decoding=\"async\" class=\"size-medium wp-image-18668 aligncenter\" src=\"http:\/\/bracaravinum.pt\/wp-content\/uploads\/2024\/02\/Vendaval-300x171.png\" alt=\"\" width=\"300\" height=\"171\" srcset=\"https:\/\/bracaravinum.pt\/wp-content\/uploads\/2024\/02\/Vendaval-300x171.png 300w, https:\/\/bracaravinum.pt\/wp-content\/uploads\/2024\/02\/Vendaval-768x437.png 768w, https:\/\/bracaravinum.pt\/wp-content\/uploads\/2024\/02\/Vendaval-18x10.png 18w, https:\/\/bracaravinum.pt\/wp-content\/uploads\/2024\/02\/Vendaval-600x342.png 600w, https:\/\/bracaravinum.pt\/wp-content\/uploads\/2024\/02\/Vendaval.png 1024w\" sizes=\"(max-width: 300px) 100vw, 300px\" \/><\/p>\n<p>______L&#039;HISTOIRE DE NOS VINS COMMENCE, LORSQUE NOS PARENTS, AVEC UNE GRANDE PASSION POUR CETTE R\u00c9GION DU DOURO, ONT COMMENC\u00c9 \u00c0 PRODUIRE DU VIN AVEC DES RAISINS DE LA TERRE. EN 2010, AVEC L&#039;ACQUISITION DE QUINTA DO CASTELO DO MOIRINHO, UNE FERME SITU\u00c9E DANS UNE ZONE TR\u00c8S VENT\u00c9E SUR LA RIVE DROITE DU FLEUVE DOURO MAIS AVEC UNE PRODUCTION DE RAISINS DE HAUTE QUALIT\u00c9, PUIS L&#039;ID\u00c9E DE PRODUIRE UN VIN DIFF\u00c9RENT SURgit\u2026 LE VENDAVAL .<br \/>\n__________<br \/>\nEN 2020, NOUS AVONS D\u00c9CID\u00c9 DE METTRE NOTRE PROJET EN PRATIQUE EN PRODUISANT LE PREMIER VENDAVAL, LE COLLHEITA ROUGE, QUI, DANS UNE AUGMENTATION CONTINUE DE LA QUALIT\u00c9, A \u00c9T\u00c9 RECONNU PAR DIVERS PRIX DEPUIS.<\/p>","protected":false},"excerpt":{"rendered":"<p>Um \u201cVendaval\u201d de cor rubi, aroma intenso e complexo, notas de frutos pretos, especiarias e o leve tostado da barrica. Evolui no copo com o passar dos minutos&#8230; Encorpado e aveludado, taninos bem afinados e um final persistente e elegante.<\/p>\n<p>Esta caixa especial inclui 3 garrafas de Vendaval Grande Reserva Tinto 2022<\/p>","protected":false},"featured_media":21641,"template":"","meta":{"_exactmetrics_skip_tracking":false,"_exactmetrics_sitenote_active":false,"_exactmetrics_sitenote_note":"","_exactmetrics_sitenote_category":0,"_uf_show_specific_survey":0,"_uf_disable_surveys":false,"iawp_total_views":3},"product_brand":[],"product_cat":[258,257,216,157,184,215],"product_tag":[],"class_list":{"0":"post-21640","1":"product","2":"type-product","3":"status-publish","4":"has-post-thumbnail","6":"product_cat-conjuntos-de-oferta","7":"product_cat-conjuntos-de-vinhos","8":"product_cat-conjuntos","9":"product_cat-vinhos","10":"product_cat-tinto","11":"product_cat-douro","13":"first","14":"instock","15":"shipping-taxable","16":"purchasable","17":"product-type-simple"},"_links":{"self":[{"href":"https:\/\/bracaravinum.pt\/fr\/wp-json\/wp\/v2\/product\/21640","targetHints":{"allow":["GET"]}}],"collection":[{"href":"https:\/\/bracaravinum.pt\/fr\/wp-json\/wp\/v2\/product"}],"about":[{"href":"https:\/\/bracaravinum.pt\/fr\/wp-json\/wp\/v2\/types\/product"}],"wp:featuredmedia":[{"embeddable":true,"href":"https:\/\/bracaravinum.pt\/fr\/wp-json\/wp\/v2\/media\/21641"}],"wp:attachment":[{"href":"https:\/\/bracaravinum.pt\/fr\/wp-json\/wp\/v2\/media?parent=21640"}],"wp:term":[{"taxonomy":"product_brand","embeddable":true,"href":"https:\/\/bracaravinum.pt\/fr\/wp-json\/wp\/v2\/product_brand?post=21640"},{"taxonomy":"product_cat","embeddable":true,"href":"https:\/\/bracaravinum.pt\/fr\/wp-json\/wp\/v2\/product_cat?post=21640"},{"taxonomy":"product_tag","embeddable":true,"href":"https:\/\/bracaravinum.pt\/fr\/wp-json\/wp\/v2\/product_tag?post=21640"}],"curies":[{"name":"wp","href":"https:\/\/api.w.org\/{rel}","templated":true}]}}