{"id":21608,"date":"2026-03-25T12:51:51","date_gmt":"2026-03-25T12:51:51","guid":{"rendered":"https:\/\/bracaravinum.pt\/?post_type=product&#038;p=21608"},"modified":"2026-03-25T12:51:51","modified_gmt":"2026-03-25T12:51:51","slug":"whisky-paddy-70cl","status":"publish","type":"product","link":"https:\/\/bracaravinum.pt\/fr\/produit\/whisky-paddy-70cl\/","title":{"rendered":"Whisky Paddy 70cl"},"content":{"rendered":"<p><img decoding=\"async\" class=\"aligncenter\" src=\"https:\/\/upload.wikimedia.org\/wikipedia\/en\/3\/3b\/Paddy_Whiskey_logo.png\" alt=\"Paddy Whiskey - Wikipedia\" width=\"174\" height=\"149\" \/><\/p>\n<p>No u\u00edsque que leva seu nome, o esp\u00edrito lend\u00e1rio de Patrick J. O\u2019Flaherty continua vivo at\u00e9 hoje, em todo o mundo. Para seus amigos, era Paddy, e eles eram muitos. Um sujeito gentil, generoso e querido, Paddy viajou de pub em pub pela Irlanda, vendendo o u\u00edsque Map of Ireland da Cork Distilleries e oferecendo rodadas de bebidas gratuitas pelo caminho, por mais de quatro d\u00e9cadas. Mas a lenda (e o u\u00edsque) se tornaram favoritos muito al\u00e9m da Irlanda. Em pouco tempo, clientes e donos de pubs internacionais clamavam por mais \u201cPaddy\u201d, ent\u00e3o o nome do u\u00edsque foi mudado para homenagear o pr\u00f3prio, conforme a demanda global aumentava. O u\u00edsque que leva o nome de Paddy, triplamente destilado e envelhecido em barris de carvalho do Condado de Cork, na Irlanda, sempre foi leve, equilibrado e puro. Um u\u00edsque suave e acess\u00edvel por quase um quarto de mil\u00eanio, ele permanece assim hoje, onde quer que voc\u00ea o aprecie.<\/p>","protected":false},"excerpt":{"rendered":"<p>Aroma: Maltado, fresco, amadeirado. Notas de especiarias, mel e baunilha.<\/p>\n<p>Sabor: Leve e crocante. Notas de nozes, malte e madeira tostada.<\/p>\n<p>Finaliza\u00e7\u00e3o: Uma do\u00e7ura que se dissipa suavemente. Um leve sabor amadeirado de malte que persiste.<\/p>","protected":false},"featured_media":21609,"template":"","meta":{"_exactmetrics_skip_tracking":false,"_exactmetrics_sitenote_active":false,"_exactmetrics_sitenote_note":"","_exactmetrics_sitenote_category":0,"_uf_show_specific_survey":0,"_uf_disable_surveys":false,"iawp_total_views":2},"product_brand":[],"product_cat":[158,179],"product_tag":[],"class_list":{"0":"post-21608","1":"product","2":"type-product","3":"status-publish","4":"has-post-thumbnail","6":"product_cat-espirituosos","7":"product_cat-whisky","9":"first","10":"instock","11":"shipping-taxable","12":"purchasable","13":"product-type-simple"},"_links":{"self":[{"href":"https:\/\/bracaravinum.pt\/fr\/wp-json\/wp\/v2\/product\/21608","targetHints":{"allow":["GET"]}}],"collection":[{"href":"https:\/\/bracaravinum.pt\/fr\/wp-json\/wp\/v2\/product"}],"about":[{"href":"https:\/\/bracaravinum.pt\/fr\/wp-json\/wp\/v2\/types\/product"}],"wp:featuredmedia":[{"embeddable":true,"href":"https:\/\/bracaravinum.pt\/fr\/wp-json\/wp\/v2\/media\/21609"}],"wp:attachment":[{"href":"https:\/\/bracaravinum.pt\/fr\/wp-json\/wp\/v2\/media?parent=21608"}],"wp:term":[{"taxonomy":"product_brand","embeddable":true,"href":"https:\/\/bracaravinum.pt\/fr\/wp-json\/wp\/v2\/product_brand?post=21608"},{"taxonomy":"product_cat","embeddable":true,"href":"https:\/\/bracaravinum.pt\/fr\/wp-json\/wp\/v2\/product_cat?post=21608"},{"taxonomy":"product_tag","embeddable":true,"href":"https:\/\/bracaravinum.pt\/fr\/wp-json\/wp\/v2\/product_tag?post=21608"}],"curies":[{"name":"wp","href":"https:\/\/api.w.org\/{rel}","templated":true}]}}