{"id":21599,"date":"2026-03-24T17:39:47","date_gmt":"2026-03-24T17:39:47","guid":{"rendered":"https:\/\/bracaravinum.pt\/?post_type=product&#038;p=21599"},"modified":"2026-03-24T17:39:47","modified_gmt":"2026-03-24T17:39:47","slug":"whisky-kurapure-malt-70cl","status":"publish","type":"product","link":"https:\/\/bracaravinum.pt\/fr\/produit\/whisky-kurapure-malt-70cl\/","title":{"rendered":"Whisky KuraPure Malt 70cl"},"content":{"rendered":"<p><img decoding=\"async\" class=\"aligncenter\" src=\"https:\/\/encrypted-tbn0.gstatic.com\/images?q=tbn:ANd9GcRgV4HvRQXHf2-ftLSxrG421wTB2Xr3x5UAQw&amp;s\" alt=\"Helios Rum | Malt &amp; Wine Asia Pte Ltd\" \/><\/p>\n<p>A Cervejaria Helios Sake foi fundada em 1961. A cervejaria \u00e9 uma fabricante completa de bebidas alco\u00f3licas, com sede em Kyoda, cidade de Nago, prov\u00edncia de Okinawa, e possui seis tipos de licen\u00e7as de fabrica\u00e7\u00e3o: Awamori, Destilados, U\u00edsque, Bebidas destiladas, Cerveja e Happoshu.<\/p>\n<p>Aproveitando a hist\u00f3ria singular de Okinawa e os abundantes recursos locais, que se beneficiam da natureza, a cervejaria prioriza a mat\u00e9ria-prima e os m\u00e9todos tradicionais de fabrica\u00e7\u00e3o. Como parte da produ\u00e7\u00e3o sustent\u00e1vel de saqu\u00ea, que visa o futuro daqui a 100 anos, a cervejaria trabalha ativamente para desenvolver m\u00e9todos de produ\u00e7\u00e3o que levem em considera\u00e7\u00e3o o meio ambiente.<\/p>\n<p>Al\u00e9m dos esfor\u00e7os para reutilizar e reciclar recursos e reduzir o consumo de \u00e1gua, a empresa busca reduzir as emiss\u00f5es de CO2 por meio da gera\u00e7\u00e3o de energia solar.<\/p>","protected":false},"excerpt":{"rendered":"<p>Kura The Whisky Pure Malt \u00e9 um blended malt japon\u00eas da ilha de Okinawa. \u00c9 uma mistura de whiskies de malte envelhecidos em cascos de carvalho americano e finalizados em cascos de rum japon\u00eas. Este processo confere-lhe um perfil de sabor \u00fanico, com notas de baunilha, ameixa, especiarias e uma do\u00e7ura tropical.<\/p>","protected":false},"featured_media":21600,"template":"","meta":{"_exactmetrics_skip_tracking":false,"_exactmetrics_sitenote_active":false,"_exactmetrics_sitenote_note":"","_exactmetrics_sitenote_category":0,"_uf_show_specific_survey":0,"_uf_disable_surveys":false,"iawp_total_views":8},"product_brand":[],"product_cat":[158,179],"product_tag":[],"class_list":{"0":"post-21599","1":"product","2":"type-product","3":"status-publish","4":"has-post-thumbnail","6":"product_cat-espirituosos","7":"product_cat-whisky","9":"first","10":"instock","11":"shipping-taxable","12":"purchasable","13":"product-type-simple"},"_links":{"self":[{"href":"https:\/\/bracaravinum.pt\/fr\/wp-json\/wp\/v2\/product\/21599","targetHints":{"allow":["GET"]}}],"collection":[{"href":"https:\/\/bracaravinum.pt\/fr\/wp-json\/wp\/v2\/product"}],"about":[{"href":"https:\/\/bracaravinum.pt\/fr\/wp-json\/wp\/v2\/types\/product"}],"wp:featuredmedia":[{"embeddable":true,"href":"https:\/\/bracaravinum.pt\/fr\/wp-json\/wp\/v2\/media\/21600"}],"wp:attachment":[{"href":"https:\/\/bracaravinum.pt\/fr\/wp-json\/wp\/v2\/media?parent=21599"}],"wp:term":[{"taxonomy":"product_brand","embeddable":true,"href":"https:\/\/bracaravinum.pt\/fr\/wp-json\/wp\/v2\/product_brand?post=21599"},{"taxonomy":"product_cat","embeddable":true,"href":"https:\/\/bracaravinum.pt\/fr\/wp-json\/wp\/v2\/product_cat?post=21599"},{"taxonomy":"product_tag","embeddable":true,"href":"https:\/\/bracaravinum.pt\/fr\/wp-json\/wp\/v2\/product_tag?post=21599"}],"curies":[{"name":"wp","href":"https:\/\/api.w.org\/{rel}","templated":true}]}}