{"id":21382,"date":"2026-02-24T16:29:43","date_gmt":"2026-02-24T16:29:43","guid":{"rendered":"https:\/\/bracaravinum.pt\/?post_type=product&#038;p=21382"},"modified":"2026-02-24T16:29:43","modified_gmt":"2026-02-24T16:29:43","slug":"meruge-branco-75cl","status":"publish","type":"product","link":"https:\/\/bracaravinum.pt\/fr\/produit\/meruge-branco-75cl\/","title":{"rendered":"Meruge Branco 75cl"},"content":{"rendered":"<p><img fetchpriority=\"high\" decoding=\"async\" class=\"aligncenter\" src=\"https:\/\/www.lavradoresdefeitoria.pt\/cdn\/shop\/files\/logo-douro-coletivo.png?v=1762338402&amp;width=600\" alt=\"Lavradores de Feitoria\" width=\"529\" height=\"126\" \/><\/p>\n<p>Em 2000, 15 lavradores durienses uniram-se num projeto coletivo singular, partindo da diversidade, da associa\u00e7\u00e3o e da colabora\u00e7\u00e3o para fazer melhores vinhos, juntos. Partilhando uma vis\u00e3o comum e com o des\u00edgnio de fazer vinhos de qualidade, estes produtores escolheram o risco de criar a sua pr\u00f3pria empresa e, em simult\u00e2neo, assumir o destino das suas vinhas e uvas.<\/p>\n<p>Procuramos valorizar quem trabalha a terra, para garantir a sustentabilidade das vinhas e o futuro da regi\u00e3o do Douro &#8211; patrim\u00f3nio mundial da UNESCO \u2013 preservando ao mesmo tempo a nossa identidade e o modo de vida singular.<\/p>\n<p>Das vinhas espalhadas pelas 3 sub-regi\u00f5es do Douro, a diferentes altitudes e exposi\u00e7\u00e3o solar, chegam as uvas que recebemos na nossa adega em Sabrosa, inaugurada em 2021. Aqui produzimos os nossos vinhos que privilegiam a frescura, eleg\u00e2ncia e o equil\u00edbrio, mas sempre com o cunho do car\u00e1cter \u00fanico e vincado da regi\u00e3o do Douro, uma das regi\u00f5es cl\u00e1ssicas do mundo do vinho.<\/p>","protected":false},"excerpt":{"rendered":"<p>Uma planta silvestre e um conceito de vinhos que interpretam a vinha, para melhor a expressar no copo. Cor palha citrino e com aromas de fruta fresca, como p\u00eara e marmelo, e ligeiras nuances de anan\u00e1s. \u00c0 medida que abre no copo, libertam-se aromas a especiarias e frutos secos. Na boca \u00e9 fresco e frutado. Equilibrado entre a estrutura e acidez, suportada por uma fruta branca, com alguns frutos secos e ligeiro abaunilhado, fruto de um est\u00e1gio em madeira bem integrado. \u00c9 expressivo e harmonioso. Com um final longo e persistente, pela sua frescura, promete longevidade. Acompanha sopas, peixes gordos, bacalhau, polvo, queijos e enchidos.<\/p>","protected":false},"featured_media":21384,"template":"","meta":{"_exactmetrics_skip_tracking":false,"_exactmetrics_sitenote_active":false,"_exactmetrics_sitenote_note":"","_exactmetrics_sitenote_category":0,"_uf_show_specific_survey":0,"_uf_disable_surveys":false,"iawp_total_views":0},"product_brand":[],"product_cat":[185,188,157],"product_tag":[],"class_list":{"0":"post-21382","1":"product","2":"type-product","3":"status-publish","4":"has-post-thumbnail","6":"product_cat-branco","7":"product_cat-douro-branco","8":"product_cat-vinhos","10":"first","11":"instock","12":"shipping-taxable","13":"purchasable","14":"product-type-simple"},"_links":{"self":[{"href":"https:\/\/bracaravinum.pt\/fr\/wp-json\/wp\/v2\/product\/21382","targetHints":{"allow":["GET"]}}],"collection":[{"href":"https:\/\/bracaravinum.pt\/fr\/wp-json\/wp\/v2\/product"}],"about":[{"href":"https:\/\/bracaravinum.pt\/fr\/wp-json\/wp\/v2\/types\/product"}],"wp:featuredmedia":[{"embeddable":true,"href":"https:\/\/bracaravinum.pt\/fr\/wp-json\/wp\/v2\/media\/21384"}],"wp:attachment":[{"href":"https:\/\/bracaravinum.pt\/fr\/wp-json\/wp\/v2\/media?parent=21382"}],"wp:term":[{"taxonomy":"product_brand","embeddable":true,"href":"https:\/\/bracaravinum.pt\/fr\/wp-json\/wp\/v2\/product_brand?post=21382"},{"taxonomy":"product_cat","embeddable":true,"href":"https:\/\/bracaravinum.pt\/fr\/wp-json\/wp\/v2\/product_cat?post=21382"},{"taxonomy":"product_tag","embeddable":true,"href":"https:\/\/bracaravinum.pt\/fr\/wp-json\/wp\/v2\/product_tag?post=21382"}],"curies":[{"name":"wp","href":"https:\/\/api.w.org\/{rel}","templated":true}]}}