{"id":21344,"date":"2026-02-24T14:56:17","date_gmt":"2026-02-24T14:56:17","guid":{"rendered":"https:\/\/bracaravinum.pt\/?post_type=product&#038;p=21344"},"modified":"2026-02-24T14:56:17","modified_gmt":"2026-02-24T14:56:17","slug":"quinta-da-costa-do-pinhao-alicante-bouschet-tinto-75cl","status":"publish","type":"product","link":"https:\/\/bracaravinum.pt\/fr\/produit\/quinta-da-costa-do-pinhao-alicante-bouschet-tinto-75cl\/","title":{"rendered":"Quinta da Costa do Pinh\u00e3o Alicante Bouschet Tinto 75cl"},"content":{"rendered":"<p>A Quinta da Costa est\u00e1 na fam\u00edlia h\u00e1 6 gera\u00e7\u00f5es. Est\u00e1 localizada junto ao Rio Pinh\u00e3o em pelo cora\u00e7\u00e3o da sub-regi\u00e3o do Cima Corgo da Regi\u00e3o Demarcada do Douro. As vinhas situam-se a altitudes que variam entre os 200 metros e os 450 metros, com exposi\u00e7\u00e3o a sul-nascente, sul e sul-poente, com a melhor classifica\u00e7\u00e3o da Regi\u00e3o Demarcada, letra A.<\/p>\n<p>Foi desde sempre uma Quinta de refer\u00eancia no Douro, produzindo vinhos do Porto para as grandes casas de vinho do Porto, frequentemente integrando os seus Vintage. Nos anos setenta e oitenta o av\u00f4 do produtor dedicou-se \u00e0 reconvers\u00e3o da vinha, expandindo a \u00e1rea e mecanizando a vinha. Decidiu manter cerca de 3 hectares de vinha velha, em mem\u00f3ria dos seus antepassados. \u00c9 com estas vinhas velhas que produzem hoje os seus melhores vinhos.<\/p>\n<p>Em 2006, ap\u00f3s partilhas, a Quinta passou para as m\u00e3os do atual produtor, e desde ent\u00e3o tem-se dedicado a produzir as melhores uvas e, foi inevit\u00e1vel, o melhor vinho. Acreditando em respeitar a tradi\u00e7\u00e3o e pela diferencia\u00e7\u00e3o pela qualidade, convidaram o en\u00f3logo Lu\u00eds Seabra para os ajudar a produzir os vinhos da Quinta da Costa do Pinh\u00e3o.<\/p>","protected":false},"excerpt":{"rendered":"<p>Cor profunda e vibrante. Perfil de sabor intenso repleto de frutos vermelhos e pretos, resinas e especiarias. Taninos vivos e acidez equilibrada completam este vinho en\u00e9rgico e cativante.<\/p>","protected":false},"featured_media":21345,"template":"","meta":{"_exactmetrics_skip_tracking":false,"_exactmetrics_sitenote_active":false,"_exactmetrics_sitenote_note":"","_exactmetrics_sitenote_category":0,"_uf_show_specific_survey":0,"_uf_disable_surveys":false,"iawp_total_views":3},"product_brand":[],"product_cat":[157,184,215],"product_tag":[],"class_list":{"0":"post-21344","1":"product","2":"type-product","3":"status-publish","4":"has-post-thumbnail","6":"product_cat-vinhos","7":"product_cat-tinto","8":"product_cat-douro","10":"first","11":"instock","12":"shipping-taxable","13":"purchasable","14":"product-type-simple"},"_links":{"self":[{"href":"https:\/\/bracaravinum.pt\/fr\/wp-json\/wp\/v2\/product\/21344","targetHints":{"allow":["GET"]}}],"collection":[{"href":"https:\/\/bracaravinum.pt\/fr\/wp-json\/wp\/v2\/product"}],"about":[{"href":"https:\/\/bracaravinum.pt\/fr\/wp-json\/wp\/v2\/types\/product"}],"wp:featuredmedia":[{"embeddable":true,"href":"https:\/\/bracaravinum.pt\/fr\/wp-json\/wp\/v2\/media\/21345"}],"wp:attachment":[{"href":"https:\/\/bracaravinum.pt\/fr\/wp-json\/wp\/v2\/media?parent=21344"}],"wp:term":[{"taxonomy":"product_brand","embeddable":true,"href":"https:\/\/bracaravinum.pt\/fr\/wp-json\/wp\/v2\/product_brand?post=21344"},{"taxonomy":"product_cat","embeddable":true,"href":"https:\/\/bracaravinum.pt\/fr\/wp-json\/wp\/v2\/product_cat?post=21344"},{"taxonomy":"product_tag","embeddable":true,"href":"https:\/\/bracaravinum.pt\/fr\/wp-json\/wp\/v2\/product_tag?post=21344"}],"curies":[{"name":"wp","href":"https:\/\/api.w.org\/{rel}","templated":true}]}}