{"id":21309,"date":"2026-02-23T16:53:01","date_gmt":"2026-02-23T16:53:01","guid":{"rendered":"https:\/\/bracaravinum.pt\/?post_type=product&#038;p=21309"},"modified":"2026-02-23T16:53:01","modified_gmt":"2026-02-23T16:53:01","slug":"quinta-da-corte-princesa-reserva-tinto-75cl","status":"publish","type":"product","link":"https:\/\/bracaravinum.pt\/fr\/produit\/quinta-da-corte-princesa-reserva-tinto-75cl\/","title":{"rendered":"Quinta da C\u00f4rte Princesa Reserva Tinto 75cl"},"content":{"rendered":"<p><img decoding=\"async\" class=\"aligncenter\" src=\"https:\/\/quintadacorte.com\/wp-content\/uploads\/2024\/01\/logo-quinta-da-corte.svg\" alt=\"Quinta da C\u00f4rte\" width=\"227\" height=\"164\" \/><\/p>\n<p>A Quinta da C\u00f4rte, ilustra a nobreza de uma hist\u00f3ria incontorn\u00e1vel e de um terroir excecional de xisto. A sua hist\u00f3ria remonta ao s\u00e9culo XIX, com os primeiros relatos de planta\u00e7\u00f5es de vinha datados de 1814. A parcela 505, \u00e9 uma das mais antigas da era p\u00f3s-filoxera com mais de 100 castas misturadas. Historicamente ligada \u00e0 produ\u00e7\u00e3o de Vinho do Porto, inicia a produ\u00e7\u00e3o de Vinhos DOC Douro e Porto com o pr\u00f3prio nome, quando passa a fazer parte das propriedades vitivin\u00edcolas de Philippe Austruy em 2013. Hoje, a Quinta da C\u00f4rte enquadra-se na filosofia de vinhas Austruy e faz parte da irmandade da Commanderie de Peyrassol em C\u00f4tes de Provence, do Ch\u00e2teau Malescasse, um \u201ccru bourgeois\u201d da regi\u00e3o francesa de Haut-M\u00e9doc e da Tenuta Casenuove na Toscana.<\/p>\n<p>Em condi\u00e7\u00f5es extremas como as condi\u00e7\u00f5es que existem no Douro, a vinha exige um acompanhamento constante. Exige ainda mais aten\u00e7\u00e3o, porque \u00e9 extremamente dif\u00edcil trabalhar nesta vinha e tamb\u00e9m devido \u00e0 diversidade das castas que n\u00e3o permitem uma solu\u00e7\u00e3o \u00fanica. Um trabalho personalizado, todos os dias.<\/p>","protected":false},"excerpt":{"rendered":"<p>Castas: Tinta Barroca, Tinta Roriz, Touriga Nacional, Vinhas Velhas e Touriga Franca.<\/p>\n<p>Cor retinta. Aromas muito frescos de frutos vermelhos (amora, groselha preta) e algumas especiarias em harmonia com algumas notas florais. Na boca tem taninos suaves e \u00e9 muito elegante.<\/p>","protected":false},"featured_media":21310,"template":"","meta":{"_exactmetrics_skip_tracking":false,"_exactmetrics_sitenote_active":false,"_exactmetrics_sitenote_note":"","_exactmetrics_sitenote_category":0,"_uf_show_specific_survey":0,"_uf_disable_surveys":false,"iawp_total_views":1},"product_brand":[],"product_cat":[215,184,157],"product_tag":[],"class_list":{"0":"post-21309","1":"product","2":"type-product","3":"status-publish","4":"has-post-thumbnail","6":"product_cat-douro","7":"product_cat-tinto","8":"product_cat-vinhos","10":"first","11":"instock","12":"shipping-taxable","13":"purchasable","14":"product-type-simple"},"_links":{"self":[{"href":"https:\/\/bracaravinum.pt\/fr\/wp-json\/wp\/v2\/product\/21309","targetHints":{"allow":["GET"]}}],"collection":[{"href":"https:\/\/bracaravinum.pt\/fr\/wp-json\/wp\/v2\/product"}],"about":[{"href":"https:\/\/bracaravinum.pt\/fr\/wp-json\/wp\/v2\/types\/product"}],"wp:featuredmedia":[{"embeddable":true,"href":"https:\/\/bracaravinum.pt\/fr\/wp-json\/wp\/v2\/media\/21310"}],"wp:attachment":[{"href":"https:\/\/bracaravinum.pt\/fr\/wp-json\/wp\/v2\/media?parent=21309"}],"wp:term":[{"taxonomy":"product_brand","embeddable":true,"href":"https:\/\/bracaravinum.pt\/fr\/wp-json\/wp\/v2\/product_brand?post=21309"},{"taxonomy":"product_cat","embeddable":true,"href":"https:\/\/bracaravinum.pt\/fr\/wp-json\/wp\/v2\/product_cat?post=21309"},{"taxonomy":"product_tag","embeddable":true,"href":"https:\/\/bracaravinum.pt\/fr\/wp-json\/wp\/v2\/product_tag?post=21309"}],"curies":[{"name":"wp","href":"https:\/\/api.w.org\/{rel}","templated":true}]}}