{"id":21273,"date":"2026-02-23T15:36:44","date_gmt":"2026-02-23T15:36:44","guid":{"rendered":"https:\/\/bracaravinum.pt\/?post_type=product&#038;p=21273"},"modified":"2026-02-23T15:43:19","modified_gmt":"2026-02-23T15:43:19","slug":"omnia-vinha-do-alto-tinto-75cl","status":"publish","type":"product","link":"https:\/\/bracaravinum.pt\/fr\/produit\/omnia-vinha-do-alto-tinto-75cl\/","title":{"rendered":"Omnia Vinha do Alto Tinto 75cl"},"content":{"rendered":"<p><img fetchpriority=\"high\" decoding=\"async\" class=\"aligncenter\" src=\"https:\/\/jcabralalmeida.com\/wp-content\/uploads\/2023\/03\/logo_-01-1024x507.png\" width=\"581\" height=\"288\" \/><\/p>\n<p>A J.CABRAL ALMEIDA \u00e9 uma empresa de vinhos fundada por Jo\u00e3o Cabral de Almeida, um en\u00f3logo de 36 anos de idade proveniente de Portugal que trabalha essencialmente no Norte de Portugal nas regi\u00f5es de Vinhos Verdes, Douro e D\u00e3o.<br \/>\nSem ideias nem vinhas fixas, procuramos terroirs que transmitam algo especial.<br \/>\nVinhos originais e genu\u00ednos, recheados de car\u00e1cter, como as pessoas e os lugares do nosso pa\u00eds.<br \/>\nO conceito de vinifica\u00e7\u00e3o da J. CABRAL ALMEIDA WINES \u00e9 demonstrar o potencial de diferentes variedades de uvas em diferentes terroirs. Os nossos vinhos s\u00e3o produzidos usando uma filosofia de interven\u00e7\u00e3o m\u00ednima na vinifica\u00e7\u00e3o para ajudar a refletir a autenticidade de cada variedade de uva \/ terroir. O que pretendemos \u00e9 engarrafar Portugal!<\/p>","protected":false},"excerpt":{"rendered":"<p>O nariz revela notas de carvalho, violeta, ameixas e cerejas. Na boca, apresenta sabores de frutos vermelhos, ameixas e um ligeiro toque terroso. Taninos suaves e delicados, com ricos sabores frutados, culminando num final de grande equil\u00edbrio e eleg\u00e2ncia. Com boa estrutura, o vinho \u00e9 encorpado, com uma textura maravilhosa, taninos finos e um final sedoso.<\/p>","protected":false},"featured_media":21274,"template":"","meta":{"_exactmetrics_skip_tracking":false,"_exactmetrics_sitenote_active":false,"_exactmetrics_sitenote_note":"","_exactmetrics_sitenote_category":0,"_uf_show_specific_survey":0,"_uf_disable_surveys":false,"iawp_total_views":4},"product_brand":[],"product_cat":[157,184,215],"product_tag":[],"class_list":{"0":"post-21273","1":"product","2":"type-product","3":"status-publish","4":"has-post-thumbnail","6":"product_cat-vinhos","7":"product_cat-tinto","8":"product_cat-douro","10":"first","11":"instock","12":"shipping-taxable","13":"purchasable","14":"product-type-simple"},"_links":{"self":[{"href":"https:\/\/bracaravinum.pt\/fr\/wp-json\/wp\/v2\/product\/21273","targetHints":{"allow":["GET"]}}],"collection":[{"href":"https:\/\/bracaravinum.pt\/fr\/wp-json\/wp\/v2\/product"}],"about":[{"href":"https:\/\/bracaravinum.pt\/fr\/wp-json\/wp\/v2\/types\/product"}],"wp:featuredmedia":[{"embeddable":true,"href":"https:\/\/bracaravinum.pt\/fr\/wp-json\/wp\/v2\/media\/21274"}],"wp:attachment":[{"href":"https:\/\/bracaravinum.pt\/fr\/wp-json\/wp\/v2\/media?parent=21273"}],"wp:term":[{"taxonomy":"product_brand","embeddable":true,"href":"https:\/\/bracaravinum.pt\/fr\/wp-json\/wp\/v2\/product_brand?post=21273"},{"taxonomy":"product_cat","embeddable":true,"href":"https:\/\/bracaravinum.pt\/fr\/wp-json\/wp\/v2\/product_cat?post=21273"},{"taxonomy":"product_tag","embeddable":true,"href":"https:\/\/bracaravinum.pt\/fr\/wp-json\/wp\/v2\/product_tag?post=21273"}],"curies":[{"name":"wp","href":"https:\/\/api.w.org\/{rel}","templated":true}]}}