{"id":21207,"date":"2026-02-18T12:52:17","date_gmt":"2026-02-18T12:52:17","guid":{"rendered":"https:\/\/bracaravinum.pt\/?post_type=product&#038;p=21207"},"modified":"2026-02-18T13:04:00","modified_gmt":"2026-02-18T13:04:00","slug":"whisky-james-martins-32-anos-70cl","status":"publish","type":"product","link":"https:\/\/bracaravinum.pt\/fr\/produit\/whisky-james-martins-32-anos-70cl\/","title":{"rendered":"Whisky James Martin&#8217;s 32 anos 70cl"},"content":{"rendered":"<p>A James Martin&#8217;s &amp; Co Ltd tem mais de 130 anos de experi\u00eancia. Os whiskies que constituem James Martin\u2019s foram seleccionados em toda a Esc\u00f3cia e deixados a envelhecer durante anos. Ao longo de todo o per\u00edodo excepcionalmente longo de matura\u00e7\u00e3o foram cuidadosamente acompanhados e seguidamente misturados de forma a obter um agrad\u00e1vel equil\u00edbrio entre suavidade e riqueza, com um profundo sabor e uma frescura pura.<\/p>","protected":false},"excerpt":{"rendered":"<p>James Martin&#8217;s regressa numa rara edi\u00e7\u00e3o limitada pela m\u00e3o de Dr. Bill Lumsden, o aclamado Director de Cria\u00e7\u00e3o de Whisky da The Glenmorangie Company. Misturado a partir de uma sele\u00e7\u00e3o de whiskies excecionais envelhecidos, James Martin&#8217;s 32 tem todos os sabores completos e arredondados pelos quais o whisky James Martin&#8217;s ainda \u00e9 conhecido. Estes sabores generosos ficaram ainda mais enriquecidos pelos 32 anos de barrica.<\/p>","protected":false},"featured_media":21208,"template":"","meta":{"_exactmetrics_skip_tracking":false,"_exactmetrics_sitenote_active":false,"_exactmetrics_sitenote_note":"","_exactmetrics_sitenote_category":0,"_uf_show_specific_survey":0,"_uf_disable_surveys":false,"iawp_total_views":2},"product_brand":[],"product_cat":[258,216,162,158,179],"product_tag":[],"class_list":{"0":"post-21207","1":"product","2":"type-product","3":"status-publish","4":"has-post-thumbnail","6":"product_cat-conjuntos-de-oferta","7":"product_cat-conjuntos","8":"product_cat-raridades","9":"product_cat-espirituosos","10":"product_cat-whisky","12":"first","13":"instock","14":"shipping-taxable","15":"purchasable","16":"product-type-simple"},"_links":{"self":[{"href":"https:\/\/bracaravinum.pt\/fr\/wp-json\/wp\/v2\/product\/21207","targetHints":{"allow":["GET"]}}],"collection":[{"href":"https:\/\/bracaravinum.pt\/fr\/wp-json\/wp\/v2\/product"}],"about":[{"href":"https:\/\/bracaravinum.pt\/fr\/wp-json\/wp\/v2\/types\/product"}],"wp:featuredmedia":[{"embeddable":true,"href":"https:\/\/bracaravinum.pt\/fr\/wp-json\/wp\/v2\/media\/21208"}],"wp:attachment":[{"href":"https:\/\/bracaravinum.pt\/fr\/wp-json\/wp\/v2\/media?parent=21207"}],"wp:term":[{"taxonomy":"product_brand","embeddable":true,"href":"https:\/\/bracaravinum.pt\/fr\/wp-json\/wp\/v2\/product_brand?post=21207"},{"taxonomy":"product_cat","embeddable":true,"href":"https:\/\/bracaravinum.pt\/fr\/wp-json\/wp\/v2\/product_cat?post=21207"},{"taxonomy":"product_tag","embeddable":true,"href":"https:\/\/bracaravinum.pt\/fr\/wp-json\/wp\/v2\/product_tag?post=21207"}],"curies":[{"name":"wp","href":"https:\/\/api.w.org\/{rel}","templated":true}]}}