{"id":20364,"date":"2025-10-22T15:06:26","date_gmt":"2025-10-22T15:06:26","guid":{"rendered":"https:\/\/bracaravinum.pt\/?post_type=product&#038;p=20364"},"modified":"2025-11-07T18:35:01","modified_gmt":"2025-11-07T18:35:01","slug":"cortes-do-reguengo-vinha-das-chas-branco15l","status":"publish","type":"product","link":"https:\/\/bracaravinum.pt\/fr\/produit\/cortes-do-reguengo-vinha-das-chas-branco15l\/","title":{"rendered":"Cortes do Reguengo Vinha das Ch\u00e3s Branco 2023 1,5L"},"content":{"rendered":"<p><img fetchpriority=\"high\" decoding=\"async\" class=\"size-full wp-image-17211 aligncenter\" src=\"http:\/\/bracaravinum.pt\/wp-content\/uploads\/2023\/01\/logo-quinta-reguengo.png\" alt=\"\" width=\"300\" height=\"226\" srcset=\"https:\/\/bracaravinum.pt\/wp-content\/uploads\/2023\/01\/logo-quinta-reguengo.png 300w, https:\/\/bracaravinum.pt\/wp-content\/uploads\/2023\/01\/logo-quinta-reguengo-16x12.png 16w\" sizes=\"(max-width: 300px) 100vw, 300px\" \/><\/p>\n<p>&nbsp;<\/p>\n<p>C&#039;est depuis le fleuve Douro, lors d&#039;une excursion en bateau, que le patriarche de la famille Cardoso a vu pour la premi\u00e8re fois la propri\u00e9t\u00e9 qu&#039;il deviendra la sienne : Quinta do Reguengo, \u00e0 Pocinho (Vila Nova de Foz C\u00f4a).<br \/>\nSi la beaut\u00e9 de la r\u00e9gion du patrimoine mondial a enchant\u00e9 la famille, c&#039;est le d\u00e9sir et la vision de cr\u00e9er d&#039;excellents vins qui les ont fait rester, depuis 2018, pour donner une nouvelle vie au \u00ab reguengo \u00bb qui appartenait autrefois \u00e0 la reine D. Am\u00e9lia.<br \/>\nLa r\u00e9habilitation de la cave et des moulins, ainsi que la restructuration du vignoble, se mat\u00e9rialisent d\u00e9j\u00e0 par de nouvelles r\u00e9f\u00e9rences viticoles qui honorent l&#039;histoire et le profil de la r\u00e9gion.<\/p>\n<p>Situ\u00e9e dans la sous-r\u00e9gion du Douro Sup\u00e9rieur, Quinta do Reguengo est situ\u00e9e sur la faille tectonique de Vilari\u00e7a, o\u00f9 les sols argilo-schisteux avec des affleurements granitiques se combinent avec un microclimat unique, qui s&#039;appuie sur les vents chauds et humides de la vall\u00e9e fluviale et les vents les plus frais. en Espagne.<br \/>\nCet \u00e9cosyst\u00e8me naturel exceptionnel pour la production de vins complexes et \u00e9quilibr\u00e9s b\u00e9n\u00e9ficie \u00e9galement d&#039;une grande diversit\u00e9 d&#039;altitudes (jusqu&#039;\u00e0 300 m\u00e8tres), d&#039;ensoleillement et de c\u00e9pages.<\/p>\n<p>Les 200 hectares appartenant au producteur s&#039;\u00e9tendent sur deux sites qui fusionnent sous la banni\u00e8re Quinta do Reguengo : la Quinta elle-m\u00eame, entour\u00e9e par le fleuve Douro, et \u00e9galement Vale da Pia, une propri\u00e9t\u00e9 plus \u00e9lev\u00e9e et plus \u00e9tendue, o\u00f9 elle \u00e9tait complexe. des travaux ont \u00e9t\u00e9 men\u00e9s pour restaurer et renouveler le vignoble.<br \/>\nUne douzaine de c\u00e9pages \u2013 dont Touriga Nacional et Touriga Francesa, Tinta Roriz, Gouveio ou Viosinho \u2013 trouvent des places id\u00e9ales dans les deux propri\u00e9t\u00e9s pour atteindre leur expression optimale.<\/p>","protected":false},"excerpt":{"rendered":"<p>O Cortes do Reguengo Vinha das Ch\u00e3s Branco 2023 1.5L \u00e9 um tributo \u00e0 casta Rabigato e \u00e0 altitude \u00fanica do Douro Superior. Proveniente de uma parcela a 600\u202fm, esta garrafa Magnum revela a frescura caracter\u00edstica das vinhas de grande altitude e o car\u00e1cter mineral dos solos xistosos.<\/p>\n<p>A vindima manual de 2023 precede uma vinifica\u00e7\u00e3o de precis\u00e3o: o mosto fermenta em ovo de cimento e a\u00ed estagia durante 9 meses, processo que preserva a pureza arom\u00e1tica e adiciona uma textura cremosa sem recorrer a madeira. Este m\u00e9todo ancestral real\u00e7a a acidez natural e a mineralidade, resultando num perfil elegante e vibrante.<\/p>\n<p>No copo, ostenta um amarelo citrino l\u00edmpido, e no nariz sobressaem notas de fruta branca (ma\u00e7\u00e3 verde e p\u00eara), toques florais e um tra\u00e7o subtil de citrinos. Em boca, a acidez viva (aprox. 12\u202f% vol.) sustenta um paladar fresco, pontuado por nuances de lima e pedra molhada, culminando num final longo e salino.<\/p>\n<p>Ideal para partilhar em ocasi\u00f5es descontra\u00eddas, este Vinha das Ch\u00e3s Branco 2023 1.5L destaca-se como aperitivo ou acompanhando pratos de marisco, peixe grelhado, saladas elaboradas e cozinha asi\u00e1tica leve. A garrafa de 1.5\u202fL \u00e9 perfeita para jantares em grupo, garantindo que todos desfrutem da mesma frescura e consist\u00eancia.<\/p>\n<p>Produzido pela Fam\u00edlia Cardoso, este Douro DOC reflete a dedica\u00e7\u00e3o e a liga\u00e7\u00e3o profunda ao territ\u00f3rio. Sirva a 10\u201312\u202f\u00b0C para revelar toda a sua complexidade. Um branco Magnum que convida \u00e0 partilha e celebra\u00e7\u00e3o do melhor que o Douro tem para oferecer.<\/p>","protected":false},"featured_media":20365,"template":"","meta":{"_exactmetrics_skip_tracking":false,"_exactmetrics_sitenote_active":false,"_exactmetrics_sitenote_note":"","_exactmetrics_sitenote_category":0,"_uf_show_specific_survey":0,"_uf_disable_surveys":false,"iawp_total_views":12},"product_brand":[],"product_cat":[258,216,157,185,188],"product_tag":[],"class_list":{"0":"post-20364","1":"product","2":"type-product","3":"status-publish","4":"has-post-thumbnail","6":"product_cat-conjuntos-de-oferta","7":"product_cat-conjuntos","8":"product_cat-vinhos","9":"product_cat-branco","10":"product_cat-douro-branco","12":"first","13":"instock","14":"shipping-taxable","15":"purchasable","16":"product-type-simple"},"_links":{"self":[{"href":"https:\/\/bracaravinum.pt\/fr\/wp-json\/wp\/v2\/product\/20364","targetHints":{"allow":["GET"]}}],"collection":[{"href":"https:\/\/bracaravinum.pt\/fr\/wp-json\/wp\/v2\/product"}],"about":[{"href":"https:\/\/bracaravinum.pt\/fr\/wp-json\/wp\/v2\/types\/product"}],"wp:featuredmedia":[{"embeddable":true,"href":"https:\/\/bracaravinum.pt\/fr\/wp-json\/wp\/v2\/media\/20365"}],"wp:attachment":[{"href":"https:\/\/bracaravinum.pt\/fr\/wp-json\/wp\/v2\/media?parent=20364"}],"wp:term":[{"taxonomy":"product_brand","embeddable":true,"href":"https:\/\/bracaravinum.pt\/fr\/wp-json\/wp\/v2\/product_brand?post=20364"},{"taxonomy":"product_cat","embeddable":true,"href":"https:\/\/bracaravinum.pt\/fr\/wp-json\/wp\/v2\/product_cat?post=20364"},{"taxonomy":"product_tag","embeddable":true,"href":"https:\/\/bracaravinum.pt\/fr\/wp-json\/wp\/v2\/product_tag?post=20364"}],"curies":[{"name":"wp","href":"https:\/\/api.w.org\/{rel}","templated":true}]}}