{"id":20281,"date":"2025-10-16T14:49:43","date_gmt":"2025-10-16T14:49:43","guid":{"rendered":"https:\/\/bracaravinum.pt\/?post_type=product&#038;p=20281"},"modified":"2025-10-16T14:52:09","modified_gmt":"2025-10-16T14:52:09","slug":"soulmate-tinto-grande-reserva-75cl","status":"publish","type":"product","link":"https:\/\/bracaravinum.pt\/fr\/produto\/soulmate-tinto-grande-reserva-75cl\/","title":{"rendered":"Soulmate Tinto Grande Reserva 75cl"},"content":{"rendered":"<p>Cortes do Tua Wines surge do cruzamento entre vinhas trigen\u00e1rias do vale do Tua e a m\u00e3o de dois jovens en\u00f3logos Duarte da Costa e Ana de Almeida.<\/p>\n<p>A paix\u00e3o pelo vinho, a experi\u00eancia internacional e a tradi\u00e7\u00e3o vitivin\u00edcola do Douro uniram estes dois jovens na produ\u00e7\u00e3o de vinhos harmoniosos, equilibrados e elegantes.<\/p>\n<p>As vinhas Cortes do Tua est\u00e3o situadas na margem esquerda do rio Tua, na sub-regi\u00e3o do Douro Superior, em pleno cora\u00e7\u00e3o da Regi\u00e3o Demarcada do Douro. A Adega Cortes do Tua situa-se na sub-regi\u00e3o do Douro Superior em Pombal de Ansi\u00e3es, Carrazeda de Ansi\u00e3es.<\/p>","protected":false},"excerpt":{"rendered":"<p>O Soulmate Grande Reserva Tinto \u00e9 um vinho que revela excelente intensidade e qualidade arom\u00e1tica, a frutos pretos bem maduros. Destacam-se ainda especiarias, como a canela e o cravinho, bals\u00e2mico, madeira muito bem integrada. Na boca tem uma magnifica estrutura, taninos firmes de grande qualidade, equilibrados por uma boa acidez. A sua grande intensidade e complexidade proporcionam um final extremamente longo.<\/p>","protected":false},"featured_media":20282,"template":"","meta":{"_exactmetrics_skip_tracking":false,"_exactmetrics_sitenote_active":false,"_exactmetrics_sitenote_note":"","_exactmetrics_sitenote_category":0,"_uf_show_specific_survey":0,"_uf_disable_surveys":false,"iawp_total_views":28},"product_brand":[],"product_cat":[215,184,157],"product_tag":[],"class_list":{"0":"post-20281","1":"product","2":"type-product","3":"status-publish","4":"has-post-thumbnail","6":"product_cat-douro","7":"product_cat-tinto","8":"product_cat-vinhos","10":"first","11":"instock","12":"shipping-taxable","13":"purchasable","14":"product-type-simple"},"_links":{"self":[{"href":"https:\/\/bracaravinum.pt\/fr\/wp-json\/wp\/v2\/product\/20281","targetHints":{"allow":["GET"]}}],"collection":[{"href":"https:\/\/bracaravinum.pt\/fr\/wp-json\/wp\/v2\/product"}],"about":[{"href":"https:\/\/bracaravinum.pt\/fr\/wp-json\/wp\/v2\/types\/product"}],"wp:featuredmedia":[{"embeddable":true,"href":"https:\/\/bracaravinum.pt\/fr\/wp-json\/wp\/v2\/media\/20282"}],"wp:attachment":[{"href":"https:\/\/bracaravinum.pt\/fr\/wp-json\/wp\/v2\/media?parent=20281"}],"wp:term":[{"taxonomy":"product_brand","embeddable":true,"href":"https:\/\/bracaravinum.pt\/fr\/wp-json\/wp\/v2\/product_brand?post=20281"},{"taxonomy":"product_cat","embeddable":true,"href":"https:\/\/bracaravinum.pt\/fr\/wp-json\/wp\/v2\/product_cat?post=20281"},{"taxonomy":"product_tag","embeddable":true,"href":"https:\/\/bracaravinum.pt\/fr\/wp-json\/wp\/v2\/product_tag?post=20281"}],"curies":[{"name":"wp","href":"https:\/\/api.w.org\/{rel}","templated":true}]}}