{"id":20043,"date":"2025-07-19T09:22:43","date_gmt":"2025-07-19T09:22:43","guid":{"rendered":"https:\/\/bracaravinum.pt\/?post_type=product&#038;p=20043"},"modified":"2025-10-07T11:23:54","modified_gmt":"2025-10-07T11:23:54","slug":"cupae-17o-tinto-2020-75cl-cx-3-garrafas","status":"publish","type":"product","link":"https:\/\/bracaravinum.pt\/fr\/produto\/cupae-17o-tinto-2020-75cl-cx-3-garrafas\/","title":{"rendered":"Cupae 17\u00ba Tinto 2020 75cl Pack 3 Garrafas"},"content":{"rendered":"<div class=\"x11i5rnm xat24cr x1mh8g0r x1vvkbs xtlvy1s x126k92a\">\n<div dir=\"auto\"><img fetchpriority=\"high\" decoding=\"async\" class=\"size-full wp-image-18757 aligncenter\" src=\"http:\/\/bracaravinum.pt\/wp-content\/uploads\/2024\/02\/cupae.png\" alt=\"\" width=\"244\" height=\"276\" srcset=\"https:\/\/bracaravinum.pt\/wp-content\/uploads\/2024\/02\/cupae.png 244w, https:\/\/bracaravinum.pt\/wp-content\/uploads\/2024\/02\/cupae-11x12.png 11w\" sizes=\"(max-width: 244px) 100vw, 244px\" \/><\/div>\n<div dir=\"auto\">Trev\u00f5es est une paroisse de la municipalit\u00e9 de S. Jo\u00e3o da Pesqueira, district de Viseu, faisant partie de la r\u00e9gion d\u00e9limit\u00e9e du Douro.<\/div>\n<\/div>\n<div class=\"x11i5rnm xat24cr x1mh8g0r x1vvkbs xtlvy1s x126k92a\">\n<div dir=\"auto\">D&#039;une superficie de plus de 18 km2, il est compos\u00e9 d&#039;un plateau (o\u00f9 pr\u00e9domine une agriculture diversifi\u00e9e), d&#039;une zone de montagne (avec un \u00e9cosyst\u00e8me forestier pr\u00e9dominant) et d&#039;une zone d&#039;escarpements montagneux, o\u00f9 les terrasses typiques du Douro sont visibles.<\/div>\n<\/div>\n<div class=\"x11i5rnm xat24cr x1mh8g0r x1vvkbs xtlvy1s x126k92a\">\n<div dir=\"auto\">L&#039;activit\u00e9 dominante et la principale source de revenus des habitants est l&#039;agriculture, tr\u00e8s riche en fruits, huile d&#039;olive, vin et produits agricoles en plus du bois comme le pin et l&#039;eucalyptus. Malgr\u00e9 son importance, la population a aujourd&#039;hui tendance \u00e0 se tourner vers d&#039;autres activit\u00e9s telles que les caf\u00e9s, les restaurants, les ateliers de r\u00e9paration, le camionnage, la serrurerie, la construction civile, entre autres.<\/div>\n<\/div>\n<div class=\"x11i5rnm xat24cr x1mh8g0r x1vvkbs xtlvy1s x126k92a\">\n<div dir=\"auto\">Faisant partie de la r\u00e9gion d\u00e9limit\u00e9e du Douro, la municipalit\u00e9 de S. Jo\u00e3o da Pesqueira est celle qui poss\u00e8de la plus grande superficie dans la zone class\u00e9e au patrimoine mondial, reconnue pour son antiquit\u00e9, ses terrasses et le croisement des cultures. C&#039;est cette combinaison de facteurs qui en fait l&#039;ex-libris de la r\u00e9gion du Douro.<\/div>\n<\/div>\n<div class=\"x11i5rnm xat24cr x1mh8g0r x1vvkbs xtlvy1s x126k92a\">\n<div dir=\"auto\">Outre la vigne (et le vin) qui a renforc\u00e9 sa pr\u00e9sence ici gr\u00e2ce \u00e0 la conversion d&#039;autres cultures qui lui ont c\u00e9d\u00e9 la place (c\u00e9r\u00e9ales, oliviers, figuiers et amandiers), la commune est \u00e9galement productrice de viande, de fruits et de produits forestiers, avec la foresterie \u00e9tant mise en avant dans la zone sud (plus froide).<\/div>\n<\/div>\n<div class=\"x11i5rnm xat24cr x1mh8g0r x1vvkbs xtlvy1s x126k92a\">\n<div dir=\"auto\">Ainsi, la Commune pr\u00e9sente un climat majoritairement continental avec des hivers tr\u00e8s froids et des \u00e9t\u00e9s tr\u00e8s chauds, une forte contrainte sur les cultures. Parce qu&#039;il n&#039;y avait plus de terre, les falaises abruptes (typiquement du Haut Douro), avec peu d&#039;humus, ont b\u00e9n\u00e9fici\u00e9 de l&#039;ing\u00e9niosit\u00e9 et de la main de l&#039;homme, qui a favoris\u00e9 la construction des admirables terrasses qui grimpent du grand Rio jusqu&#039;aux sommets bleus des montagnes. , et cela ne laisse pas indiff\u00e9rent ceux qui passent par l\u00e0.<\/div>\n<\/div>","protected":false},"excerpt":{"rendered":"<div class=\"x11i5rnm xat24cr x1mh8g0r x1vvkbs xtlvy1s x126k92a\">\n<div dir=\"auto\">Na hist\u00f3rica vila de Trev\u00f5es foi descoberto um exemplar de uma cupa talhada em granito. No tempo dos Romanos o termo cupa era utilizado para descrever vasilhas de armazenamento de vinhos, com o passar do tempo o termo cupa deu origem \u00e0 palavra cuba.<\/div>\n<\/div>\n<div class=\"x11i5rnm xat24cr x1mh8g0r x1vvkbs xtlvy1s x126k92a\">\n<div dir=\"auto\">Esta pe\u00e7a arqueol\u00f3gica est\u00e1 em exposi\u00e7\u00e3o no museu da vila de Trev\u00f5es.<\/div>\n<\/div>\n<div class=\"x11i5rnm xat24cr x1mh8g0r x1vvkbs xtlvy1s x126k92a\">\n<div dir=\"auto\">Os vinhos da marca CUPAE est\u00e3o assim associados \u00e0 hist\u00f3ria milenar da cultura da vinha e do vinho desta regi\u00e3o localizada no cora\u00e7\u00e3o do Douro vinhateiro, patrim\u00f3nio da humanidade.<\/div>\n<\/div>","protected":false},"featured_media":20044,"template":"","meta":{"_exactmetrics_skip_tracking":false,"_exactmetrics_sitenote_active":false,"_exactmetrics_sitenote_note":"","_exactmetrics_sitenote_category":0,"_uf_show_specific_survey":0,"_uf_disable_surveys":false,"iawp_total_views":54},"product_brand":[],"product_cat":[216,258,215,184,157],"product_tag":[],"class_list":{"0":"post-20043","1":"product","2":"type-product","3":"status-publish","4":"has-post-thumbnail","6":"product_cat-conjuntos","7":"product_cat-conjuntos-de-oferta","8":"product_cat-douro","9":"product_cat-tinto","10":"product_cat-vinhos","12":"first","13":"instock","14":"shipping-taxable","15":"purchasable","16":"product-type-simple"},"_links":{"self":[{"href":"https:\/\/bracaravinum.pt\/fr\/wp-json\/wp\/v2\/product\/20043","targetHints":{"allow":["GET"]}}],"collection":[{"href":"https:\/\/bracaravinum.pt\/fr\/wp-json\/wp\/v2\/product"}],"about":[{"href":"https:\/\/bracaravinum.pt\/fr\/wp-json\/wp\/v2\/types\/product"}],"wp:featuredmedia":[{"embeddable":true,"href":"https:\/\/bracaravinum.pt\/fr\/wp-json\/wp\/v2\/media\/20044"}],"wp:attachment":[{"href":"https:\/\/bracaravinum.pt\/fr\/wp-json\/wp\/v2\/media?parent=20043"}],"wp:term":[{"taxonomy":"product_brand","embeddable":true,"href":"https:\/\/bracaravinum.pt\/fr\/wp-json\/wp\/v2\/product_brand?post=20043"},{"taxonomy":"product_cat","embeddable":true,"href":"https:\/\/bracaravinum.pt\/fr\/wp-json\/wp\/v2\/product_cat?post=20043"},{"taxonomy":"product_tag","embeddable":true,"href":"https:\/\/bracaravinum.pt\/fr\/wp-json\/wp\/v2\/product_tag?post=20043"}],"curies":[{"name":"wp","href":"https:\/\/api.w.org\/{rel}","templated":true}]}}