{"id":18708,"date":"2024-02-20T15:55:33","date_gmt":"2024-02-20T15:55:33","guid":{"rendered":"https:\/\/bracaravinum.pt\/?post_type=product&#038;p=18708"},"modified":"2026-03-04T15:13:39","modified_gmt":"2026-03-04T15:13:39","slug":"roquette-cazes-tinto-2020-cx-3-garrafas","status":"publish","type":"product","link":"https:\/\/bracaravinum.pt\/fr\/produto\/roquette-cazes-tinto-2020-cx-3-garrafas\/","title":{"rendered":"Roquette &amp; Cazes Tinto Cx 3 Garrafas"},"content":{"rendered":"<p><img decoding=\"async\" class=\"size-medium wp-image-15051 aligncenter\" src=\"http:\/\/bracaravinum.pt\/wp-content\/uploads\/2022\/02\/roquette-e-cazes-logo-300x123.jpg\" alt=\"\" width=\"300\" height=\"123\" srcset=\"https:\/\/bracaravinum.pt\/wp-content\/uploads\/2022\/02\/roquette-e-cazes-logo-300x123.jpg 300w, https:\/\/bracaravinum.pt\/wp-content\/uploads\/2022\/02\/roquette-e-cazes-logo-768x315.jpg 768w, https:\/\/bracaravinum.pt\/wp-content\/uploads\/2022\/02\/roquette-e-cazes-logo-600x246.jpg 600w, https:\/\/bracaravinum.pt\/wp-content\/uploads\/2022\/02\/roquette-e-cazes-logo.jpg 1018w\" sizes=\"(max-width: 300px) 100vw, 300px\" \/><\/p>\n<p>DEUX FAMILLES \u2013 UN GRAND PROJET VINICULAIRE<\/p>\n<p>Le projet\u00a0<em>Roquette &amp; Cazes\u00a0<\/em>C&#039;est avant tout une rencontre entre deux amis :\u00a0<em>Jorge Roquette<\/em>\u00a0du\u00a0<em>Quinta do Cr\u00e1sto<\/em>\u00a0C&#039;est\u00a0<em>Jean-Michel Cazes<\/em>\u00a0de\u00a0<em>Ch\u00e2teau Lynch Bages<\/em>.<\/p>\n<p>En 2002, les deux familles d\u00e9cident de cr\u00e9er une entreprise pour produire de grands vins marqu\u00e9s par les caract\u00e9ristiques naturelles du Douro et l&#039;exp\u00e9rience des Cazes qui \u00e9laborent des vins dans\u00a0<em>Bordeaux<\/em>\u00a0il y a environ un si\u00e8cle.<\/p>\n<p>Une aventure viticole<br \/>\n<em>\u00ab Faire un grand vin avec les c\u00e9pages du Douro, un vin qui fait preuve de structure et de complexit\u00e9, qui a la puissance et le soleil du Portugal alli\u00e9s \u00e0 l&#039;\u00e9l\u00e9gance du Bordeaux \u00bb,<\/em>\u00a0d\u00e9clar\u00e9\u00a0<em>Jean-Michel Cazes<\/em>\u00a0dans le cadre de cette aventure.<\/p>\n<p>&nbsp;<\/p>","protected":false},"excerpt":{"rendered":"<p>Este produto consiste numa caixa de madeira com 3 garrafas.<\/p>\n<p>C\u00e9pages : Touriga Nacional (60%), Touriga Franca (25%) et Tinta Roriz (15%)<\/p>\n<p>Envelhecimento: O vinho Roquette &amp; Cazes 2022 estagiou em barricas de carvalho franc\u00eas, onde permaneceu cerca de 18 meses.<\/p>\n<p>R\u00c9SULTATS DE TEST<br \/>\nCouleur : rubis profond.<br \/>\nNez : excellente complexit\u00e9 aromatique, avec des notes de fruits rouges tr\u00e8s propres, d&#039;\u00e9pices \u00e9l\u00e9gantes et de douces notes balsamiques.<br \/>\nBouche : d\u00e9bute avec beaucoup d&#039;\u00e9l\u00e9gance, \u00e9voluant vers un vin d&#039;un excellent volume et structure compos\u00e9 de tanins \u00e0 la texture velout\u00e9e. Un vin tr\u00e8s engageant, qui se termine tr\u00e8s frais et persistant.<\/p>\n<p>SUGGESTIONS DE SERVICES<br \/>\nServir \u00e0 une temp\u00e9rature de 16-18 \u00baC avec des plats de viande et de gibier, grill\u00e9s ou au four, ainsi qu&#039;avec la cuisine r\u00e9gionale italienne.<\/p>","protected":false},"featured_media":18709,"template":"","meta":{"_exactmetrics_skip_tracking":false,"_exactmetrics_sitenote_active":false,"_exactmetrics_sitenote_note":"","_exactmetrics_sitenote_category":0,"_uf_show_specific_survey":0,"_uf_disable_surveys":false,"iawp_total_views":90},"product_brand":[],"product_cat":[216,258,215,184,157],"product_tag":[],"class_list":{"0":"post-18708","1":"product","2":"type-product","3":"status-publish","4":"has-post-thumbnail","6":"product_cat-conjuntos","7":"product_cat-conjuntos-de-oferta","8":"product_cat-douro","9":"product_cat-tinto","10":"product_cat-vinhos","12":"first","13":"instock","14":"shipping-taxable","15":"purchasable","16":"product-type-simple"},"_links":{"self":[{"href":"https:\/\/bracaravinum.pt\/fr\/wp-json\/wp\/v2\/product\/18708","targetHints":{"allow":["GET"]}}],"collection":[{"href":"https:\/\/bracaravinum.pt\/fr\/wp-json\/wp\/v2\/product"}],"about":[{"href":"https:\/\/bracaravinum.pt\/fr\/wp-json\/wp\/v2\/types\/product"}],"wp:featuredmedia":[{"embeddable":true,"href":"https:\/\/bracaravinum.pt\/fr\/wp-json\/wp\/v2\/media\/18709"}],"wp:attachment":[{"href":"https:\/\/bracaravinum.pt\/fr\/wp-json\/wp\/v2\/media?parent=18708"}],"wp:term":[{"taxonomy":"product_brand","embeddable":true,"href":"https:\/\/bracaravinum.pt\/fr\/wp-json\/wp\/v2\/product_brand?post=18708"},{"taxonomy":"product_cat","embeddable":true,"href":"https:\/\/bracaravinum.pt\/fr\/wp-json\/wp\/v2\/product_cat?post=18708"},{"taxonomy":"product_tag","embeddable":true,"href":"https:\/\/bracaravinum.pt\/fr\/wp-json\/wp\/v2\/product_tag?post=18708"}],"curies":[{"name":"wp","href":"https:\/\/api.w.org\/{rel}","templated":true}]}}