{"id":18321,"date":"2023-11-28T16:20:07","date_gmt":"2023-11-28T16:20:07","guid":{"rendered":"https:\/\/bracaravinum.pt\/?post_type=product&#038;p=18321"},"modified":"2025-10-07T11:26:32","modified_gmt":"2025-10-07T11:26:32","slug":"eptus-grande-reserva-tinto-2021-magnum-15l","status":"publish","type":"product","link":"https:\/\/bracaravinum.pt\/fr\/produit\/eptus-grande-reserva-tinto-2021-magnum-15l\/","title":{"rendered":"Eptus Grande Reserva Tinto 2021 Magnum 1,5L"},"content":{"rendered":"<p><img decoding=\"async\" class=\"size-full wp-image-18318 aligncenter\" src=\"http:\/\/bracaravinum.pt\/wp-content\/uploads\/2023\/11\/eptus_logo-1920w.webp\" alt=\"\" width=\"126\" height=\"110\" srcset=\"https:\/\/bracaravinum.pt\/wp-content\/uploads\/2023\/11\/eptus_logo-1920w.webp 126w, https:\/\/bracaravinum.pt\/wp-content\/uploads\/2023\/11\/eptus_logo-1920w-14x12.webp 14w\" sizes=\"(max-width: 126px) 100vw, 126px\" \/><\/p>\n<p>EPTUS est un projet r\u00e9cent et innovant, men\u00e9 par un \u0153nologue dans le but de produire d&#039;excellents vins, d\u00e9veloppant toutes les caract\u00e9ristiques organoleptiques typiques d&#039;un vin.<br \/>\nde cette r\u00e9gion viticole.<\/p>\n<p>Nous produisons des vins depuis 1890, actuellement dirig\u00e9s par le vigneron Jo\u00e3o Sobral, 6\u00e8me g\u00e9n\u00e9ration de la famille Sobral, nous sommes \u00e0 Soutelo do Douro.<br \/>\nJo\u00e3o a toujours eu un lien personnel avec le Douro et les vignobles, c&#039;est son arri\u00e8re-arri\u00e8re-grand-p\u00e8re qui a achet\u00e9 la premi\u00e8re Quinta et a commenc\u00e9 \u00e0 produire du Porto pour \u00ab Casas Inglesas \u00bb.<br \/>\nLe projet EPTUS, un r\u00eave de gar\u00e7on, est n\u00e9 pendant la pand\u00e9mie, fruit de l&#039;exp\u00e9rience et des connaissances accumul\u00e9es pendant plus d&#039;une d\u00e9cennie.<\/p>\n<p>Le climat est m\u00e9diterran\u00e9en et caract\u00e9ris\u00e9 par des \u00e9t\u00e9s chauds et secs et des hivers doux. La temp\u00e9rature moyenne est de 20\u00baC, avec une pluviom\u00e9trie annuelle moyenne de 100 mm. Le sol est essentiellement compos\u00e9 de schistes, fortement lamin\u00e9s, riches en nutriments et avec tr\u00e8s peu de mati\u00e8re organique, retenant juste assez d&#039;humidit\u00e9 pour permettre \u00e0 la vigne de survivre tout l&#039;\u00e9t\u00e9, produisant de faibles quantit\u00e9s de liquide extr\u00eamement concentr\u00e9 en termes aromatiques.<\/p>","protected":false},"excerpt":{"rendered":"<p>C\u00e9pages : Touriga Nacional, Touriga Franca, Tinto C\u00e3o et Vinhas Velhas<\/p>\n<p>Robe violette profonde, ar\u00f4mes de fruits secs et tanins ronds.<\/p>\n<p>Arri\u00e8re-go\u00fbt volumineux et persistant.<\/p>","protected":false},"featured_media":18322,"template":"","meta":{"_exactmetrics_skip_tracking":false,"_exactmetrics_sitenote_active":false,"_exactmetrics_sitenote_note":"","_exactmetrics_sitenote_category":0,"_uf_show_specific_survey":0,"_uf_disable_surveys":false,"iawp_total_views":30},"product_brand":[],"product_cat":[216,258,215,184,157],"product_tag":[],"class_list":{"0":"post-18321","1":"product","2":"type-product","3":"status-publish","4":"has-post-thumbnail","6":"product_cat-conjuntos","7":"product_cat-conjuntos-de-oferta","8":"product_cat-douro","9":"product_cat-tinto","10":"product_cat-vinhos","12":"first","13":"instock","14":"shipping-taxable","15":"purchasable","16":"product-type-simple"},"_links":{"self":[{"href":"https:\/\/bracaravinum.pt\/fr\/wp-json\/wp\/v2\/product\/18321","targetHints":{"allow":["GET"]}}],"collection":[{"href":"https:\/\/bracaravinum.pt\/fr\/wp-json\/wp\/v2\/product"}],"about":[{"href":"https:\/\/bracaravinum.pt\/fr\/wp-json\/wp\/v2\/types\/product"}],"wp:featuredmedia":[{"embeddable":true,"href":"https:\/\/bracaravinum.pt\/fr\/wp-json\/wp\/v2\/media\/18322"}],"wp:attachment":[{"href":"https:\/\/bracaravinum.pt\/fr\/wp-json\/wp\/v2\/media?parent=18321"}],"wp:term":[{"taxonomy":"product_brand","embeddable":true,"href":"https:\/\/bracaravinum.pt\/fr\/wp-json\/wp\/v2\/product_brand?post=18321"},{"taxonomy":"product_cat","embeddable":true,"href":"https:\/\/bracaravinum.pt\/fr\/wp-json\/wp\/v2\/product_cat?post=18321"},{"taxonomy":"product_tag","embeddable":true,"href":"https:\/\/bracaravinum.pt\/fr\/wp-json\/wp\/v2\/product_tag?post=18321"}],"curies":[{"name":"wp","href":"https:\/\/api.w.org\/{rel}","templated":true}]}}