{"id":18244,"date":"2023-11-22T23:41:34","date_gmt":"2023-11-22T23:41:34","guid":{"rendered":"https:\/\/bracaravinum.pt\/?post_type=product&#038;p=18244"},"modified":"2025-10-07T11:26:33","modified_gmt":"2025-10-07T11:26:33","slug":"concilium-tinto-2018-75cl","status":"publish","type":"product","link":"https:\/\/bracaravinum.pt\/fr\/produit\/concilium-tinto-2018-75cl\/","title":{"rendered":"Cistus Concilium Tinto 2018 75cl"},"content":{"rendered":"<p><img fetchpriority=\"high\" decoding=\"async\" class=\"size-full wp-image-18238 aligncenter\" src=\"http:\/\/bracaravinum.pt\/wp-content\/uploads\/2023\/11\/vale-da-perdiz-logo.png\" alt=\"\" width=\"300\" height=\"176\" srcset=\"https:\/\/bracaravinum.pt\/wp-content\/uploads\/2023\/11\/vale-da-perdiz-logo.png 300w, https:\/\/bracaravinum.pt\/wp-content\/uploads\/2023\/11\/vale-da-perdiz-logo-18x12.png 18w\" sizes=\"(max-width: 300px) 100vw, 300px\" \/><\/p>\n<p>La Quinta do Vale da Perdiz est situ\u00e9e au c\u0153ur du Douro Sup\u00e9rieur, \u00e0 proximit\u00e9 de Torre de Moncorvo. Les quatorze hectares de vignes de la Quinta sont dispos\u00e9s en terrasses de part et d&#039;autre de la vall\u00e9e qui lui donne son nom.<\/p>\n<p>La Quinta do Vale da Perdiz est situ\u00e9e au c\u0153ur du Douro Sup\u00e9rieur, \u00e0 proximit\u00e9 de Torre de Moncorvo. Les quatorze hectares de vignes de la Quinta sont dispos\u00e9s en terrasses de part et d&#039;autre de la vall\u00e9e qui lui donne son nom. Dans le vignoble, plant\u00e9 sur des terres schisteuses, expos\u00e9es au sud, au nord et \u00e0 l&#039;est, se trouvent les c\u00e9pages nobles traditionnels de la r\u00e9gion d\u00e9limit\u00e9e du Douro : Touriga Nacional, Touriga Franca, Tinta Roriz et Tinta Barroca.<\/p>\n<p>La beaut\u00e9 et le charme que d\u00e9gage le Douro sont ind\u00e9niables. L&#039;ensemble du paysage naturel de la vall\u00e9e du Douro, class\u00e9 patrimoine mondial, peut \u00eatre vu de pr\u00e8s et des mani\u00e8res les plus vari\u00e9es. Les caract\u00e9ristiques climatiques de la r\u00e9gion favorisent la qualit\u00e9 et la saveur incomparable du ciste.<\/p>","protected":false},"excerpt":{"rendered":"<p>Raisins : Touriga Franca (65%), Tinta Roriz (31%) et Touriga Nacional (4%).<\/p>\n<p>Acompanha bem pratos de carne, ca\u00e7a e queijos. Dever\u00e1 ser servido \u00e0 temperatura de 18\u00ba C para revelar todas as suas qualidades.<\/p>\n<p>EST\u00c1GIO: Barricas novas de carvalho franc\u00eas.<\/p>\n<header class=\"entry-content-header\">\n<header class=\"entry-content-header\">Pr\u00e9mios \/ Colheita 2018:<br \/>\n\u2022 International Wine Challenge 2022 \u2013 Medalha de Prata<\/p>\n<p>Pr\u00e9mios \/ Colheita 2019:<br \/>\n\u2022 International Wine Challenge 2022 \u2013 Comenda<\/p>\n<\/header>\n<\/header>","protected":false},"featured_media":18245,"template":"","meta":{"_exactmetrics_skip_tracking":false,"_exactmetrics_sitenote_active":false,"_exactmetrics_sitenote_note":"","_exactmetrics_sitenote_category":0,"_uf_show_specific_survey":0,"_uf_disable_surveys":false,"iawp_total_views":27},"product_brand":[],"product_cat":[216,258,215,201,184,157],"product_tag":[],"class_list":{"0":"post-18244","1":"product","2":"type-product","3":"status-publish","4":"has-post-thumbnail","6":"product_cat-conjuntos","7":"product_cat-conjuntos-de-oferta","8":"product_cat-douro","9":"product_cat-grandes-vinhos","10":"product_cat-tinto","11":"product_cat-vinhos","13":"first","14":"instock","15":"shipping-taxable","16":"purchasable","17":"product-type-simple"},"_links":{"self":[{"href":"https:\/\/bracaravinum.pt\/fr\/wp-json\/wp\/v2\/product\/18244","targetHints":{"allow":["GET"]}}],"collection":[{"href":"https:\/\/bracaravinum.pt\/fr\/wp-json\/wp\/v2\/product"}],"about":[{"href":"https:\/\/bracaravinum.pt\/fr\/wp-json\/wp\/v2\/types\/product"}],"wp:featuredmedia":[{"embeddable":true,"href":"https:\/\/bracaravinum.pt\/fr\/wp-json\/wp\/v2\/media\/18245"}],"wp:attachment":[{"href":"https:\/\/bracaravinum.pt\/fr\/wp-json\/wp\/v2\/media?parent=18244"}],"wp:term":[{"taxonomy":"product_brand","embeddable":true,"href":"https:\/\/bracaravinum.pt\/fr\/wp-json\/wp\/v2\/product_brand?post=18244"},{"taxonomy":"product_cat","embeddable":true,"href":"https:\/\/bracaravinum.pt\/fr\/wp-json\/wp\/v2\/product_cat?post=18244"},{"taxonomy":"product_tag","embeddable":true,"href":"https:\/\/bracaravinum.pt\/fr\/wp-json\/wp\/v2\/product_tag?post=18244"}],"curies":[{"name":"wp","href":"https:\/\/api.w.org\/{rel}","templated":true}]}}