{"id":18196,"date":"2023-11-18T10:08:34","date_gmt":"2023-11-18T10:08:34","guid":{"rendered":"https:\/\/bracaravinum.pt\/?post_type=product&#038;p=18196"},"modified":"2025-01-21T10:45:34","modified_gmt":"2025-01-21T10:45:34","slug":"empathie-vital-blanc-2021-75cl","status":"publish","type":"product","link":"https:\/\/bracaravinum.pt\/fr\/produto\/empatia-vital-branco-2021-75cl\/","title":{"rendered":"Empatia Vital Blanc 2021 75cl"},"content":{"rendered":"<p><img decoding=\"async\" class=\"size-full wp-image-18197 aligncenter\" src=\"http:\/\/bracaravinum.pt\/wp-content\/uploads\/2023\/11\/logo-labrugeira.png\" alt=\"\" width=\"128\" height=\"37\" srcset=\"https:\/\/bracaravinum.pt\/wp-content\/uploads\/2023\/11\/logo-labrugeira.png 128w, https:\/\/bracaravinum.pt\/wp-content\/uploads\/2023\/11\/logo-labrugeira-18x5.png 18w\" sizes=\"(max-width: 128px) 100vw, 128px\" \/><\/p>\n<p class=\"content-about\">Les vins de la commune sup\u00e9rieure d&#039;Alenquer ont \u00e9t\u00e9 mentionn\u00e9s dans divers \u00e9crits au fil des si\u00e8cles, en raison de leur qualit\u00e9 et du fait qu&#039;il s&#039;agissait de vins choisis pour servir la Casa Real Portuguesa et d&#039;autres maisons. Cependant, c&#039;est au XIXe si\u00e8cle qu&#039;ils ont \u00e9t\u00e9 mentionn\u00e9s. Camilo Castelo Branco dans son livre \u00ab Une fille du r\u00e9gicide \u00bb page 131, il d\u00e9clare : \u00ab \u2026 et partir \u00e0 travers les moulins \u00e0 vent, \u00e0 travers la vall\u00e9e de l&#039;Anunciada jusqu&#039;en Andalousie, voil\u00e0 ce qui est beau, surtout si un homme jette le couteau dans le taverne louche et avec deux mains d&#039;agneau, sert de compl\u00e9ment \u00e0 deux bonnes boissons de vin Labrugeira. Ce sont mes promenades du dimanche.<\/p>\n<p class=\"content-about\">Cela prouve que les vins de Labrugeira ont toujours \u00e9t\u00e9 connus et appr\u00e9ci\u00e9s. Cependant, c&#039;est en 1973 qu&#039;un groupe de 85 vignerons de la municipalit\u00e9 sup\u00e9rieure d&#039;Alenquer, dans le village de Labrugeira, se r\u00e9unit et s&#039;organise en une seule cave \u2013 Adega Cooperativa da Labrugeira. Ce fut un grand pas vers l\u2019am\u00e9lioration de la qualit\u00e9 des raisins pour la production de grands vins dans la r\u00e9gion. Petit \u00e0 petit, de nouveaux associ\u00e9s se sont joints aux vignobles situ\u00e9s dans la partie nord de la commune d&#039;Alenquer, au pied sud et ouest de la sierra de Montejunto, avec une zone d&#039;influence qui couvre les paroisses de Ventosa, Olhalvo, Cabanas de Torres et Abrigada et Vila Verde dos Francos.<\/p>\n<p class=\"content-about\">Cette r\u00e9gion de moyenne pente, au terrain argilo-calcaire et prot\u00e9g\u00e9e du climat maritime de la c\u00f4te ouest, par les montagnes qui traversent Vila Verde dos Francos et Serra de S. Juli\u00e3o, produit de grands vins rouges et blancs avec une bonne structure et une bonne graduation. au-dessus de la moyenne globale. Depuis sa fondation jusqu&#039;\u00e0 aujourd&#039;hui, la cave a re\u00e7u des centaines de prix et distinctions nationaux et internationaux, notamment en 1990 lorsqu&#039;elle a remport\u00e9 le 1er Prix du Concours National des Vins de l&#039;Office National des Vins, avec la r\u00e9colte du vin rouge 1990, un concours qui a r\u00e9compens\u00e9 r\u00e9compenses nationales \u00e0 seulement trois vins rouges et trois vins blancs. Depuis lors, la cave a re\u00e7u des centaines de m\u00e9dailles d&#039;or, d&#039;argent et de bronze dans des concours nationaux et internationaux, notamment au Concours des vins de Lisbonne, au Concours du cr\u00e9dit agricole, au Concours national du vin et aux Concours Viniportugal. En 2020, il a re\u00e7u une m\u00e9daille d&#039;or en France, aux Vinalies Internationales-&quot;Concours des Enologues de France&quot; avec le vin &quot;Velharia&quot; Reserva 2014.<\/p>\n<p class=\"content-about\">Actuellement, Adega da Labrugeira commercialise une large gamme de vins en bouteille et conditionn\u00e9s, blancs, rouges, ros\u00e9s, vins l\u00e9gers, spiritueux de grignons et vins mousseux, avec certification R\u00e9gionale de Lisbonne (IGP) et DOP Alenquer. Elle distribue sur le march\u00e9 portugais, sur le march\u00e9 europ\u00e9en et exporte vers des pays tiers. Sa production annuelle s&#039;\u00e9l\u00e8ve \u00e0 environ 4 millions de litres.<\/p>","protected":false},"excerpt":{"rendered":"<p>Empathie, mot d&#039;origine grecque qui signifie \u00ab passion, \u00e9tat d&#039;\u00e9motion \u00bb.<\/p>\n<p>Ce vin \u00e9labor\u00e9 \u00e0 partir du c\u00e9page Vital est le r\u00e9sultat d&#039;un partenariat entre l&#039;Adega Cooperativa da Labrugeira, la Mairie d&#039;Alenquer et l&#039;Institut National de Recherche Agronomique et V\u00e9t\u00e9rinaire et d&#039;une empathie pour la valorisation et la promotion des c\u00e9pages autochtones traditionnels de la r\u00e9gion d&#039;Alenquer.<\/p>\n<p>Vin produit \u00e0 partir de raisins du c\u00e9page indig\u00e8ne \u00ab\u00a0Vital\u00a0\u00bb<\/p>\n<p>Couleur citrine, ar\u00f4me fruit\u00e9 et \u00e9l\u00e9gant avec des nuances d&#039;agrumes et de miel.<\/p>\n<p>A la d\u00e9gustation, il r\u00e9v\u00e8le l&#039;harmonie et s\u00e9duit par l&#039;intensit\u00e9 et la fra\u00eecheur conf\u00e9r\u00e9e par la bonne acidit\u00e9 naturelle.<\/p>\n<p>Excellent vin pour accompagner les plats de poisson.<\/p>","protected":false},"featured_media":18198,"template":"","meta":{"_exactmetrics_skip_tracking":false,"_exactmetrics_sitenote_active":false,"_exactmetrics_sitenote_note":"","_exactmetrics_sitenote_category":0,"_uf_show_specific_survey":0,"_uf_disable_surveys":false,"iawp_total_views":91},"product_brand":[],"product_cat":[185,191,157],"product_tag":[],"class_list":{"0":"post-18196","1":"product","2":"type-product","3":"status-publish","4":"has-post-thumbnail","6":"product_cat-branco","7":"product_cat-lisboa-branco","8":"product_cat-vinhos","10":"first","11":"instock","12":"shipping-taxable","13":"purchasable","14":"product-type-simple"},"_links":{"self":[{"href":"https:\/\/bracaravinum.pt\/fr\/wp-json\/wp\/v2\/product\/18196","targetHints":{"allow":["GET"]}}],"collection":[{"href":"https:\/\/bracaravinum.pt\/fr\/wp-json\/wp\/v2\/product"}],"about":[{"href":"https:\/\/bracaravinum.pt\/fr\/wp-json\/wp\/v2\/types\/product"}],"wp:featuredmedia":[{"embeddable":true,"href":"https:\/\/bracaravinum.pt\/fr\/wp-json\/wp\/v2\/media\/18198"}],"wp:attachment":[{"href":"https:\/\/bracaravinum.pt\/fr\/wp-json\/wp\/v2\/media?parent=18196"}],"wp:term":[{"taxonomy":"product_brand","embeddable":true,"href":"https:\/\/bracaravinum.pt\/fr\/wp-json\/wp\/v2\/product_brand?post=18196"},{"taxonomy":"product_cat","embeddable":true,"href":"https:\/\/bracaravinum.pt\/fr\/wp-json\/wp\/v2\/product_cat?post=18196"},{"taxonomy":"product_tag","embeddable":true,"href":"https:\/\/bracaravinum.pt\/fr\/wp-json\/wp\/v2\/product_tag?post=18196"}],"curies":[{"name":"wp","href":"https:\/\/api.w.org\/{rel}","templated":true}]}}