{"id":18031,"date":"2023-10-29T16:34:12","date_gmt":"2023-10-29T16:34:12","guid":{"rendered":"https:\/\/bracaravinum.pt\/?post_type=product&#038;p=18031"},"modified":"2025-10-07T11:26:36","modified_gmt":"2025-10-07T11:26:36","slug":"miura-bowie-tinto-2021-tinto-cx-2-garrafas","status":"publish","type":"product","link":"https:\/\/bracaravinum.pt\/fr\/produit\/miura-bowie-tinto-2021-tinto-cx-2-garrafas\/","title":{"rendered":"Miura &#8220;Bowie&#8221; Tinto 2021 Tinto cx 2 Garrafas"},"content":{"rendered":"<p><img decoding=\"async\" class=\"size-medium wp-image-16615 aligncenter\" src=\"http:\/\/bracaravinum.pt\/wp-content\/uploads\/2022\/10\/quintadetourais-logo-300x62.png\" alt=\"\" width=\"300\" height=\"62\" srcset=\"https:\/\/bracaravinum.pt\/wp-content\/uploads\/2022\/10\/quintadetourais-logo-300x62.png 300w, https:\/\/bracaravinum.pt\/wp-content\/uploads\/2022\/10\/quintadetourais-logo-18x4.png 18w, https:\/\/bracaravinum.pt\/wp-content\/uploads\/2022\/10\/quintadetourais-logo.png 394w\" sizes=\"(max-width: 300px) 100vw, 300px\" \/><\/p>\n<p>A Quinta de Tourais est\u00e1 situada nos arredores da cidade da R\u00e9gua e pertence \u00e0 fam\u00edlia Coelho h\u00e1 tr\u00eas gera\u00e7\u00f5es. At\u00e9 1999 as uvas produzidas eram vendidas para a produ\u00e7\u00e3o de vinho do Porto. Depois desse ano, e sob a responsabilidade enol\u00f3gica de Fernando Coelho, \u00a0come\u00e7aram a ser produzidos os primeiros vinhos.A propriedade tem 8 Hectares onde est\u00e3o plantados cerca de 37000 p\u00e9s de vinha com 30 castas aut\u00f3ctones diferentes.<\/p>\n<p>&nbsp;<\/p>","protected":false},"excerpt":{"rendered":"<p>En\u00f3logo: Fernando Coelho<\/p>","protected":false},"featured_media":18032,"template":"","meta":{"_exactmetrics_skip_tracking":false,"_exactmetrics_sitenote_active":false,"_exactmetrics_sitenote_note":"","_exactmetrics_sitenote_category":0,"_uf_show_specific_survey":0,"_uf_disable_surveys":false,"iawp_total_views":3},"product_brand":[],"product_cat":[216,258,215,184,157],"product_tag":[],"class_list":{"0":"post-18031","1":"product","2":"type-product","3":"status-publish","4":"has-post-thumbnail","6":"product_cat-conjuntos","7":"product_cat-conjuntos-de-oferta","8":"product_cat-douro","9":"product_cat-tinto","10":"product_cat-vinhos","12":"first","13":"instock","14":"shipping-taxable","15":"purchasable","16":"product-type-simple"},"_links":{"self":[{"href":"https:\/\/bracaravinum.pt\/fr\/wp-json\/wp\/v2\/product\/18031","targetHints":{"allow":["GET"]}}],"collection":[{"href":"https:\/\/bracaravinum.pt\/fr\/wp-json\/wp\/v2\/product"}],"about":[{"href":"https:\/\/bracaravinum.pt\/fr\/wp-json\/wp\/v2\/types\/product"}],"wp:featuredmedia":[{"embeddable":true,"href":"https:\/\/bracaravinum.pt\/fr\/wp-json\/wp\/v2\/media\/18032"}],"wp:attachment":[{"href":"https:\/\/bracaravinum.pt\/fr\/wp-json\/wp\/v2\/media?parent=18031"}],"wp:term":[{"taxonomy":"product_brand","embeddable":true,"href":"https:\/\/bracaravinum.pt\/fr\/wp-json\/wp\/v2\/product_brand?post=18031"},{"taxonomy":"product_cat","embeddable":true,"href":"https:\/\/bracaravinum.pt\/fr\/wp-json\/wp\/v2\/product_cat?post=18031"},{"taxonomy":"product_tag","embeddable":true,"href":"https:\/\/bracaravinum.pt\/fr\/wp-json\/wp\/v2\/product_tag?post=18031"}],"curies":[{"name":"wp","href":"https:\/\/api.w.org\/{rel}","templated":true}]}}