{"id":17878,"date":"2023-09-21T17:26:22","date_gmt":"2023-09-21T17:26:22","guid":{"rendered":"https:\/\/bracaravinum.pt\/?post_type=product&#038;p=17878"},"modified":"2024-10-29T16:10:21","modified_gmt":"2024-10-29T16:10:21","slug":"poema-novellis-alvarinho-2020-75cl","status":"publish","type":"product","link":"https:\/\/bracaravinum.pt\/fr\/produit\/poema-novellis-alvarinho-2020-75cl\/","title":{"rendered":"Po\u00e8me Novellis Alvarinho 2020 75cl"},"content":{"rendered":"<p><img fetchpriority=\"high\" decoding=\"async\" class=\"size-medium wp-image-17378 aligncenter\" src=\"http:\/\/bracaravinum.pt\/wp-content\/uploads\/2020\/03\/poema-image-300x198.png\" alt=\"\" width=\"300\" height=\"198\" srcset=\"https:\/\/bracaravinum.pt\/wp-content\/uploads\/2020\/03\/poema-image-300x198.png 300w, https:\/\/bracaravinum.pt\/wp-content\/uploads\/2020\/03\/poema-image-18x12.png 18w, https:\/\/bracaravinum.pt\/wp-content\/uploads\/2020\/03\/poema-image.png 350w\" sizes=\"(max-width: 300px) 100vw, 300px\" \/><\/p>\n<p>Gr\u00e2ce \u00e0 un immense respect pour la nature et \u00e0 toute notre passion et notre d\u00e9vouement, nous avons r\u00e9alis\u00e9 une \u00e9dition limit\u00e9e et num\u00e9rot\u00e9e de Po\u00e8mes dans la ville natale d&#039;Alvarinho au Portugal, un lieu plein de magie au bord du fleuve Minho, dans la famille depuis le XVIIe si\u00e8cle dans une communion paisible avec la nature.<br \/>\nL&#039;art du vin s&#039;est transmis de g\u00e9n\u00e9ration en g\u00e9n\u00e9ration jusqu&#039;\u00e0 aujourd&#039;hui. Utilis\u00e9 lors des c\u00e9r\u00e9monies religieuses au XIX\u00e8me si\u00e8cle, il est depuis toujours appr\u00e9ci\u00e9 par la famille et les amis et offert avec plaisir \u00e0 tous ceux qui nous rendent visite.<br \/>\nInspir\u00e9s par l&#039;histoire et la beaut\u00e9 in\u00e9gal\u00e9e du paysage, nous avons cr\u00e9\u00e9 la marque Poema pour transporter l&#039;h\u00e9ritage familial vers des terres plus lointaines, en respectant le pass\u00e9 et en regardant toujours vers l&#039;avenir.<\/p>","protected":false},"excerpt":{"rendered":"<p>Estagia durante 6 meses em contacto com as borras finas em pequenos dep\u00f3sitos de 1500 a 3000 litros com battonage peri\u00f3dica e temperatura controlada seguido de engarrafamento e est\u00e1gio de 6 meses em garrafa.<\/p>\n<p>Notas de prova:\u00a0Cor citrina e um aroma fresco com predomin\u00e2ncia de aromas\u00a0citrinos, sobretudo toranja. No sabor apresenta uma boa estrutura com uma acidez\u00a0algo discreta que lhe confere uma grande frescura.<\/p>\n<p>Sugest\u00f5es gastron\u00f3micas:\u00a0Marisco e peixe, comida asi\u00e1tica, queijos de pasta mole. Em qualquer momento faz boa companhia.<\/p>","protected":false},"featured_media":17879,"template":"","meta":{"_exactmetrics_skip_tracking":false,"_exactmetrics_sitenote_active":false,"_exactmetrics_sitenote_note":"","_exactmetrics_sitenote_category":0,"_uf_show_specific_survey":0,"_uf_disable_surveys":false,"iawp_total_views":14},"product_brand":[],"product_cat":[157,185,206],"product_tag":[],"class_list":{"0":"post-17878","1":"product","2":"type-product","3":"status-publish","4":"has-post-thumbnail","6":"product_cat-vinhos","7":"product_cat-branco","8":"product_cat-vinhos-verdes","10":"first","11":"instock","12":"shipping-taxable","13":"purchasable","14":"product-type-simple"},"_links":{"self":[{"href":"https:\/\/bracaravinum.pt\/fr\/wp-json\/wp\/v2\/product\/17878","targetHints":{"allow":["GET"]}}],"collection":[{"href":"https:\/\/bracaravinum.pt\/fr\/wp-json\/wp\/v2\/product"}],"about":[{"href":"https:\/\/bracaravinum.pt\/fr\/wp-json\/wp\/v2\/types\/product"}],"wp:featuredmedia":[{"embeddable":true,"href":"https:\/\/bracaravinum.pt\/fr\/wp-json\/wp\/v2\/media\/17879"}],"wp:attachment":[{"href":"https:\/\/bracaravinum.pt\/fr\/wp-json\/wp\/v2\/media?parent=17878"}],"wp:term":[{"taxonomy":"product_brand","embeddable":true,"href":"https:\/\/bracaravinum.pt\/fr\/wp-json\/wp\/v2\/product_brand?post=17878"},{"taxonomy":"product_cat","embeddable":true,"href":"https:\/\/bracaravinum.pt\/fr\/wp-json\/wp\/v2\/product_cat?post=17878"},{"taxonomy":"product_tag","embeddable":true,"href":"https:\/\/bracaravinum.pt\/fr\/wp-json\/wp\/v2\/product_tag?post=17878"}],"curies":[{"name":"wp","href":"https:\/\/api.w.org\/{rel}","templated":true}]}}