{"id":17739,"date":"2023-07-13T07:41:57","date_gmt":"2023-07-13T07:41:57","guid":{"rendered":"https:\/\/bracaravinum.pt\/?post_type=product&#038;p=17739"},"modified":"2023-10-26T07:33:23","modified_gmt":"2023-10-26T07:33:23","slug":"dona-antonia-10-anos-white-50cl","status":"publish","type":"product","link":"https:\/\/bracaravinum.pt\/fr\/produit\/dona-antonia-10-anos-white-50cl\/","title":{"rendered":"Dona Antonia 10 Ans Blanc 50cl"},"content":{"rendered":"<p><img decoding=\"async\" class=\"size-medium wp-image-15204 aligncenter\" src=\"http:\/\/bracaravinum.pt\/wp-content\/uploads\/2022\/02\/casa-ferreirinha-logo-300x139.png\" alt=\"\" width=\"300\" height=\"139\" srcset=\"https:\/\/bracaravinum.pt\/wp-content\/uploads\/2022\/02\/casa-ferreirinha-logo-300x139.png 300w, https:\/\/bracaravinum.pt\/wp-content\/uploads\/2022\/02\/casa-ferreirinha-logo.png 330w\" sizes=\"(max-width: 300px) 100vw, 300px\" \/><\/p>\n<p>L&#039;histoire de Casa Ferreirinha est indissociable d&#039;une femme extraordinaire : Dona Ant\u00f3nia Adelaide Ferreira. N\u00e9 en 1811, \u00e0 R\u00e9gua, porte d&#039;entr\u00e9e des vignobles de la vall\u00e9e du Douro. Bien que de petite taille et de nature r\u00e9serv\u00e9e, Dona Ant\u00f3nia \u00e9tait charismatique, visionnaire et entreprenante. Il cr\u00e9e de nouvelles extensions de vignobles, augmente et am\u00e9liore les stocks de vins anciens de l&#039;entreprise et contribue \u00e0 am\u00e9liorer la vie p\u00e9nible des familles d&#039;agriculteurs locaux en fondant des \u00e9coles, des garderies et des h\u00f4pitaux. L&#039;affection de la population \u00e9tait telle qu&#039;ils l&#039;appelaient affectueusement \u00ab Ferreirinha \u00bb. Avec sa mort en 1896, il laisse derri\u00e8re lui un h\u00e9ritage remarquable du Douro et une entreprise extr\u00eamement prosp\u00e8re.<\/p>\n<p>Le grand pari de Casa Ferreirinha sur les vins non fortifi\u00e9s se r\u00e9alisera environ un demi-si\u00e8cle plus tard. Produire des vins du Douro \u00e9l\u00e9gants et de haute qualit\u00e9, avec le raffinement et le fort potentiel de vieillissement des vins de Porto Vintage, est devenu le r\u00eave de Fernando Nicolau de Almeida qui, d\u00e8s son plus jeune \u00e2ge, a commenc\u00e9 \u00e0 travailler dans l&#039;entreprise, devenant directeur technique. Il a s\u00e9lectionn\u00e9 les meilleurs raisins du Douro Sup\u00e9rieur, pleins de richesse et de structure, et les a combin\u00e9s avec d&#039;autres, provenant de hautes altitudes, pour leur acidit\u00e9 et leur ar\u00f4me.<\/p>\n<p>Ainsi, en 1952, est n\u00e9 le Barca-Velha, un vin embl\u00e9matique qui n&#039;est produit depuis que dans les meilleures ann\u00e9es, consid\u00e9r\u00e9 comme l&#039;un des vins rouges du Portugal avec la plus grande long\u00e9vit\u00e9, \u00e9l\u00e9gance et complexit\u00e9. La gen\u00e8se de Casa Ferreirinha est donc une v\u00e9ritable le\u00e7on d&#039;\u0153nologie, qui a d\u00e9termin\u00e9 l&#039;\u00e9volution des vins de cette Maison, enrichis de la plantation de racines Quinta da Leda, commenc\u00e9e en 1979, o\u00f9 naissent les raisins qui ont permis d&#039;augmenter et d&#039;am\u00e9liorer la production. . Aujourd&#039;hui, la gamme Casa Ferreirinha, \u00e9labor\u00e9e sous la direction du vigneron Lu\u00eds Sottomayor, s&#039;\u00e9tend des vins jeunes comme Esteva ou Planalto, en passant par des vins plus riches comme Papa Figos, Vinha Grande et Callabriga, jusqu&#039;aux exceptionnels Quinta da Leda, Ant\u00f3nia Adelaide Ferreira et Reserva Especial, avec Barca-Velha occupant le sommet de la hi\u00e9rarchie.<\/p>","protected":false},"excerpt":{"rendered":"<p>Dona Ant\u00f3nia Reserva Branco 10 Anos \u00e9 um Vinho do Porto branco de excepcional qualidade, resultado de um longo e cuidado envelhecimento em madeira, que simboliza a alian\u00e7a entre a natureza \u00fanica do Douro e a per\u00edcia do Homem, numa harmonia de saber estabelecida na Ferreira h\u00e1 mais de 250 anos.<\/p>","protected":false},"featured_media":17740,"template":"","meta":{"_exactmetrics_skip_tracking":false,"_exactmetrics_sitenote_active":false,"_exactmetrics_sitenote_note":"","_exactmetrics_sitenote_category":0,"_uf_show_specific_survey":0,"_uf_disable_surveys":false,"iawp_total_views":62},"product_brand":[],"product_cat":[159,175,166],"product_tag":[],"class_list":{"0":"post-17739","1":"product","2":"type-product","3":"status-publish","4":"has-post-thumbnail","6":"product_cat-portos","7":"product_cat-porto-10-20-30-40-50-80","8":"product_cat-white-portos","10":"first","11":"instock","12":"shipping-taxable","13":"purchasable","14":"product-type-simple"},"_links":{"self":[{"href":"https:\/\/bracaravinum.pt\/fr\/wp-json\/wp\/v2\/product\/17739","targetHints":{"allow":["GET"]}}],"collection":[{"href":"https:\/\/bracaravinum.pt\/fr\/wp-json\/wp\/v2\/product"}],"about":[{"href":"https:\/\/bracaravinum.pt\/fr\/wp-json\/wp\/v2\/types\/product"}],"wp:featuredmedia":[{"embeddable":true,"href":"https:\/\/bracaravinum.pt\/fr\/wp-json\/wp\/v2\/media\/17740"}],"wp:attachment":[{"href":"https:\/\/bracaravinum.pt\/fr\/wp-json\/wp\/v2\/media?parent=17739"}],"wp:term":[{"taxonomy":"product_brand","embeddable":true,"href":"https:\/\/bracaravinum.pt\/fr\/wp-json\/wp\/v2\/product_brand?post=17739"},{"taxonomy":"product_cat","embeddable":true,"href":"https:\/\/bracaravinum.pt\/fr\/wp-json\/wp\/v2\/product_cat?post=17739"},{"taxonomy":"product_tag","embeddable":true,"href":"https:\/\/bracaravinum.pt\/fr\/wp-json\/wp\/v2\/product_tag?post=17739"}],"curies":[{"name":"wp","href":"https:\/\/api.w.org\/{rel}","templated":true}]}}