{"id":17720,"date":"2023-07-06T16:29:07","date_gmt":"2023-07-06T16:29:07","guid":{"rendered":"https:\/\/bracaravinum.pt\/?post_type=product&#038;p=17720"},"modified":"2025-07-08T09:51:21","modified_gmt":"2025-07-08T09:51:21","slug":"100-hectares-17-rouge-2021-75cl","status":"publish","type":"product","link":"https:\/\/bracaravinum.pt\/fr\/produit\/100-hectares-17-rouge-2021-75cl\/","title":{"rendered":"100 Hectares 17 Rouge 2021 75cl"},"content":{"rendered":"<p style=\"text-align: center;\"><img decoding=\"async\" class=\"alignnone size-medium wp-image-15165\" src=\"http:\/\/bracaravinum.pt\/wp-content\/uploads\/2022\/02\/100hectares-logo-300x142.png\" alt=\"\" width=\"300\" height=\"142\" srcset=\"https:\/\/bracaravinum.pt\/wp-content\/uploads\/2022\/02\/100hectares-logo-300x142.png 300w, https:\/\/bracaravinum.pt\/wp-content\/uploads\/2022\/02\/100hectares-logo.png 400w\" sizes=\"(max-width: 300px) 100vw, 300px\" \/><\/p>\n<p>\u00ab La terre ne nous a pas \u00e9t\u00e9 donn\u00e9e par nos parents, mais pr\u00eat\u00e9e par nos enfants \u00bb<\/p>\n<p>L&#039;histoire des vins 100HECTARES commence au d\u00e9but des ann\u00e9es 1970, lorsque la famille Br\u00e1s e Cigarro \u2013 passionn\u00e9e par la r\u00e9gion du Douro \u2013 a r\u00e9alis\u00e9 d&#039;importants investissements dans l&#039;achat et la r\u00e9novation de propri\u00e9t\u00e9s situ\u00e9es dans la sous-r\u00e9gion Douro \u2013 Baixo Corgo. Les exploitations familiales sont \u00e0 l&#039;origine de leurs vins et la production est r\u00e9alis\u00e9e exclusivement \u00e0 partir des raisins de leurs propri\u00e9t\u00e9s, ce qui est au c\u0153ur de la philosophie de production de la famille.<\/p>\n<p>Pendant un certain temps, la majorit\u00e9 de la production de leurs vignobles \u00e9tait vendue \u00e0 des concurrents de la r\u00e9gion, mais en 2009, Andr\u00e9 et Filipe Br\u00e1s voulaient tirer profit de leur propre production de mati\u00e8res premi\u00e8res, en \u00e9laborant un vin d&#039;une valeur estim\u00e9e entre 30% et 40% de raisins. Une partie de la production exc\u00e9dentaire est transf\u00e9r\u00e9e aux producteurs de la r\u00e9gion et une production compl\u00e8te sous notre propre marque n&#039;est pas encore possible.<\/p>\n<p>Le devoir de transmettre l\u2019h\u00e9ritage de g\u00e9n\u00e9ration en g\u00e9n\u00e9ration est un sentiment ancr\u00e9 dans la famille.<\/p>","protected":false},"excerpt":{"rendered":"<p>C\u00e9pages : Touriga Nacional, Tinta Roriz et Touriga Franca<\/p>\n<p>Vieillissement : 6 mois en f\u00fbts de ch\u00eane am\u00e9ricain<\/p>\n<p>Produit \u00e0 partir d&#039;une s\u00e9lection rigoureuse de raisins des vari\u00e9t\u00e9s Touriga Nacional, Tinta Roriz et Touriga Franca, issus des meilleurs vignobles de cette r\u00e9gion de Duriense. Cette Colheita 17\u00ba a une couleur rouge, un nez tr\u00e8s \u00e9quilibr\u00e9 et bien rempli de notes de fruits sauvages et de cerises, d&#039;\u00e9pices et d&#039;une l\u00e9g\u00e8re touche florale, dans un fond o\u00f9 l&#039;\u00e9l\u00e9gance des notes de vanille et de f\u00fbt est mise en valeur, en bouche il r\u00e9v\u00e8le un vin volumineux et enveloppant, o\u00f9 le fruit et les \u00e9pices r\u00e9v\u00e8lent une belle int\u00e9gration et les tanins d\u00e9montrent une bonne fermet\u00e9, montrant des signes de potentiel en bouteille, finale longue et persistante.<\/p>","protected":false},"featured_media":9566,"template":"","meta":{"_exactmetrics_skip_tracking":false,"_exactmetrics_sitenote_active":false,"_exactmetrics_sitenote_note":"","_exactmetrics_sitenote_category":0,"_uf_show_specific_survey":0,"_uf_disable_surveys":false,"iawp_total_views":325},"product_brand":[],"product_cat":[157,184,215],"product_tag":[],"class_list":{"0":"post-17720","1":"product","2":"type-product","3":"status-publish","4":"has-post-thumbnail","6":"product_cat-vinhos","7":"product_cat-tinto","8":"product_cat-douro","10":"first","11":"instock","12":"shipping-taxable","13":"purchasable","14":"product-type-simple"},"_links":{"self":[{"href":"https:\/\/bracaravinum.pt\/fr\/wp-json\/wp\/v2\/product\/17720","targetHints":{"allow":["GET"]}}],"collection":[{"href":"https:\/\/bracaravinum.pt\/fr\/wp-json\/wp\/v2\/product"}],"about":[{"href":"https:\/\/bracaravinum.pt\/fr\/wp-json\/wp\/v2\/types\/product"}],"wp:featuredmedia":[{"embeddable":true,"href":"https:\/\/bracaravinum.pt\/fr\/wp-json\/wp\/v2\/media\/9566"}],"wp:attachment":[{"href":"https:\/\/bracaravinum.pt\/fr\/wp-json\/wp\/v2\/media?parent=17720"}],"wp:term":[{"taxonomy":"product_brand","embeddable":true,"href":"https:\/\/bracaravinum.pt\/fr\/wp-json\/wp\/v2\/product_brand?post=17720"},{"taxonomy":"product_cat","embeddable":true,"href":"https:\/\/bracaravinum.pt\/fr\/wp-json\/wp\/v2\/product_cat?post=17720"},{"taxonomy":"product_tag","embeddable":true,"href":"https:\/\/bracaravinum.pt\/fr\/wp-json\/wp\/v2\/product_tag?post=17720"}],"curies":[{"name":"wp","href":"https:\/\/api.w.org\/{rel}","templated":true}]}}