{"id":17559,"date":"2023-04-26T08:07:45","date_gmt":"2023-04-26T08:07:45","guid":{"rendered":"https:\/\/bracaravinum.pt\/?post_type=product&#038;p=17559"},"modified":"2023-05-12T15:29:38","modified_gmt":"2023-05-12T15:29:38","slug":"quinta-do-espinho-reserva-tinto-2017-75cl","status":"publish","type":"product","link":"https:\/\/bracaravinum.pt\/fr\/produto\/quinta-do-espinho-reserva-tinto-2017-75cl\/","title":{"rendered":"Quinta do Espinho Reserva Tinto 2017 75cl"},"content":{"rendered":"<p><img decoding=\"async\" class=\"size-medium wp-image-17565 aligncenter\" src=\"http:\/\/bracaravinum.pt\/wp-content\/uploads\/2023\/04\/QtaEspinho-Logo-01_700x272-300x136.png\" alt=\"\" width=\"300\" height=\"136\" srcset=\"https:\/\/bracaravinum.pt\/wp-content\/uploads\/2023\/04\/QtaEspinho-Logo-01_700x272-300x136.png 300w, https:\/\/bracaravinum.pt\/wp-content\/uploads\/2023\/04\/QtaEspinho-Logo-01_700x272-18x8.png 18w, https:\/\/bracaravinum.pt\/wp-content\/uploads\/2023\/04\/QtaEspinho-Logo-01_700x272.png 600w\" sizes=\"(max-width: 300px) 100vw, 300px\" \/><\/p>\n<p>A Quinta do Espinho ocupa 20 hectares sobre a foz do rio T\u00e1vora com a margem esquerda do rio Douro, o centro do cultivo vitivin\u00edcola do vale do Douro, na sub-regi\u00e3o do Cima Corgo, onde est\u00e3o localizadas algumas das quintas emblem\u00e1ticas do vinho do porto.<\/p>\n<p>Considerada uma das grandes paisagens vin\u00edcolas do mundo, o Alto Douro Vinhateiro foi classificado pela UNESCO como Patrim\u00f3nio Mundial em 2001.<\/p>\n<p>A sua situa\u00e7\u00e3o log\u00edstica e estrat\u00e9gica \u00e9 excepcional, em acessibilidades e, sobretudo, no enorme potencial vit\u00edcola, paisag\u00edstico e ambiental nas produ\u00e7\u00f5es a que se dedica.<\/p>\n<p>\u00c0s vinhas em socalcos que se estendem do rio \u00e0 altitude de 195 metros, junta-se um solo rico em nutrientes, formado por peda\u00e7os laminados de xisto que ret\u00eam a humidade necess\u00e1ria para que a videira sobreviva nas condi\u00e7\u00f5es quase \u00e1ridas que prevalecem durante a maior parte do ver\u00e3o.<\/p>\n<p>Em 1986 iniciou-se o projecto de instala\u00e7\u00e3o de novas vinhas e reestrutura\u00e7\u00e3o da vinha velha. Em 2010 procedeu-se \u00e0 requalifica\u00e7\u00e3o das instala\u00e7\u00f5es da adega e armaz\u00e9m. Respeitando integralmente as exig\u00eancias impostas pela localiza\u00e7\u00e3o da Quinta, no cora\u00e7\u00e3o da regi\u00e3o Douro, restauraram-se os edif\u00edcios do in\u00edcio do s\u00e9c. XVIII mantendo estruturas tradicionais como os lagares em pedra, ainda hoje utilizados. Procedeu-se \u00e0 remodela\u00e7\u00e3o com os mais modernos equipamentos de vinifica\u00e7\u00e3o e armazenamento, de forma a garantir a m\u00e1xima qualidade e versatilidade no exigente processo de vinifica\u00e7\u00e3o.<\/p>","protected":false},"excerpt":{"rendered":"<p>O Quinta do Espinho Reserva tem o car\u00e1cter e a personalidade do Douro.<\/p>\n<p>&nbsp;<\/p>\n<p>Proveniente de castas seleccionadas da quinta, predominam a Touriga Nacional, a Touriga Franca e a Tinta Roriz.<\/p>\n<p>Muito frutado no nariz, cheio e concentrado na boca, de taninos firmes e consistentes, este vinho combina o car\u00e1cter do terroir com a eleg\u00e2ncia dos vinhos durienses .<\/p>\n<p>De estrutura definida, integra bem a frescura com notas de complexidade a frutos e especiarias. Os taninos s\u00e3o maduros e o final \u00e9 longo e persistente.<\/p>\n<p>A eleg\u00e2ncia deste vinho contribui para o seu potencial de envelhecimento.<\/p>","protected":false},"featured_media":17560,"template":"","meta":{"_exactmetrics_skip_tracking":false,"_exactmetrics_sitenote_active":false,"_exactmetrics_sitenote_note":"","_exactmetrics_sitenote_category":0,"_uf_show_specific_survey":0,"_uf_disable_surveys":false,"iawp_total_views":21},"product_brand":[],"product_cat":[215,184,157],"product_tag":[],"class_list":{"0":"post-17559","1":"product","2":"type-product","3":"status-publish","4":"has-post-thumbnail","6":"product_cat-douro","7":"product_cat-tinto","8":"product_cat-vinhos","10":"first","11":"instock","12":"shipping-taxable","13":"purchasable","14":"product-type-simple"},"_links":{"self":[{"href":"https:\/\/bracaravinum.pt\/fr\/wp-json\/wp\/v2\/product\/17559","targetHints":{"allow":["GET"]}}],"collection":[{"href":"https:\/\/bracaravinum.pt\/fr\/wp-json\/wp\/v2\/product"}],"about":[{"href":"https:\/\/bracaravinum.pt\/fr\/wp-json\/wp\/v2\/types\/product"}],"wp:featuredmedia":[{"embeddable":true,"href":"https:\/\/bracaravinum.pt\/fr\/wp-json\/wp\/v2\/media\/17560"}],"wp:attachment":[{"href":"https:\/\/bracaravinum.pt\/fr\/wp-json\/wp\/v2\/media?parent=17559"}],"wp:term":[{"taxonomy":"product_brand","embeddable":true,"href":"https:\/\/bracaravinum.pt\/fr\/wp-json\/wp\/v2\/product_brand?post=17559"},{"taxonomy":"product_cat","embeddable":true,"href":"https:\/\/bracaravinum.pt\/fr\/wp-json\/wp\/v2\/product_cat?post=17559"},{"taxonomy":"product_tag","embeddable":true,"href":"https:\/\/bracaravinum.pt\/fr\/wp-json\/wp\/v2\/product_tag?post=17559"}],"curies":[{"name":"wp","href":"https:\/\/api.w.org\/{rel}","templated":true}]}}