{"id":17267,"date":"2023-02-02T19:13:50","date_gmt":"2023-02-02T19:13:50","guid":{"rendered":"https:\/\/bracaravinum.pt\/?post_type=product&#038;p=17267"},"modified":"2023-02-02T19:19:55","modified_gmt":"2023-02-02T19:19:55","slug":"moos-vignoble-sambado-grande-reserve-rouge-2019-75cl","status":"publish","type":"product","link":"https:\/\/bracaravinum.pt\/fr\/produit\/moos-vignoble-sambado-grande-reserve-rouge-2019-75cl\/","title":{"rendered":"M\u00f3os Vinha Sambado Grande Reserva Rouge 2019 75cl"},"content":{"rendered":"","protected":false},"excerpt":{"rendered":"<p>C\u00e9pages : Touriga Nacional et Touriga Francesa<\/p>\n<p>Fermentation en moulin et \u00e9levage pendant 22 mois en barriques neuves. Nez profond aux notes de fruits sauvages, de poivre rose, de menthol l\u00e9ger, d&#039;\u00e9pices exotiques et d&#039;herbes s\u00e8ches. Enorme fra\u00eecheur en bouche dans un rouge tr\u00e8s \u00e9l\u00e9gant et soyeux, avec une immense puret\u00e9 de fruit et une harmonie d&#039;ensemble.<\/p>\n<p>Vigneron : Lu\u00eds Leoc\u00e1dio<\/p>","protected":false},"featured_media":17268,"template":"","meta":{"_exactmetrics_skip_tracking":false,"_exactmetrics_sitenote_active":false,"_exactmetrics_sitenote_note":"","_exactmetrics_sitenote_category":0,"_uf_show_specific_survey":0,"_uf_disable_surveys":false,"iawp_total_views":9},"product_brand":[],"product_cat":[157,184,215],"product_tag":[],"class_list":{"0":"post-17267","1":"product","2":"type-product","3":"status-publish","4":"has-post-thumbnail","6":"product_cat-vinhos","7":"product_cat-tinto","8":"product_cat-douro","10":"first","11":"instock","12":"shipping-taxable","13":"purchasable","14":"product-type-simple"},"_links":{"self":[{"href":"https:\/\/bracaravinum.pt\/fr\/wp-json\/wp\/v2\/product\/17267","targetHints":{"allow":["GET"]}}],"collection":[{"href":"https:\/\/bracaravinum.pt\/fr\/wp-json\/wp\/v2\/product"}],"about":[{"href":"https:\/\/bracaravinum.pt\/fr\/wp-json\/wp\/v2\/types\/product"}],"wp:featuredmedia":[{"embeddable":true,"href":"https:\/\/bracaravinum.pt\/fr\/wp-json\/wp\/v2\/media\/17268"}],"wp:attachment":[{"href":"https:\/\/bracaravinum.pt\/fr\/wp-json\/wp\/v2\/media?parent=17267"}],"wp:term":[{"taxonomy":"product_brand","embeddable":true,"href":"https:\/\/bracaravinum.pt\/fr\/wp-json\/wp\/v2\/product_brand?post=17267"},{"taxonomy":"product_cat","embeddable":true,"href":"https:\/\/bracaravinum.pt\/fr\/wp-json\/wp\/v2\/product_cat?post=17267"},{"taxonomy":"product_tag","embeddable":true,"href":"https:\/\/bracaravinum.pt\/fr\/wp-json\/wp\/v2\/product_tag?post=17267"}],"curies":[{"name":"wp","href":"https:\/\/api.w.org\/{rel}","templated":true}]}}