{"id":17176,"date":"2023-01-21T11:35:55","date_gmt":"2023-01-21T11:35:55","guid":{"rendered":"https:\/\/bracaravinum.pt\/?post_type=product&#038;p=17176"},"modified":"2024-04-10T18:21:45","modified_gmt":"2024-04-10T18:21:45","slug":"rola-touriga-national-douro-rouge-75cl","status":"publish","type":"product","link":"https:\/\/bracaravinum.pt\/fr\/produto\/rola-touriga-nacional-douro-tinto-75cl\/","title":{"rendered":"Rola Touriga Nacional Douro Rouge 75cl"},"content":{"rendered":"<p><img decoding=\"async\" class=\"size-medium wp-image-17173 aligncenter\" src=\"http:\/\/bracaravinum.pt\/wp-content\/uploads\/2020\/04\/Rola-Wines-logo-300x54.png\" alt=\"\" width=\"300\" height=\"54\" srcset=\"https:\/\/bracaravinum.pt\/wp-content\/uploads\/2020\/04\/Rola-Wines-logo-300x54.png 300w, https:\/\/bracaravinum.pt\/wp-content\/uploads\/2020\/04\/Rola-Wines-logo-18x3.png 18w, https:\/\/bracaravinum.pt\/wp-content\/uploads\/2020\/04\/Rola-Wines-logo.png 450w\" sizes=\"(max-width: 300px) 100vw, 300px\" \/><\/p>\n<div>Le Douro est connu pour \u00eatre le berceau de femmes extraordinaires, audacieuses et en avance sur leur temps.<\/div>\n<p>\u00c0 l&#039;instar des grandes dames du Douro, des femmes aux initiatives louables et \u00e0 l&#039;esprit de risque surprenant face aux pouvoirs en place, la vigneronne Ana Rola et l&#039;architecte Helga Rodrigues, amies de longue date, se sont r\u00e9unies pour fa\u00e7onner un projet. vin unique dans le Douro, inspir\u00e9 par les valeurs familiales, l&#039;amour de la tradition et la force du sein maternel.<br \/>\nCette force visc\u00e9rale se mat\u00e9rialise d\u00e9sormais avec le bapt\u00eame de trois de leurs vins avec les noms de leurs filles \u2013 Maria Teresa et Maria Lu\u00eds \u2013 en signe clair de continuit\u00e9, d&#039;union et de force f\u00e9minine.<\/p>","protected":false},"excerpt":{"rendered":"<p>C\u00e9pages : Touriga Nacional<\/p>\n<p>Vieillissement pendant 14 mois en f\u00fbts de ch\u00eane fran\u00e7ais de 500 litres<\/p>\n<p>Il pr\u00e9sente un ar\u00f4me attrayant et intense de fruits rouges, en bouche il est \u00e9quilibr\u00e9, doux, assez enveloppant ; id\u00e9al pour accompagner les plats de viande.<\/p>","protected":false},"featured_media":9768,"template":"","meta":{"_exactmetrics_skip_tracking":false,"_exactmetrics_sitenote_active":false,"_exactmetrics_sitenote_note":"","_exactmetrics_sitenote_category":0,"_uf_show_specific_survey":0,"_uf_disable_surveys":false,"iawp_total_views":14},"product_brand":[],"product_cat":[215,184,157],"product_tag":[],"class_list":{"0":"post-17176","1":"product","2":"type-product","3":"status-publish","4":"has-post-thumbnail","6":"product_cat-douro","7":"product_cat-tinto","8":"product_cat-vinhos","10":"first","11":"instock","12":"shipping-taxable","13":"purchasable","14":"product-type-simple"},"_links":{"self":[{"href":"https:\/\/bracaravinum.pt\/fr\/wp-json\/wp\/v2\/product\/17176","targetHints":{"allow":["GET"]}}],"collection":[{"href":"https:\/\/bracaravinum.pt\/fr\/wp-json\/wp\/v2\/product"}],"about":[{"href":"https:\/\/bracaravinum.pt\/fr\/wp-json\/wp\/v2\/types\/product"}],"wp:featuredmedia":[{"embeddable":true,"href":"https:\/\/bracaravinum.pt\/fr\/wp-json\/wp\/v2\/media\/9768"}],"wp:attachment":[{"href":"https:\/\/bracaravinum.pt\/fr\/wp-json\/wp\/v2\/media?parent=17176"}],"wp:term":[{"taxonomy":"product_brand","embeddable":true,"href":"https:\/\/bracaravinum.pt\/fr\/wp-json\/wp\/v2\/product_brand?post=17176"},{"taxonomy":"product_cat","embeddable":true,"href":"https:\/\/bracaravinum.pt\/fr\/wp-json\/wp\/v2\/product_cat?post=17176"},{"taxonomy":"product_tag","embeddable":true,"href":"https:\/\/bracaravinum.pt\/fr\/wp-json\/wp\/v2\/product_tag?post=17176"}],"curies":[{"name":"wp","href":"https:\/\/api.w.org\/{rel}","templated":true}]}}