{"id":17171,"date":"2023-01-21T11:24:27","date_gmt":"2023-01-21T11:24:27","guid":{"rendered":"https:\/\/bracaravinum.pt\/?post_type=product&#038;p=17171"},"modified":"2026-03-31T16:52:32","modified_gmt":"2026-03-31T16:52:32","slug":"ferradosa-fer-blanc-75cl","status":"publish","type":"product","link":"https:\/\/bracaravinum.pt\/fr\/produit\/ferradosa-fer-blanc-75cl\/","title":{"rendered":"Fer da Ferradosa Blanc 75cl"},"content":{"rendered":"<p><img decoding=\"async\" class=\"size-medium wp-image-17165 aligncenter\" src=\"http:\/\/bracaravinum.pt\/wp-content\/uploads\/2020\/04\/ferradosa-logo-300x40.png\" alt=\"\" width=\"300\" height=\"40\" srcset=\"https:\/\/bracaravinum.pt\/wp-content\/uploads\/2020\/04\/ferradosa-logo-300x40.png 300w, https:\/\/bracaravinum.pt\/wp-content\/uploads\/2020\/04\/ferradosa-logo-768x103.png 768w, https:\/\/bracaravinum.pt\/wp-content\/uploads\/2020\/04\/ferradosa-logo-18x2.png 18w, https:\/\/bracaravinum.pt\/wp-content\/uploads\/2020\/04\/ferradosa-logo-600x80.png 600w, https:\/\/bracaravinum.pt\/wp-content\/uploads\/2020\/04\/ferradosa-logo.png 776w\" sizes=\"(max-width: 300px) 100vw, 300px\" \/><\/p>\n<p>Les premi\u00e8res r\u00e9f\u00e9rences \u00e0 la Quinta da Ferradosa remontent \u00e0 la fin du XIXe si\u00e8cle, lorsqu&#039;elle appartenait \u00e0 la famille Borges.<\/p>\n<p>Au d\u00e9but du XXe si\u00e8cle, il fut achet\u00e9 par la Real Companhia Velha, la plus ancienne entreprise de vin de Porto.<\/p>\n<p>La construction du barrage de Valeira a provoqu\u00e9 une mont\u00e9e du niveau de l&#039;eau du fleuve Douro, submergeant une grande partie des vignobles de Quinta da Ferradosa, ce qui a affect\u00e9 son potentiel vitivinicole et rendu l&#039;acc\u00e8s difficile.<\/p>\n<p>Dans les ann\u00e9es 90, la Quinta fut achet\u00e9e par Joaquim Manuel Calem, propri\u00e9taire de l&#039;entreprise AA Calem &amp; Filho Lda, l&#039;une des principales entreprises portugaises produisant et exportant du vin de Porto, cr\u00e9\u00e9e par son arri\u00e8re-arri\u00e8re-grand-p\u00e8re en 1859. L&#039;entreprise est rest\u00e9e en la famille jusqu&#039;au 21\u00e8me si\u00e8cle, date \u00e0 laquelle elle fut vendue avec la marque. Cependant, le patrimoine des fermes resta la propri\u00e9t\u00e9 de la famille Calem.<\/p>\n<p>Joaquim Manuel Calem, p\u00e8re de l&#039;actuel propri\u00e9taire, avait une grande passion pour Ferradosa et y a plant\u00e9 13 hectares avec trois des principaux c\u00e9pages de la r\u00e9gion : Touriga Nacional, Touriga Franca et Tinta Roriz. Il \u00e9tait \u00e9galement responsable de l&#039;installation de l&#039;\u00e9lectricit\u00e9 sur la propri\u00e9t\u00e9 et avait \u00e9galement de grands projets de reconstruction des ruines existantes, afin de ramener la Quinta \u00e0 son apog\u00e9e.<\/p>\n<p>Joaquim Manuel est d\u00e9c\u00e9d\u00e9 en 2006, lorsque son fils, \u00e9galement Joaquim, a h\u00e9rit\u00e9 de Ferradosa. Portant en vous la m\u00eame envie d&#039;investir dans cette propri\u00e9t\u00e9 isol\u00e9e, inhospitali\u00e8re et inspirante, c&#039;est aujourd&#039;hui entre vos mains qu&#039;elle s&#039;\u00e9panouit et devient l&#039;une des fermes les plus romantiques du Douro.<\/p>","protected":false},"excerpt":{"rendered":"<p>Raisins : Arinto, C\u00f3dega de Larinho et Rabigato<\/p>\n<p>Ferro da Ferradosa Douro Branco est un vin blanc frais, aux ar\u00f4mes de citron vert, de citron avec une min\u00e9ralit\u00e9 marqu\u00e9e du c\u00e9page Arinto. Ce vin combine l&#039;acidit\u00e9 naturelle du Rabigato avec les ar\u00f4mes de fruits tropicaux de C\u00f3dega. Il y a aussi Viosinho dans le lot. Agrumes au nez, en bouche Ferro da Ferradosa Douro Branco pr\u00e9sente une grande fra\u00eecheur et un grand \u00e9quilibre.<\/p>","protected":false},"featured_media":17172,"template":"","meta":{"_exactmetrics_skip_tracking":false,"_exactmetrics_sitenote_active":false,"_exactmetrics_sitenote_note":"","_exactmetrics_sitenote_category":0,"_uf_show_specific_survey":0,"_uf_disable_surveys":false,"iawp_total_views":5},"product_brand":[],"product_cat":[157,185,188],"product_tag":[],"class_list":{"0":"post-17171","1":"product","2":"type-product","3":"status-publish","4":"has-post-thumbnail","6":"product_cat-vinhos","7":"product_cat-branco","8":"product_cat-douro-branco","10":"first","11":"instock","12":"shipping-taxable","13":"purchasable","14":"product-type-simple"},"_links":{"self":[{"href":"https:\/\/bracaravinum.pt\/fr\/wp-json\/wp\/v2\/product\/17171","targetHints":{"allow":["GET"]}}],"collection":[{"href":"https:\/\/bracaravinum.pt\/fr\/wp-json\/wp\/v2\/product"}],"about":[{"href":"https:\/\/bracaravinum.pt\/fr\/wp-json\/wp\/v2\/types\/product"}],"wp:featuredmedia":[{"embeddable":true,"href":"https:\/\/bracaravinum.pt\/fr\/wp-json\/wp\/v2\/media\/17172"}],"wp:attachment":[{"href":"https:\/\/bracaravinum.pt\/fr\/wp-json\/wp\/v2\/media?parent=17171"}],"wp:term":[{"taxonomy":"product_brand","embeddable":true,"href":"https:\/\/bracaravinum.pt\/fr\/wp-json\/wp\/v2\/product_brand?post=17171"},{"taxonomy":"product_cat","embeddable":true,"href":"https:\/\/bracaravinum.pt\/fr\/wp-json\/wp\/v2\/product_cat?post=17171"},{"taxonomy":"product_tag","embeddable":true,"href":"https:\/\/bracaravinum.pt\/fr\/wp-json\/wp\/v2\/product_tag?post=17171"}],"curies":[{"name":"wp","href":"https:\/\/api.w.org\/{rel}","templated":true}]}}