{"id":17032,"date":"2023-01-12T16:47:09","date_gmt":"2023-01-12T16:47:09","guid":{"rendered":"https:\/\/bracaravinum.pt\/?post_type=product&#038;p=17032"},"modified":"2025-10-07T11:27:12","modified_gmt":"2025-10-07T11:27:12","slug":"medusa-reserve-rouge-2017-boite-3","status":"publish","type":"product","link":"https:\/\/bracaravinum.pt\/fr\/produto\/medusa-reserva-tinto-2017-cx-3\/","title":{"rendered":"Medusa Reserva rouge 2017 coffret x 3 bouteilles"},"content":{"rendered":"<p><img decoding=\"async\" class=\"size-medium wp-image-17034 aligncenter\" src=\"http:\/\/bracaravinum.pt\/wp-content\/uploads\/2023\/01\/logo_medusa_white-300x120.png\" alt=\"\" width=\"300\" height=\"120\" srcset=\"https:\/\/bracaravinum.pt\/wp-content\/uploads\/2023\/01\/logo_medusa_white-300x120.png 300w, https:\/\/bracaravinum.pt\/wp-content\/uploads\/2023\/01\/logo_medusa_white-18x7.png 18w, https:\/\/bracaravinum.pt\/wp-content\/uploads\/2023\/01\/logo_medusa_white.png 324w\" sizes=\"(max-width: 300px) 100vw, 300px\" \/><\/p>\n<p>La mythologie dit que M\u00e9duse \u00e9tait un \u00eatre absolument irr\u00e9sistible, portant en elle la mal\u00e9diction de transformer en pierre quiconque la regardait dans les yeux. La mal\u00e9diction n&#039;a pris fin que lorsqu&#039;un p\u00eacheur a utilis\u00e9 un miroir qui, refl\u00e9tant sa propre image, l&#039;a \u00e9galement transform\u00e9e en pierre, permettant ainsi sa destruction. La l\u00e9gende raconte aussi que l&#039;\u00e9lixir de vie \u00e9ternelle coulait d&#039;une de ses veines. Puisque la mythologie est une recr\u00e9ation de la vie elle-m\u00eame, Cave Central da Bairrada a cr\u00e9\u00e9 la marque de vin Medusa Bairrada DOC. Cette marque a \u00e9t\u00e9 cr\u00e9\u00e9e dans le but de cr\u00e9er des vins mythiques de la r\u00e9gion de Bairrada, qui marqueront le temps et les m\u00e9moires.<\/p>\n<p>En 2019, la marque a \u00e9t\u00e9 lanc\u00e9e \u00e0 travers les vins Medusa rouge, Medusa blanc et Medusa Ros\u00e9. Quelques mois plus tard, la Medusa Reserva blanche et rouge et la Medusa Grande Reserva rouge ont \u00e9galement \u00e9t\u00e9 lanc\u00e9es.<\/p>","protected":false},"excerpt":{"rendered":"<p>Ar\u00f4me : Gel\u00e9e de fruits rouges avec de l\u00e9g\u00e8res notes florales.<br \/>\nGo\u00fbt : Structur\u00e9, complexe avec des tanins persistants qui d\u00e9notent la fermet\u00e9 et l&#039;\u00e9l\u00e9gance. Long arri\u00e8re-go\u00fbt.<\/p>","protected":false},"featured_media":17036,"template":"","meta":{"_exactmetrics_skip_tracking":false,"_exactmetrics_sitenote_active":false,"_exactmetrics_sitenote_note":"","_exactmetrics_sitenote_category":0,"_uf_show_specific_survey":0,"_uf_disable_surveys":false,"iawp_total_views":67},"product_brand":[],"product_cat":[208,216,258,184,157],"product_tag":[],"class_list":{"0":"post-17032","1":"product","2":"type-product","3":"status-publish","4":"has-post-thumbnail","6":"product_cat-bairrada","7":"product_cat-conjuntos","8":"product_cat-conjuntos-de-oferta","9":"product_cat-tinto","10":"product_cat-vinhos","12":"first","13":"instock","14":"shipping-taxable","15":"purchasable","16":"product-type-simple"},"_links":{"self":[{"href":"https:\/\/bracaravinum.pt\/fr\/wp-json\/wp\/v2\/product\/17032","targetHints":{"allow":["GET"]}}],"collection":[{"href":"https:\/\/bracaravinum.pt\/fr\/wp-json\/wp\/v2\/product"}],"about":[{"href":"https:\/\/bracaravinum.pt\/fr\/wp-json\/wp\/v2\/types\/product"}],"wp:featuredmedia":[{"embeddable":true,"href":"https:\/\/bracaravinum.pt\/fr\/wp-json\/wp\/v2\/media\/17036"}],"wp:attachment":[{"href":"https:\/\/bracaravinum.pt\/fr\/wp-json\/wp\/v2\/media?parent=17032"}],"wp:term":[{"taxonomy":"product_brand","embeddable":true,"href":"https:\/\/bracaravinum.pt\/fr\/wp-json\/wp\/v2\/product_brand?post=17032"},{"taxonomy":"product_cat","embeddable":true,"href":"https:\/\/bracaravinum.pt\/fr\/wp-json\/wp\/v2\/product_cat?post=17032"},{"taxonomy":"product_tag","embeddable":true,"href":"https:\/\/bracaravinum.pt\/fr\/wp-json\/wp\/v2\/product_tag?post=17032"}],"curies":[{"name":"wp","href":"https:\/\/api.w.org\/{rel}","templated":true}]}}