{"id":16753,"date":"2022-11-11T09:33:41","date_gmt":"2022-11-11T09:33:41","guid":{"rendered":"https:\/\/bracaravinum.pt\/?post_type=product&#038;p=16753"},"modified":"2024-03-23T12:46:51","modified_gmt":"2024-03-23T12:46:51","slug":"40-varietes-reserve-rouge-2020-75cl","status":"publish","type":"product","link":"https:\/\/bracaravinum.pt\/fr\/produit\/40-varietes-reserve-rouge-2020-75cl\/","title":{"rendered":"40 Vari\u00e9t\u00e9s Reserva Rouge 2022 75cl"},"content":{"rendered":"<p><img fetchpriority=\"high\" decoding=\"async\" class=\"size-medium wp-image-15443 aligncenter\" src=\"http:\/\/bracaravinum.pt\/wp-content\/uploads\/2022\/02\/quinta-dona-doroteia-logo-300x182.png\" alt=\"\" width=\"300\" height=\"182\" srcset=\"https:\/\/bracaravinum.pt\/wp-content\/uploads\/2022\/02\/quinta-dona-doroteia-logo-300x182.png 300w, https:\/\/bracaravinum.pt\/wp-content\/uploads\/2022\/02\/quinta-dona-doroteia-logo.png 347w\" sizes=\"(max-width: 300px) 100vw, 300px\" \/><\/p>","protected":false},"excerpt":{"rendered":"<div dir=\"auto\">C\u00e9pages : 40 c\u00e9pages avec une pr\u00e9dominance de Touriga Nacional, Touriga Franca et Tinta Roriz<\/div>\n<div dir=\"auto\">40 vari\u00e9t\u00e9s Reserva Red, un vin extrait de raisins provenant de vignobles de l&#039;exclusif Vale da Dona Doroteia, au c\u0153ur de la r\u00e9gion d\u00e9limit\u00e9e du Douro.<\/div>\n<div dir=\"auto\">Elevage en f\u00fbts de ch\u00eane, ce qui conf\u00e8re \u00e0 ce vin un caract\u00e8re incontestable.<\/div>","protected":false},"featured_media":16754,"template":"","meta":{"_exactmetrics_skip_tracking":false,"_exactmetrics_sitenote_active":false,"_exactmetrics_sitenote_note":"","_exactmetrics_sitenote_category":0,"_uf_show_specific_survey":0,"_uf_disable_surveys":false,"iawp_total_views":568},"product_brand":[],"product_cat":[157,184,215],"product_tag":[],"class_list":{"0":"post-16753","1":"product","2":"type-product","3":"status-publish","4":"has-post-thumbnail","6":"product_cat-vinhos","7":"product_cat-tinto","8":"product_cat-douro","10":"first","11":"instock","12":"shipping-taxable","13":"purchasable","14":"product-type-simple"},"_links":{"self":[{"href":"https:\/\/bracaravinum.pt\/fr\/wp-json\/wp\/v2\/product\/16753","targetHints":{"allow":["GET"]}}],"collection":[{"href":"https:\/\/bracaravinum.pt\/fr\/wp-json\/wp\/v2\/product"}],"about":[{"href":"https:\/\/bracaravinum.pt\/fr\/wp-json\/wp\/v2\/types\/product"}],"wp:featuredmedia":[{"embeddable":true,"href":"https:\/\/bracaravinum.pt\/fr\/wp-json\/wp\/v2\/media\/16754"}],"wp:attachment":[{"href":"https:\/\/bracaravinum.pt\/fr\/wp-json\/wp\/v2\/media?parent=16753"}],"wp:term":[{"taxonomy":"product_brand","embeddable":true,"href":"https:\/\/bracaravinum.pt\/fr\/wp-json\/wp\/v2\/product_brand?post=16753"},{"taxonomy":"product_cat","embeddable":true,"href":"https:\/\/bracaravinum.pt\/fr\/wp-json\/wp\/v2\/product_cat?post=16753"},{"taxonomy":"product_tag","embeddable":true,"href":"https:\/\/bracaravinum.pt\/fr\/wp-json\/wp\/v2\/product_tag?post=16753"}],"curies":[{"name":"wp","href":"https:\/\/api.w.org\/{rel}","templated":true}]}}