{"id":16671,"date":"2022-11-04T08:57:38","date_gmt":"2022-11-04T08:57:38","guid":{"rendered":"https:\/\/bracaravinum.pt\/?post_type=product&#038;p=16671"},"modified":"2025-11-06T15:38:26","modified_gmt":"2025-11-06T15:38:26","slug":"interdit-grande-reserve-rouge-2020-75cl","status":"publish","type":"product","link":"https:\/\/bracaravinum.pt\/fr\/produto\/proibido-grande-reserva-tinto-2020-75cl\/","title":{"rendered":"Proibido Grande Reserva Rouge 2020 75cl"},"content":{"rendered":"<p><img decoding=\"async\" class=\"size-medium wp-image-16673 aligncenter\" src=\"http:\/\/bracaravinum.pt\/wp-content\/uploads\/2022\/11\/marcio-lopes-winemaker-300x91.png\" alt=\"\" width=\"300\" height=\"91\" srcset=\"https:\/\/bracaravinum.pt\/wp-content\/uploads\/2022\/11\/marcio-lopes-winemaker-300x91.png 300w, https:\/\/bracaravinum.pt\/wp-content\/uploads\/2022\/11\/marcio-lopes-winemaker-18x5.png 18w, https:\/\/bracaravinum.pt\/wp-content\/uploads\/2022\/11\/marcio-lopes-winemaker.png 495w\" sizes=\"(max-width: 300px) 100vw, 300px\" \/><\/p>\n<p>M\u00e1rcio Lopes est n\u00e9 \u00e0 Porto en 1983 et a \u00e9t\u00e9 d\u00e8s son plus jeune \u00e2ge en contact avec la vie rurale et l&#039;agriculture par l&#039;interm\u00e9diaire de ses grands-parents. Il est dipl\u00f4m\u00e9 en ing\u00e9nierie agricole en 2006, \u00e0 l&#039;Universit\u00e9 de Porto. Au cours de sa p\u00e9riode universitaire, il a commenc\u00e9 \u00e0 travailler avec le vigneron Anselmo Mendes, \u00e0 Melga\u00e7o, o\u00f9 il a r\u00e9colt\u00e9 pour la premi\u00e8re fois le c\u00e9page Alvarinho. Du nord du Portugal, il s&#039;est rendu en Australie en 2008, o\u00f9 il a r\u00e9colt\u00e9 deux r\u00e9coltes : Rutherglen et Tasmanie.<\/p>\n<p><strong>2010<\/strong>\u00a0\u2013 La fondation du projet \u00ab M\u00e1rcio Lopes Winemaker \u00bb est \u00e9tablie avec ses deux premi\u00e8res marques : PEQUENOS REBENTOS dans la r\u00e9gion de Vinhos Verdes et PROIBIDO dans la r\u00e9gion du Douro Sup\u00e9rieur.<\/p>\n<p><strong>2015<\/strong>\u00a0\u2013 Acquisition de Quinta do Pombal \u00e0 Vila Nova de Foz C\u00f4a.<\/p>\n<p><strong>2017<\/strong>\u00a0\u2013 Cr\u00e9ation du premier champ exp\u00e9rimental \u00e0 Quinta do Pombal appel\u00e9 \u00ab Vinha da Sofia \u00bb pour r\u00e9cup\u00e9rer des c\u00e9pages indig\u00e8nes.<\/p>\n<p><strong>2017<\/strong>\u00a0\u2013 D\u00e9marre son premier projet en dehors du Portugal \u2013 TELEGRAFO \u00e0 Ribeira Sacra, Espagne.<\/p>\n<p><strong>2019\u00a0<\/strong>\u2013 Ouverture de la premi\u00e8re cave \u00e0 vin propre o\u00f9 est produite la marque \u00ab PEQUENOS REBENTOS \u00bb.<\/p>\n<p><strong>2019<\/strong>\u00a0\u2013 Cr\u00e9ation du deuxi\u00e8me champ exp\u00e9rimental \u00e0 Quinta do Pombal nomm\u00e9 \u00ab Vinha da Lu\u00edsa \u00bb.<\/p>\n<p><strong>2020<\/strong>\u00a0\u2013 Il a \u00e9t\u00e9 choisi comme \u00ab Vigneron r\u00e9volutionnaire de l\u2019ann\u00e9e 2019 \u00bb par \u00ab Revista de Vinhos \u2013 A Ess\u00eancia dos Vinhos \u00bb.<\/p>\n<p><strong>2020<\/strong>\u00a0\u2013 Re\u00e7oit le \u00ab Prix Unicit\u00e9 2019 \u00bb du magazine \u00ab Vinho \u2013 Grandes Escolhas \u00bb.<\/p>\n<p><strong>2020<\/strong>\u00a0\u2013 Mention au \u00ab Top 100 Wine Discoveries 2020 \u2013 Robert Parker \u00bb.<\/p>\n<p><strong>2022<\/strong>\u00a0\u2013 Re\u00e7oit le prix \u00ab Tradition et Identit\u00e9 \u00bb du magazine \u00ab Paix\u00e3o Pelo Vinho \u00bb.<\/p>","protected":false},"excerpt":{"rendered":"<p>Raisins : 100% Vinhas Velhas (DonzelinhoT., T. Francisca, Alvarelh\u00e3o, Sous\u00e3o, entre autres)<\/p>\n<p>Le vin Proibido est originaire de Vinhas Velhas \u00e2g\u00e9s de 40 \u00e0 80 ans, de Vila Nova de Foz C\u00f4a. Petites parcelles expos\u00e9es nord ou est entre 250m et 500m d&#039;altitude. Tous les travaux sont pratiquement effectu\u00e9s \u00e0 la main, sans utilisation d&#039;herbicides ni de pesticides. Lorsque cela est n\u00e9cessaire, nous labourons la terre \u00e0 l&#039;aide d&#039;un cheval de trait. Nous respectons donc ce que nous donne la vigne, et nous essayons de rendre la transformation du raisin en vin la plus naturelle possible.<br \/>\nCe que disent les critiques :<br \/>\n96 pts (0-100)_Wine Advocate_Robert Parker<br \/>\n18,5 pts (0-20)_Revista de Vinhos<br \/>\n18,5 pts (0-20)_Revista Paix\u00e3o Pelo Vinho<\/p>","protected":false},"featured_media":16672,"template":"","meta":{"_exactmetrics_skip_tracking":false,"_exactmetrics_sitenote_active":false,"_exactmetrics_sitenote_note":"","_exactmetrics_sitenote_category":0,"_uf_show_specific_survey":0,"_uf_disable_surveys":false,"iawp_total_views":70},"product_brand":[],"product_cat":[215,201,184,157],"product_tag":[],"class_list":{"0":"post-16671","1":"product","2":"type-product","3":"status-publish","4":"has-post-thumbnail","6":"product_cat-douro","7":"product_cat-grandes-vinhos","8":"product_cat-tinto","9":"product_cat-vinhos","11":"first","12":"outofstock","13":"shipping-taxable","14":"purchasable","15":"product-type-simple"},"_links":{"self":[{"href":"https:\/\/bracaravinum.pt\/fr\/wp-json\/wp\/v2\/product\/16671","targetHints":{"allow":["GET"]}}],"collection":[{"href":"https:\/\/bracaravinum.pt\/fr\/wp-json\/wp\/v2\/product"}],"about":[{"href":"https:\/\/bracaravinum.pt\/fr\/wp-json\/wp\/v2\/types\/product"}],"wp:featuredmedia":[{"embeddable":true,"href":"https:\/\/bracaravinum.pt\/fr\/wp-json\/wp\/v2\/media\/16672"}],"wp:attachment":[{"href":"https:\/\/bracaravinum.pt\/fr\/wp-json\/wp\/v2\/media?parent=16671"}],"wp:term":[{"taxonomy":"product_brand","embeddable":true,"href":"https:\/\/bracaravinum.pt\/fr\/wp-json\/wp\/v2\/product_brand?post=16671"},{"taxonomy":"product_cat","embeddable":true,"href":"https:\/\/bracaravinum.pt\/fr\/wp-json\/wp\/v2\/product_cat?post=16671"},{"taxonomy":"product_tag","embeddable":true,"href":"https:\/\/bracaravinum.pt\/fr\/wp-json\/wp\/v2\/product_tag?post=16671"}],"curies":[{"name":"wp","href":"https:\/\/api.w.org\/{rel}","templated":true}]}}