{"id":16548,"date":"2022-10-20T12:02:31","date_gmt":"2022-10-20T12:02:31","guid":{"rendered":"https:\/\/bracaravinum.pt\/?post_type=product&#038;p=16548"},"modified":"2024-11-05T19:40:37","modified_gmt":"2024-11-05T19:40:37","slug":"quinta-do-vale-d-maria-tinto-2018-75cl","status":"publish","type":"product","link":"https:\/\/bracaravinum.pt\/fr\/produto\/quinta-do-vale-d-maria-tinto-2018-75cl\/","title":{"rendered":"Quinta do Vale D. Maria Tinto 2018 75cl"},"content":{"rendered":"<p><img fetchpriority=\"high\" decoding=\"async\" class=\"size-medium wp-image-16029 aligncenter\" src=\"http:\/\/bracaravinum.pt\/wp-content\/uploads\/2022\/05\/quintavaledonamaria-logo-300x300.png\" alt=\"\" width=\"300\" height=\"300\" srcset=\"https:\/\/bracaravinum.pt\/wp-content\/uploads\/2022\/05\/quintavaledonamaria-logo-300x300.png 300w, https:\/\/bracaravinum.pt\/wp-content\/uploads\/2022\/05\/quintavaledonamaria-logo-150x150.png 150w, https:\/\/bracaravinum.pt\/wp-content\/uploads\/2022\/05\/quintavaledonamaria-logo-768x768.png 768w, https:\/\/bracaravinum.pt\/wp-content\/uploads\/2022\/05\/quintavaledonamaria-logo-12x12.png 12w, https:\/\/bracaravinum.pt\/wp-content\/uploads\/2022\/05\/quintavaledonamaria-logo-600x600.png 600w, https:\/\/bracaravinum.pt\/wp-content\/uploads\/2022\/05\/quintavaledonamaria-logo-100x100.png 100w, https:\/\/bracaravinum.pt\/wp-content\/uploads\/2022\/05\/quintavaledonamaria-logo.png 872w\" sizes=\"(max-width: 300px) 100vw, 300px\" \/><\/p>\n<p class=\"animate animated\">Localizada no cora\u00e7\u00e3o da regi\u00e3o do Douro, no Cima Corgo no Vale do Rio Torto, os primeiros registos da Quinta Vale D. Maria datam de 1868. A hist\u00f3ria da Quinta Vale D. Maria vinifica\u00e7\u00e3o come\u00e7a em 1996 nas m\u00e3os de Cristiano van Zeller, quando compra o im\u00f3vel da fam\u00edlia de sua esposa, Joana Lemos van Zeller.<\/p>\n<p class=\"animate animated\">Desde ent\u00e3o, e fruto de muita dedica\u00e7\u00e3o e paix\u00e3o, a Quinta Vale D. Maria est\u00e1 na g\u00e9nese de vinhos \u00fanicos, cuja qualidade \u00e9 reconhecida nacional e internacionalmente.\u00a0O profundo respeito por esta regi\u00e3o e pelo legado de Cristiano van Zeller, a favor de um selo de excel\u00eancia, esteve na origem da aquisi\u00e7\u00e3o da Quinta Vale D. Maria, pela Aveleda em 2017. Um ano antes, a Aveleda j\u00e1 tinha adquirido Quinta Vale do Sabor, localizada na sub-regi\u00e3o do Douro Superior.<\/p>","protected":false},"excerpt":{"rendered":"<p>Um \u00a0\u00a0<em>blend\u00a0<\/em>\u00a0 de \u00a0 41 \u00a0 castas \u00a0 diferentes, \u00a0 onde \u00a0 se encontram, entre outras, o Rufete, a Tinta Amarela, a Tinta Francisca, o Sous\u00e3o,\u00a0 a\u00a0 Touriga\u00a0 Franca,\u00a0 a\u00a0 Tinta\u00a0 Roriz\u00a0 e\u00a0 muitas\u00a0 outras\u00a0 t\u00edpicas\u00a0 do Douro,\u00a0 procedentes\u00a0 dos\u00a0 10\u00a0 hectares\u00a0 de vinhas\u00a0 velhas originais\u00a0 da Quinta\u00a0 Vale\u00a0 D.\u00a0 Maria.\u00a0 As\u00a0 vinhas\u00a0 t\u00eam\u00a0 idade\u00a0 superior a\u00a0 60\u00a0 anos,\u00a0 com exposi\u00e7\u00e3o\u00a0 Sul,\u00a0 Sudeste,\u00a0 Sudoeste, Nascente e\u00a0 Poente.<\/p>\n<p>A riqueza arom\u00e1tica que sobressai de frutos vermelhos como amora silvestre, framboesa e cereja madura, caracterizam o Quinta Vale D. Maria Douro tinto 2018. Estrutura elegante e concentrada. Suculento em boca, \u00e9 equilibrado, fresco e com um final que perdura.<\/p>\n<p>En\u00f3logos:\u00a0Cristiano van Zeller e Manuel Soares<\/p>\n<p>Pr\u00e9mios:\u00a094 pontos \u2013 Robert Parker | 93 pontos \u2013 Wine Enthusiast | 93 pontos \u2013 Decanter World Wine Awards | 18\/20 pontos \u2013 Grandes Escolhas<\/p>\n<p>Harmoniza\u00e7\u00f5es:\u00a0Rosbife | Bife com mostarda e molho de mel<\/p>","protected":false},"featured_media":16549,"template":"","meta":{"_exactmetrics_skip_tracking":false,"_exactmetrics_sitenote_active":false,"_exactmetrics_sitenote_note":"","_exactmetrics_sitenote_category":0,"_uf_show_specific_survey":0,"_uf_disable_surveys":false,"iawp_total_views":15},"product_brand":[],"product_cat":[215,184,157],"product_tag":[],"class_list":{"0":"post-16548","1":"product","2":"type-product","3":"status-publish","4":"has-post-thumbnail","6":"product_cat-douro","7":"product_cat-tinto","8":"product_cat-vinhos","10":"first","11":"instock","12":"shipping-taxable","13":"purchasable","14":"product-type-simple"},"_links":{"self":[{"href":"https:\/\/bracaravinum.pt\/fr\/wp-json\/wp\/v2\/product\/16548","targetHints":{"allow":["GET"]}}],"collection":[{"href":"https:\/\/bracaravinum.pt\/fr\/wp-json\/wp\/v2\/product"}],"about":[{"href":"https:\/\/bracaravinum.pt\/fr\/wp-json\/wp\/v2\/types\/product"}],"wp:featuredmedia":[{"embeddable":true,"href":"https:\/\/bracaravinum.pt\/fr\/wp-json\/wp\/v2\/media\/16549"}],"wp:attachment":[{"href":"https:\/\/bracaravinum.pt\/fr\/wp-json\/wp\/v2\/media?parent=16548"}],"wp:term":[{"taxonomy":"product_brand","embeddable":true,"href":"https:\/\/bracaravinum.pt\/fr\/wp-json\/wp\/v2\/product_brand?post=16548"},{"taxonomy":"product_cat","embeddable":true,"href":"https:\/\/bracaravinum.pt\/fr\/wp-json\/wp\/v2\/product_cat?post=16548"},{"taxonomy":"product_tag","embeddable":true,"href":"https:\/\/bracaravinum.pt\/fr\/wp-json\/wp\/v2\/product_tag?post=16548"}],"curies":[{"name":"wp","href":"https:\/\/api.w.org\/{rel}","templated":true}]}}