{"id":16300,"date":"2022-07-20T17:14:00","date_gmt":"2022-07-20T17:14:00","guid":{"rendered":"https:\/\/bracaravinum.pt\/?post_type=product&#038;p=16300"},"modified":"2025-11-11T18:45:31","modified_gmt":"2025-11-11T18:45:31","slug":"ginja-de-obidos-oppidum-20cl","status":"publish","type":"product","link":"https:\/\/bracaravinum.pt\/fr\/produit\/ginja-de-obidos-oppidum-20cl\/","title":{"rendered":"Ginja de \u00d3bidos Oppidum 20cl"},"content":{"rendered":"<div class=\"dt-sc-title script-with-sub-title aligncenter animated fadeInDown\">\n<p><img decoding=\"async\" class=\"size-full wp-image-16302 aligncenter\" src=\"http:\/\/bracaravinum.pt\/wp-content\/uploads\/2022\/07\/oppidum-logo.png\" alt=\"\" width=\"226\" height=\"85\" srcset=\"https:\/\/bracaravinum.pt\/wp-content\/uploads\/2022\/07\/oppidum-logo.png 226w, https:\/\/bracaravinum.pt\/wp-content\/uploads\/2022\/07\/oppidum-logo-18x7.png 18w\" sizes=\"(max-width: 226px) 100vw, 226px\" \/><\/p>\n<p>OPPIDUM<\/p>\n<p>Rubro desde 1987<\/p>\n<p>N\u00e3o \u00e9 ouro. \u00c9 carmim.<\/p>\n<\/div>\n<div class=\"wpb_text_column wpb_content_element aligncenter animated fadeInDown\">\n<div class=\"wpb_wrapper\">\n<p>Quando o Sr. D\u00e1rio decidiu continuar a arte do pai, n\u00e3o queria apenas que aquela desse frutos. Desses ocuparam-se as gera\u00e7\u00f5es anteriores, comercializando a produ\u00e7\u00e3o local de ginjas, famosas pela sua qualidade \u00edmpar, para fornecer os mais renomados licoristas sitos (ainda hoje) em Lisboa e em Alcoba\u00e7a. Queria transform\u00e1-los num produto nobre, muito acima da m\u00e9dia, sem adi\u00e7\u00f5es prescind\u00edveis e frivolidades pr\u00f3prias da \u00e9poca, esse tempo em que os corantes artificiais eram uma mais-valia, exibida com orgulho num selo dourado em tudo o que era r\u00f3tulo.<\/p>\n<p>Foram os conhecimentos herdados por tradi\u00e7\u00e3o oral. Foi uma acesa paix\u00e3o pela terra e tudo o que a envolve num abra\u00e7o. Foi o desejo de ver reflectida em tons r\u00fabeos do melhor licor de ginja toda uma cultura muito pr\u00f3pria. Neste cume sobranceiro \u00e0 Lagoa de \u00d3bidos cabe um Oeste inteiro. E sabe a Portugal de Outros Tempos.<\/p>\n<p>Oppidum nasce, com a devida humildade, em 1987. N\u00e3o cresceu com desejos de grandeza, mas sim com o refinamento do palato de um p\u00fablico cuja exig\u00eancia cresce na mesma medida de uma oferta cada vez mais vasta. Mas onde a singularidade mingua. Continuar\u00e1 a ser sempre esse o emblema da Oppidum. A melhor entre as melhores. N\u00e3o \u00e9 ouro. \u00c9 carmim.<\/p>\n<\/div>\n<\/div>","protected":false},"excerpt":{"rendered":"<p>\u00d3pido, ou Oppidum, \u00e9 o termo em latim que define uma cidade fortificada ou cidadela. Paradoxalmente, as muralhas que circundam \u00d3bidos s\u00e3o as mesmas que atraem tantos apaixonados. E se todo o Oeste caberia ali dentro, este \u00e9, por outro lado, o seu s\u00edmbolo maior. O patrim\u00f3nio obidense n\u00e3o se esgota no seu castelo. H\u00e1 um brilho singular que refulge numa cultura muito pr\u00f3pria. Tradicionalmente rural, o Oeste \u00e9 o derradeiro Portugal de outros tempos, com as ra\u00edzes mais profundas, que bebem da Hist\u00f3ria e da Tradi\u00e7\u00e3o at\u00e9 dar forma ao que n\u00f3s imaginamos que Portugal foi um dia. H\u00e1 uma esp\u00e9cie de paix\u00e3o perdida no tempo que se readquire por estas paragens. H\u00e1 um amor maior que urge reaprender. \u00d3bidos \u00e9 s\u00f3 um pretexto. Mas cintila como nenhum outro lugar.<\/p>","protected":false},"featured_media":19093,"template":"","meta":{"_exactmetrics_skip_tracking":false,"_exactmetrics_sitenote_active":false,"_exactmetrics_sitenote_note":"","_exactmetrics_sitenote_category":0,"_uf_show_specific_survey":0,"_uf_disable_surveys":false,"iawp_total_views":5},"product_brand":[],"product_cat":[161],"product_tag":[],"class_list":{"0":"post-16300","1":"product","2":"type-product","3":"status-publish","4":"has-post-thumbnail","6":"product_cat-licores","8":"first","9":"instock","10":"shipping-taxable","11":"purchasable","12":"product-type-simple"},"_links":{"self":[{"href":"https:\/\/bracaravinum.pt\/fr\/wp-json\/wp\/v2\/product\/16300","targetHints":{"allow":["GET"]}}],"collection":[{"href":"https:\/\/bracaravinum.pt\/fr\/wp-json\/wp\/v2\/product"}],"about":[{"href":"https:\/\/bracaravinum.pt\/fr\/wp-json\/wp\/v2\/types\/product"}],"wp:featuredmedia":[{"embeddable":true,"href":"https:\/\/bracaravinum.pt\/fr\/wp-json\/wp\/v2\/media\/19093"}],"wp:attachment":[{"href":"https:\/\/bracaravinum.pt\/fr\/wp-json\/wp\/v2\/media?parent=16300"}],"wp:term":[{"taxonomy":"product_brand","embeddable":true,"href":"https:\/\/bracaravinum.pt\/fr\/wp-json\/wp\/v2\/product_brand?post=16300"},{"taxonomy":"product_cat","embeddable":true,"href":"https:\/\/bracaravinum.pt\/fr\/wp-json\/wp\/v2\/product_cat?post=16300"},{"taxonomy":"product_tag","embeddable":true,"href":"https:\/\/bracaravinum.pt\/fr\/wp-json\/wp\/v2\/product_tag?post=16300"}],"curies":[{"name":"wp","href":"https:\/\/api.w.org\/{rel}","templated":true}]}}