{"id":16287,"date":"2022-07-14T14:49:24","date_gmt":"2022-07-14T14:49:24","guid":{"rendered":"https:\/\/bracaravinum.pt\/?post_type=product&#038;p=16287"},"modified":"2023-11-22T22:53:42","modified_gmt":"2023-11-22T22:53:42","slug":"freixo-chardonnay-branco-75cl","status":"publish","type":"product","link":"https:\/\/bracaravinum.pt\/fr\/produit\/freixo-chardonnay-branco-75cl\/","title":{"rendered":"Freixo Chardonnay Branco 2022 75cl"},"content":{"rendered":"<p><img decoding=\"async\" class=\"size-medium wp-image-15908 aligncenter\" src=\"http:\/\/bracaravinum.pt\/wp-content\/uploads\/2020\/03\/logo-freixo-300x47.webp\" alt=\"\" width=\"300\" height=\"47\" srcset=\"https:\/\/bracaravinum.pt\/wp-content\/uploads\/2020\/03\/logo-freixo-300x48.webp 300w, https:\/\/bracaravinum.pt\/wp-content\/uploads\/2020\/03\/logo-freixo-18x3.webp 18w, https:\/\/bracaravinum.pt\/wp-content\/uploads\/2020\/03\/logo-freixo.webp 309w\" sizes=\"(max-width: 300px) 100vw, 300px\" \/><\/p>\n<div id=\"comp-kcc0u0ia\" class=\"_1vNJf\">\n<div class=\"\" data-mesh-id=\"comp-kcc0u0iainlineContent\" data-testid=\"inline-content\">\n<div data-mesh-id=\"comp-kcc0u0iainlineContent-gridContainer\" data-testid=\"mesh-container-content\">\n<div id=\"comp-kcc0v33d\" class=\"_1Q9if\" data-testid=\"richTextElement\">\n<p class=\"font_8\"><span class=\"color_15\">A Herdade do Freixo \u00e9 uma empresa agr\u00edcola do nordeste alentejano, no concelho do Redondo, que centra a sua atividade principal na produ\u00e7\u00e3o de vinho com castas com elevado potencial de adapta\u00e7\u00e3o ao solo e clima da propriedade, inovando nos detalhes produtivos, que d\u00ea car\u00e1cter e savoir faire aos seus vinhos.<\/span><\/p>\n<p class=\"font_8\"><span class=\"color_15\"><span class=\"wixGuard\">\u200b<\/span><\/span><span class=\"color_15\">Com uma dimens\u00e3o de cerca de 300 ha de puro Alentejo, na vila do Freixo, entre a Serra D&#8217;Ossa e \u00c9vora, a sua maior ambi\u00e7\u00e3o \u00e9 a preserva\u00e7\u00e3o genu\u00edna desta paisagem rural e que os seus vinhos transmitam o melhor da ess\u00eancia da sua terra, suas vinhas e o terroir.<\/span><\/p>\n<\/div>\n<\/div>\n<\/div>\n<\/div>\n<div id=\"comp-kcc0ucwu\" class=\"_1vNJf\">\n<div id=\"bgLayers_comp-kcc0ucwu\" class=\"_3wnIc\" data-hook=\"bgLayers\">\n<div id=\"bgMedia_comp-kcc0ucwu\" class=\"_2GUhU\">Esta ambi\u00e7\u00e3o materializa-se com a constru\u00e7\u00e3o de uma adega inovadora \u00fanica na Europa, totalmente subterr\u00e2nea, que n\u00e3o se v\u00ea na paisagem, servindo os prop\u00f3sitos da vinha sem interferir no equil\u00edbrio do ecossistema natural.<\/div>\n<\/div>\n<div class=\"\" data-mesh-id=\"comp-kcc0ucwuinlineContent\" data-testid=\"inline-content\">\n<div data-mesh-id=\"comp-kcc0ucwuinlineContent-gridContainer\" data-testid=\"mesh-container-content\">\n<div id=\"comp-kcc0v9uj\" class=\"_1Q9if\" data-testid=\"richTextElement\">\n<p class=\"font_8\"><span class=\"color_15\">Um projeto inovador, onde predomina o respeito pela natureza e um terroir atrativo que se expressa nos seus vinhos.<\/span><\/p>\n<\/div>\n<\/div>\n<\/div>\n<\/div>","protected":false},"excerpt":{"rendered":"<div id=\"comp-ke8gv8x4\" class=\"_1ncY2\" data-angle=\"0\" data-angle-style-location=\"style\" data-screen-in-hide=\"done\">\n<div class=\"\" data-mesh-id=\"comp-ke8gv8x4inlineContent\" data-testid=\"inline-content\">\n<div data-mesh-id=\"comp-ke8gv8x4inlineContent-gridContainer\" data-testid=\"mesh-container-content\">\n<div id=\"comp-ke8gv8ye\" class=\"_1Q9if _3bcaz\" data-testid=\"richTextElement\">\n<p class=\"font_8\"><span class=\"color_15\"><span>Temperatura ideal de consumo a 10\u00baC. Acompanha tanto pratos simples de peixe fresco, saladas e carnes brancas, como gastronomia de forte intensidade arom\u00e1tica oriental e assados \u200b\u200be estufados mediterr\u00e2nicos.\u00a0Combinado tamb\u00e9m com sushi e pratos de fus\u00e3o delicados, harmoniza os aromas e sabores de forma complementar e equilibrada.<\/span><\/span><\/p>\n<\/div>\n<\/div>\n<\/div>\n<\/div>\n<div id=\"comp-ke8gz8u7\" class=\"_1ncY2\" data-angle=\"0\" data-angle-style-location=\"style\" data-screen-in-hide=\"done\">\n<div class=\"\" data-mesh-id=\"comp-ke8gz8u7inlineContent\" data-testid=\"inline-content\">\n<div data-mesh-id=\"comp-ke8gz8u7inlineContent-gridContainer\" data-testid=\"mesh-container-content\">\n<div id=\"comp-ke8gz8v6\" class=\"_1Q9if _3bcaz\" data-testid=\"richTextElement\">\n<p class=\"font_6\"><span style=\"font-size: 16px;\">Reflete toda a profundidade arom\u00e1tica da casta Chardonnay, mas com forte influ\u00eancia do Terroir do Freixo. <\/span><span style=\"font-size: 16px;\">\u00c9 um vinho rico e expressivo, de cor dourada e brilhante.\u00a0<\/span><span style=\"font-size: 16px;\">As notas de mineralidade destacam-se em harmonia com as frutas tropicais frescas e a discreta tosta da madeira.\u00a0<\/span><span style=\"font-size: 16px;\">Na boca \u00e9 amplo, com p\u00eassego branco, anan\u00e1s, marmelo e com final amanteigado.\u00a0<\/span><span style=\"font-size: 16px;\">A acidez ideal equilibra-o e d\u00e1-lhe tempo de degusta\u00e7\u00e3o.<\/span><\/p>\n<\/div>\n<\/div>\n<\/div>\n<\/div>","protected":false},"featured_media":16288,"template":"","meta":{"_exactmetrics_skip_tracking":false,"_exactmetrics_sitenote_active":false,"_exactmetrics_sitenote_note":"","_exactmetrics_sitenote_category":0,"_uf_show_specific_survey":0,"_uf_disable_surveys":false,"iawp_total_views":49},"product_brand":[],"product_cat":[189,185,157],"product_tag":[],"class_list":{"0":"post-16287","1":"product","2":"type-product","3":"status-publish","4":"has-post-thumbnail","6":"product_cat-alentejo-branco","7":"product_cat-branco","8":"product_cat-vinhos","10":"first","11":"instock","12":"shipping-taxable","13":"purchasable","14":"product-type-simple"},"_links":{"self":[{"href":"https:\/\/bracaravinum.pt\/fr\/wp-json\/wp\/v2\/product\/16287","targetHints":{"allow":["GET"]}}],"collection":[{"href":"https:\/\/bracaravinum.pt\/fr\/wp-json\/wp\/v2\/product"}],"about":[{"href":"https:\/\/bracaravinum.pt\/fr\/wp-json\/wp\/v2\/types\/product"}],"wp:featuredmedia":[{"embeddable":true,"href":"https:\/\/bracaravinum.pt\/fr\/wp-json\/wp\/v2\/media\/16288"}],"wp:attachment":[{"href":"https:\/\/bracaravinum.pt\/fr\/wp-json\/wp\/v2\/media?parent=16287"}],"wp:term":[{"taxonomy":"product_brand","embeddable":true,"href":"https:\/\/bracaravinum.pt\/fr\/wp-json\/wp\/v2\/product_brand?post=16287"},{"taxonomy":"product_cat","embeddable":true,"href":"https:\/\/bracaravinum.pt\/fr\/wp-json\/wp\/v2\/product_cat?post=16287"},{"taxonomy":"product_tag","embeddable":true,"href":"https:\/\/bracaravinum.pt\/fr\/wp-json\/wp\/v2\/product_tag?post=16287"}],"curies":[{"name":"wp","href":"https:\/\/api.w.org\/{rel}","templated":true}]}}