{"id":16133,"date":"2022-06-07T08:15:38","date_gmt":"2022-06-07T08:15:38","guid":{"rendered":"https:\/\/bracaravinum.pt\/?post_type=product&#038;p=16133"},"modified":"2023-04-24T11:00:48","modified_gmt":"2023-04-24T11:00:48","slug":"vale-da-calada-branco-75cl","status":"publish","type":"product","link":"https:\/\/bracaravinum.pt\/fr\/produto\/vale-da-calada-branco-75cl\/","title":{"rendered":"Vale da Calada Branco 2022 75cl"},"content":{"rendered":"<p><img fetchpriority=\"high\" decoding=\"async\" class=\"size-medium wp-image-16136 aligncenter\" src=\"http:\/\/bracaravinum.pt\/wp-content\/uploads\/2022\/06\/herdade-da-calada-logo-271x300.png\" alt=\"\" width=\"271\" height=\"300\" srcset=\"https:\/\/bracaravinum.pt\/wp-content\/uploads\/2022\/06\/herdade-da-calada-logo-271x300.png 271w, https:\/\/bracaravinum.pt\/wp-content\/uploads\/2022\/06\/herdade-da-calada-logo-11x12.png 11w, https:\/\/bracaravinum.pt\/wp-content\/uploads\/2022\/06\/herdade-da-calada-logo.png 427w\" sizes=\"(max-width: 271px) 100vw, 271px\" \/><\/p>\n<p class=\"shortcode1-2\">Fond\u00e9e en 1854 par les descendants du duc de Lencastre, entour\u00e9e de ch\u00eanes-li\u00e8ges et d&#039;eucalyptus d&#039;Australie, Herdade da Calada est cach\u00e9e parmi les douces collines de l&#039;Alentejo. Au fil des ann\u00e9es, il a fait l&#039;objet de plusieurs interventions et am\u00e9liorations, mais il pr\u00e9serve la beaut\u00e9 et l&#039;\u00e9l\u00e9gance de la conception originale du b\u00e2timent principal et c&#039;est aujourd&#039;hui l&#039;un des domaines viticoles les plus modernes et innovants du Portugal, avec une unit\u00e9 oenotouristique. , 35 hectares de vignes, 110 hectares d&#039;oliviers, 60 de c\u00e9r\u00e9ales, 215 de for\u00eats de ch\u00eanes-li\u00e8ges et un magnifique h\u00e9bergement.<\/p>","protected":false},"excerpt":{"rendered":"<p>Castas: Verdelho e Ant\u00e3o Vaz<\/p>","protected":false},"featured_media":16135,"template":"","meta":{"_exactmetrics_skip_tracking":false,"_exactmetrics_sitenote_active":false,"_exactmetrics_sitenote_note":"","_exactmetrics_sitenote_category":0,"_uf_show_specific_survey":0,"_uf_disable_surveys":false,"iawp_total_views":2},"product_brand":[],"product_cat":[189,185,157],"product_tag":[],"class_list":{"0":"post-16133","1":"product","2":"type-product","3":"status-publish","4":"has-post-thumbnail","6":"product_cat-alentejo-branco","7":"product_cat-branco","8":"product_cat-vinhos","10":"first","11":"instock","12":"shipping-taxable","13":"purchasable","14":"product-type-simple"},"_links":{"self":[{"href":"https:\/\/bracaravinum.pt\/fr\/wp-json\/wp\/v2\/product\/16133","targetHints":{"allow":["GET"]}}],"collection":[{"href":"https:\/\/bracaravinum.pt\/fr\/wp-json\/wp\/v2\/product"}],"about":[{"href":"https:\/\/bracaravinum.pt\/fr\/wp-json\/wp\/v2\/types\/product"}],"wp:featuredmedia":[{"embeddable":true,"href":"https:\/\/bracaravinum.pt\/fr\/wp-json\/wp\/v2\/media\/16135"}],"wp:attachment":[{"href":"https:\/\/bracaravinum.pt\/fr\/wp-json\/wp\/v2\/media?parent=16133"}],"wp:term":[{"taxonomy":"product_brand","embeddable":true,"href":"https:\/\/bracaravinum.pt\/fr\/wp-json\/wp\/v2\/product_brand?post=16133"},{"taxonomy":"product_cat","embeddable":true,"href":"https:\/\/bracaravinum.pt\/fr\/wp-json\/wp\/v2\/product_cat?post=16133"},{"taxonomy":"product_tag","embeddable":true,"href":"https:\/\/bracaravinum.pt\/fr\/wp-json\/wp\/v2\/product_tag?post=16133"}],"curies":[{"name":"wp","href":"https:\/\/api.w.org\/{rel}","templated":true}]}}