{"id":16090,"date":"2022-05-20T18:00:02","date_gmt":"2022-05-20T18:00:02","guid":{"rendered":"https:\/\/bracaravinum.pt\/?post_type=product&#038;p=16090"},"modified":"2024-10-24T17:43:50","modified_gmt":"2024-10-24T17:43:50","slug":"montes-ermos-reserva-dos-socios-tinto-75cl","status":"publish","type":"product","link":"https:\/\/bracaravinum.pt\/fr\/produit\/montes-ermos-reserva-dos-socios-tinto-75cl\/","title":{"rendered":"Montes Ermos Reserva dos S\u00f3cios Tinto 2019 75cl"},"content":{"rendered":"<p>Nas vinhas de Freixo de Espada \u00e0 Cinta s\u00e3o seleccionadas e vindimadas as uvas das castas Touriga Nacional, Tinta Roriz e Touriga Franca que depois de uma cuidada vinifica\u00e7\u00e3o produzem este vinho que transporta em si o \u201cterroir\u201d Freixenista.<\/p>\n<p>Vinho jovem e frutado com notas de especiarias com est\u00e1gio curto em madeira, ideal para momentos de lazer e acompanhamento gastron\u00f3mico.<\/p>","protected":false},"excerpt":{"rendered":"<p>C\u00e9pages : Touriga Nacional, Tinta Roriz et Touriga Franca<\/p>\n<p>Cor vermelho violeta profundo claro com um toque de p\u00farpura. No nariz \u00e9 doce e elegante, muito intenso, revelando grande complexidade arom\u00e1tica. A frescura das notas florais e de bergamota est\u00e1 em equil\u00edbrio com os frutos pretos e a flora da regi\u00e3o, esteva e alecrim, muito t\u00edpicos do Douro Superior. O envelhecimento em barricas novas, contribuiu para real\u00e7ar toda a riqueza arom\u00e1tica, apresentando discretas notas de torrefa\u00e7\u00e3o, baunilha e tosta. Na boca apresenta extrema eleg\u00e2ncia e intensidade, aveludado, volumoso e muito estruturado. Apresenta taninos suaves e de qualidade que lhe conferem uma grande alma, o final \u00e9 frutado, intenso, persistente e de grande finura.<\/p>","protected":false},"featured_media":16091,"template":"","meta":{"_exactmetrics_skip_tracking":false,"_exactmetrics_sitenote_active":false,"_exactmetrics_sitenote_note":"","_exactmetrics_sitenote_category":0,"_uf_show_specific_survey":0,"_uf_disable_surveys":false,"iawp_total_views":61},"product_brand":[],"product_cat":[215,184,157],"product_tag":[],"class_list":{"0":"post-16090","1":"product","2":"type-product","3":"status-publish","4":"has-post-thumbnail","6":"product_cat-douro","7":"product_cat-tinto","8":"product_cat-vinhos","10":"first","11":"instock","12":"shipping-taxable","13":"purchasable","14":"product-type-simple"},"_links":{"self":[{"href":"https:\/\/bracaravinum.pt\/fr\/wp-json\/wp\/v2\/product\/16090","targetHints":{"allow":["GET"]}}],"collection":[{"href":"https:\/\/bracaravinum.pt\/fr\/wp-json\/wp\/v2\/product"}],"about":[{"href":"https:\/\/bracaravinum.pt\/fr\/wp-json\/wp\/v2\/types\/product"}],"wp:featuredmedia":[{"embeddable":true,"href":"https:\/\/bracaravinum.pt\/fr\/wp-json\/wp\/v2\/media\/16091"}],"wp:attachment":[{"href":"https:\/\/bracaravinum.pt\/fr\/wp-json\/wp\/v2\/media?parent=16090"}],"wp:term":[{"taxonomy":"product_brand","embeddable":true,"href":"https:\/\/bracaravinum.pt\/fr\/wp-json\/wp\/v2\/product_brand?post=16090"},{"taxonomy":"product_cat","embeddable":true,"href":"https:\/\/bracaravinum.pt\/fr\/wp-json\/wp\/v2\/product_cat?post=16090"},{"taxonomy":"product_tag","embeddable":true,"href":"https:\/\/bracaravinum.pt\/fr\/wp-json\/wp\/v2\/product_tag?post=16090"}],"curies":[{"name":"wp","href":"https:\/\/api.w.org\/{rel}","templated":true}]}}