{"id":15870,"date":"2022-04-11T16:32:37","date_gmt":"2022-04-11T16:32:37","guid":{"rendered":"https:\/\/bracaravinum.pt\/?post_type=product&#038;p=15870"},"modified":"2025-04-26T10:15:58","modified_gmt":"2025-04-26T10:15:58","slug":"javardo-tinto-75cl","status":"publish","type":"product","link":"https:\/\/bracaravinum.pt\/fr\/produit\/javardo-tinto-75cl\/","title":{"rendered":"Javardo Rouge 2019 75cl"},"content":{"rendered":"<p><img fetchpriority=\"high\" decoding=\"async\" class=\"size-full wp-image-15872 aligncenter\" src=\"http:\/\/bracaravinum.pt\/wp-content\/uploads\/2022\/04\/LOGO_valle-madruga-1.png\" alt=\"\" width=\"225\" height=\"225\" srcset=\"https:\/\/bracaravinum.pt\/wp-content\/uploads\/2022\/04\/LOGO_valle-madruga-1.png 225w, https:\/\/bracaravinum.pt\/wp-content\/uploads\/2022\/04\/LOGO_valle-madruga-1-150x150.png 150w, https:\/\/bracaravinum.pt\/wp-content\/uploads\/2022\/04\/LOGO_valle-madruga-1-12x12.png 12w, https:\/\/bracaravinum.pt\/wp-content\/uploads\/2022\/04\/LOGO_valle-madruga-1-100x100.png 100w\" sizes=\"(max-width: 225px) 100vw, 225px\" \/><\/p>\n<p>Le lien ancestral de la famille avec l&#039;agriculture est ce qui a rassembl\u00e9 la g\u00e9n\u00e9ration actuelle pour qu&#039;elle adh\u00e8re \u00e0 ce projet. Le lien d&#039;El\u00f3i avec ce projet vient avant tout du milieu familial, o\u00f9 ses parents et grands-parents vivaient dans une oliveraie et aujourd&#039;hui, Tiago et Andr\u00e9l\u00f3i Ribeiro, ses enfants, avec la famille viticole Ribeiro sont les visages de la famille Ribeiro sans les visages. de la famille. pas de d\u00e9veloppement de projet. Tiago \u2013 responsable de la gestion de l&#039;entreprise sur le territoire, ing\u00e9nieur en m\u00e9canique et titulaire d&#039;un MBA en finances nationales. Avant de se lancer dans l&#039;industrie, il a travaill\u00e9 comme consultant strat\u00e9gique dans des projets de construction et de gestion pour des entreprises du secteur industriel.<\/p>\n<p>Andr\u00e9 \u2013 responsable de la gestion des affaires internationales, est ing\u00e9nieur civil et titulaire d&#039;un MBA en gestion d&#039;entreprise. Au cours de sa carri\u00e8re professionnelle, il a si\u00e9g\u00e9 d\u00e8s son plus jeune \u00e2ge au conseil d&#039;administration d&#039;entreprises au Portugal et au Mozambique.<\/p>\n<p>La DIRECTION de Quinta Valle Madruga est de concevoir des produits nettement sup\u00e9rieurs dans les domaines viticole et ol\u00e9icole, faisant conna\u00eetre les c\u00e9pages r\u00e9gionaux en termes de vin, Alvarinho, C\u00f4dega de Larinho, Fern\u00e3o Pires, Gouveio, Malvasia Fina, Moscatel blanc Galego et Viosinho dans le blanc et Aragonez (Tinta Roriz), Bastardo, Tinta Barroca, Tinta Amarela, Touriga Nacional et Touriga Franca (fran\u00e7ais).<\/p>","protected":false},"excerpt":{"rendered":"<p>Vinho obtido atrav\u00e9s de castas t\u00edpicas da regi\u00e3o.<\/p>\n<p>Cor\u00a0| Rubi n\u00e3o opaco, com alguns brilhos luminosos.<br \/>\nNariz\u00a0| Aroma com toques de especiarias da casta predominante e alguns frutos vermelhos.<br \/>\nBoca\u00a0| Fresco com alguma estrutura, tornando-o elegante.<\/p>","protected":false},"featured_media":15873,"template":"","meta":{"_exactmetrics_skip_tracking":false,"_exactmetrics_sitenote_active":false,"_exactmetrics_sitenote_note":"","_exactmetrics_sitenote_category":0,"_uf_show_specific_survey":0,"_uf_disable_surveys":false,"iawp_total_views":24},"product_brand":[],"product_cat":[157,184,212],"product_tag":[],"class_list":{"0":"post-15870","1":"product","2":"type-product","3":"status-publish","4":"has-post-thumbnail","6":"product_cat-vinhos","7":"product_cat-tinto","8":"product_cat-tras-os-montes","10":"first","11":"instock","12":"shipping-taxable","13":"purchasable","14":"product-type-simple"},"_links":{"self":[{"href":"https:\/\/bracaravinum.pt\/fr\/wp-json\/wp\/v2\/product\/15870","targetHints":{"allow":["GET"]}}],"collection":[{"href":"https:\/\/bracaravinum.pt\/fr\/wp-json\/wp\/v2\/product"}],"about":[{"href":"https:\/\/bracaravinum.pt\/fr\/wp-json\/wp\/v2\/types\/product"}],"wp:featuredmedia":[{"embeddable":true,"href":"https:\/\/bracaravinum.pt\/fr\/wp-json\/wp\/v2\/media\/15873"}],"wp:attachment":[{"href":"https:\/\/bracaravinum.pt\/fr\/wp-json\/wp\/v2\/media?parent=15870"}],"wp:term":[{"taxonomy":"product_brand","embeddable":true,"href":"https:\/\/bracaravinum.pt\/fr\/wp-json\/wp\/v2\/product_brand?post=15870"},{"taxonomy":"product_cat","embeddable":true,"href":"https:\/\/bracaravinum.pt\/fr\/wp-json\/wp\/v2\/product_cat?post=15870"},{"taxonomy":"product_tag","embeddable":true,"href":"https:\/\/bracaravinum.pt\/fr\/wp-json\/wp\/v2\/product_tag?post=15870"}],"curies":[{"name":"wp","href":"https:\/\/api.w.org\/{rel}","templated":true}]}}