{"id":15651,"date":"2022-03-09T15:24:04","date_gmt":"2022-03-09T15:24:04","guid":{"rendered":"https:\/\/bracaravinum.pt\/?post_type=product&#038;p=15651"},"modified":"2023-09-22T11:22:26","modified_gmt":"2023-09-22T11:22:26","slug":"quinta-da-pedra-alta-tinto-75cl","status":"publish","type":"product","link":"https:\/\/bracaravinum.pt\/fr\/produit\/quinta-da-pedra-alta-tinto-75cl\/","title":{"rendered":"Quinta da Pedra Alta Tinto 2019 75cl"},"content":{"rendered":"<p><img decoding=\"async\" class=\"size-medium wp-image-15646 aligncenter\" src=\"http:\/\/bracaravinum.pt\/wp-content\/uploads\/2022\/03\/qta-da-pedra-alta-logo-300x153.png\" alt=\"\" width=\"300\" height=\"153\" srcset=\"https:\/\/bracaravinum.pt\/wp-content\/uploads\/2022\/03\/qta-da-pedra-alta-logo-300x153.png 300w, https:\/\/bracaravinum.pt\/wp-content\/uploads\/2022\/03\/qta-da-pedra-alta-logo-1024x523.png 1024w, https:\/\/bracaravinum.pt\/wp-content\/uploads\/2022\/03\/qta-da-pedra-alta-logo-768x392.png 768w, https:\/\/bracaravinum.pt\/wp-content\/uploads\/2022\/03\/qta-da-pedra-alta-logo-1536x784.png 1536w, https:\/\/bracaravinum.pt\/wp-content\/uploads\/2022\/03\/qta-da-pedra-alta-logo-2048x1046.png 2048w, https:\/\/bracaravinum.pt\/wp-content\/uploads\/2022\/03\/qta-da-pedra-alta-logo-18x9.png 18w, https:\/\/bracaravinum.pt\/wp-content\/uploads\/2022\/03\/qta-da-pedra-alta-logo-600x306.png 600w\" sizes=\"(max-width: 300px) 100vw, 300px\" \/><\/p>\n<p class=\"bigger-text bigger-text--italic\">&quot;Quinta da Pedra Alta est un domaine viticole situ\u00e9 \u00e0 Soutelinho, Favaios pr\u00e8s d&#039;Alij\u00f3, dans la sous-r\u00e9gion de Cima Corgo de la vall\u00e9e du Douro, au Portugal.&quot;<\/p>\n<p class=\"big-text\">La Quinta da Pedra Alta est la seule du Douro \u00e0 poss\u00e9der trois monuments en granit (Marcos Pombalinos) sur sa propri\u00e9t\u00e9. Celles-ci furent attribu\u00e9es aux meilleures terres lors de la d\u00e9marcation de la r\u00e9gion viticole de Porto en 1761.<\/p>\n<p>&nbsp;<\/p>","protected":false},"excerpt":{"rendered":"<p>Castas: Touriga Nacional (54%),\u00a0Touriga Franca (26%),\u00a0Tinta Barroca (18%) e Sous\u00e3o (2%)<\/p>\n<p>Vinho equilibrado, com estrutura e intenso em fruta feito a partir de uma mistura de castas ind\u00edgenas cultivadas nos solos de xisto das nossas vinhas em socalcos.<\/p>\n<p>Fruta vermelha, boa estrutura, acidez equilibrada e um final longo.<\/p>","protected":false},"featured_media":15652,"template":"","meta":{"_exactmetrics_skip_tracking":false,"_exactmetrics_sitenote_active":false,"_exactmetrics_sitenote_note":"","_exactmetrics_sitenote_category":0,"_uf_show_specific_survey":0,"_uf_disable_surveys":false,"iawp_total_views":102},"product_brand":[],"product_cat":[157,184,215],"product_tag":[],"class_list":{"0":"post-15651","1":"product","2":"type-product","3":"status-publish","4":"has-post-thumbnail","6":"product_cat-vinhos","7":"product_cat-tinto","8":"product_cat-douro","10":"first","11":"instock","12":"shipping-taxable","13":"purchasable","14":"product-type-simple"},"_links":{"self":[{"href":"https:\/\/bracaravinum.pt\/fr\/wp-json\/wp\/v2\/product\/15651","targetHints":{"allow":["GET"]}}],"collection":[{"href":"https:\/\/bracaravinum.pt\/fr\/wp-json\/wp\/v2\/product"}],"about":[{"href":"https:\/\/bracaravinum.pt\/fr\/wp-json\/wp\/v2\/types\/product"}],"wp:featuredmedia":[{"embeddable":true,"href":"https:\/\/bracaravinum.pt\/fr\/wp-json\/wp\/v2\/media\/15652"}],"wp:attachment":[{"href":"https:\/\/bracaravinum.pt\/fr\/wp-json\/wp\/v2\/media?parent=15651"}],"wp:term":[{"taxonomy":"product_brand","embeddable":true,"href":"https:\/\/bracaravinum.pt\/fr\/wp-json\/wp\/v2\/product_brand?post=15651"},{"taxonomy":"product_cat","embeddable":true,"href":"https:\/\/bracaravinum.pt\/fr\/wp-json\/wp\/v2\/product_cat?post=15651"},{"taxonomy":"product_tag","embeddable":true,"href":"https:\/\/bracaravinum.pt\/fr\/wp-json\/wp\/v2\/product_tag?post=15651"}],"curies":[{"name":"wp","href":"https:\/\/api.w.org\/{rel}","templated":true}]}}