{"id":14956,"date":"2022-01-25T19:03:40","date_gmt":"2022-01-25T19:03:40","guid":{"rendered":"https:\/\/bracaravinum.pt\/?post_type=product&#038;p=14956"},"modified":"2023-09-06T11:08:48","modified_gmt":"2023-09-06T11:08:48","slug":"encostas-do-mouro-premium-alvarinho-branco-75cl","status":"publish","type":"product","link":"https:\/\/bracaravinum.pt\/fr\/produit\/encostas-do-mouro-premium-alvarinho-branco-75cl\/","title":{"rendered":"Encostas do Mouro Premium Alvarinho Blanc 2021 75cl"},"content":{"rendered":"<p><img decoding=\"async\" class=\"size-full wp-image-14957 aligncenter\" src=\"http:\/\/bracaravinum.pt\/wp-content\/uploads\/2022\/01\/logo-encostas-do-mouro.png\" alt=\"\" width=\"80\" height=\"86\" \/><\/p>\n<p>A Encostas do Mouro surgiu da vontade de tr\u00eas minhotos darem corpo \u00e0s aprendizagens adquiridas, ao longo de diversos anos, na produ\u00e7\u00e3o de vinho, realizada em ambiente familiar. Desde h\u00e1 muito assessorados pelo En\u00f3logo Jos\u00e9 Vilarinho, decidem em 2018 dar este passo e criar esta marca.<\/p>\n<p>No cora\u00e7\u00e3o da sub-regi\u00e3o de Mon\u00e7\u00e3o e Melga\u00e7o, onde as uvas da casta Alvarinho s\u00e3o ra\u00ednhas, constroem adega de onde, em 2020, saem as primeiras garrafas de vinho branco e ros\u00e9.<\/p>","protected":false},"excerpt":{"rendered":"<p>Fruto de um acumular de anos de experi\u00eancia e aperfei\u00e7oamento constante apresentamos este vinho monovarietal, produzido exclusivamente com uvas da casta Alvarinho, com frescura arom\u00e1tica e sabor intenso caracter\u00edstico da casta.<\/p>\n<p>Aspeto amarelo citrino e aroma intenso e tropical com notas minerais.<\/p>\n<p>Ideal para aperitivo ou para acompanhar pratos de marisco, peixe ou carnes brancas.<\/p>\n<p>Medalha de prata no Concurso Vinhos de Portugal 2021<\/p>","protected":false},"featured_media":14958,"template":"","meta":{"_exactmetrics_skip_tracking":false,"_exactmetrics_sitenote_active":false,"_exactmetrics_sitenote_note":"","_exactmetrics_sitenote_category":0,"_uf_show_specific_survey":0,"_uf_disable_surveys":false,"iawp_total_views":42},"product_brand":[],"product_cat":[185,157,206],"product_tag":[],"class_list":{"0":"post-14956","1":"product","2":"type-product","3":"status-publish","4":"has-post-thumbnail","6":"product_cat-branco","7":"product_cat-vinhos","8":"product_cat-vinhos-verdes","10":"first","11":"instock","12":"shipping-taxable","13":"purchasable","14":"product-type-simple"},"_links":{"self":[{"href":"https:\/\/bracaravinum.pt\/fr\/wp-json\/wp\/v2\/product\/14956","targetHints":{"allow":["GET"]}}],"collection":[{"href":"https:\/\/bracaravinum.pt\/fr\/wp-json\/wp\/v2\/product"}],"about":[{"href":"https:\/\/bracaravinum.pt\/fr\/wp-json\/wp\/v2\/types\/product"}],"wp:featuredmedia":[{"embeddable":true,"href":"https:\/\/bracaravinum.pt\/fr\/wp-json\/wp\/v2\/media\/14958"}],"wp:attachment":[{"href":"https:\/\/bracaravinum.pt\/fr\/wp-json\/wp\/v2\/media?parent=14956"}],"wp:term":[{"taxonomy":"product_brand","embeddable":true,"href":"https:\/\/bracaravinum.pt\/fr\/wp-json\/wp\/v2\/product_brand?post=14956"},{"taxonomy":"product_cat","embeddable":true,"href":"https:\/\/bracaravinum.pt\/fr\/wp-json\/wp\/v2\/product_cat?post=14956"},{"taxonomy":"product_tag","embeddable":true,"href":"https:\/\/bracaravinum.pt\/fr\/wp-json\/wp\/v2\/product_tag?post=14956"}],"curies":[{"name":"wp","href":"https:\/\/api.w.org\/{rel}","templated":true}]}}